{"id":13296,"date":"2026-02-03T04:28:17","date_gmt":"2026-02-03T03:28:17","guid":{"rendered":"https:\/\/shop.wagenthaler.com\/produkt\/kw-ddc-plug-play-gewindefahrwerk-fuer-bmw-3er-g20-g80-g3l-11-2018\/"},"modified":"2026-04-03T05:16:21","modified_gmt":"2026-04-03T03:16:21","slug":"kw-ddc-plug-play-gewindefahrwerk-fuer-bmw-3er-g20-g80-g3l-11-2018","status":"publish","type":"product","link":"https:\/\/wagenthaler.com\/shop\/kw-ddc-plug-play-gewindefahrwerk-fuer-bmw-3er-g20-g80-g3l-11-2018\/","title":{"rendered":"KW DDC &#8211; Plug &amp; Play Gewindefahrwerk f\u00fcr BMW 3er (G20, G80) G3L 11\/2018-"},"content":{"rendered":"<p><b>Die _&#8220;_&#8220;Plug &amp; Play_&#8220;_&#8220; L\u00f6sung f\u00fcr Fahrzeuge, welche \u00fcber eine serienm\u00e4\u00dfige elektronische D\u00e4mpferverstellung verf\u00fcgen.<\/b><br \/>KW bietet Ihnen auch die M\u00f6glichkeit, die aktive Serien-D\u00e4mpfersteuerung Ihres sportlichen Fahrzeugs mit dem in Edelstahl gefertigten KW DDC Plug &amp; Play Gewindefahrwerk zu kombinieren. So k\u00f6nnen Sie in Verbindung mit einer stufenlosen Tieferlegung die vorhandene aktive D\u00e4mpfersteuerung in Ihrem Automobil wie etwa VW Scirocco, VW Golf VI, VW Passat, BMW Dreier und anderen Modellen weiter nutzen.<br \/>Das Beste daran: Bis auf den Austausch des adaptiven Serienfahrwerks gegen das KW DDC Plug &amp; Play Gewindefahrwerk sind keine weiteren Umbauschritte oder gar Modifikationen an der Bordelektronik notwendig. \u00dcber die KW DDC Steckverbindung werden die adaptiven KW D\u00e4mpfer einfach mit den originalen Steckern Ihres Automobilherstellers verbunden. Anschlie\u00dfend \u00fcbernimmt das Seriensteuerger\u00e4t die Regelung und Steuerung des KW DDC Plug &amp; Play Gewindefahrwerks.<\/p>\n<p>Perfekte Symbiose einer OEM-Steuerung mit den Vorteilen eines adaptiven KW Gewindefahrwerks<br \/>Unsere Fahrwerktechnologie ist mit der Elektronik verschiedener Automobilhersteller kompatibel. Dadurch wird das adaptive KW DDC Plug &amp; Play Gewindefahrwerk sofort von der Bordelektronik erkannt. So bleiben alle Anzeigen und Bedienelemente Ihres Serienfahrzeugs voll funktionsf\u00e4hig und kombinieren die Vorteile eines adaptiven D\u00e4mpfungssystems mit einer stilechten und sportlichen Tieferlegung eines hochwertigen KW Gewindefahrwerks. Durch die ausschlie\u00dfliche Verwendung von rostfreiem Edelstahl und langlebigen Komponenten bleibt die Funktionsweise der rostfreien KW Gewindefahrwerke unter allen Witterungsbedingungen erhalten. \u00dcber das schmutzunempfindliche Trapezgewinde und den Polyamid-Gewindering ist auch die Verstellung zum Beispiel nach einem schneereichen Winter m\u00f6glich. Bei einem Salzspr\u00fchnebelversuch entstand an den KW Gewindefederbeinen keine Oxidation. So wird auch nach Jahren das Einstellen der stufenlosen Tieferlegung nicht beeintr\u00e4chtigt.<\/p>\n<p>&#8211; die Plug &amp; Play L\u00f6sung f\u00fcr Sportlichkeit oder mehr Fahrkomfort auf Knopfdruck mit herausragender Optik durch eine stufenlose Tieferlegung<br \/>&#8211; kompatibel mit der Serien-Fahrwerksteuerung<br \/>&#8211; fahrzeugspezifische D\u00e4mpfersetups wie etwa Comfort \/ Normal \/ Sport<br \/>&#8211; Bedienung \u00fcber Serientaster im Innenraum<\/p>\n","protected":false},"excerpt":{"rendered":"<p>Elektronische D\u00e4mpferregelung. Plug &amp; Play L\u00f6sung f\u00fcr den BMW.<\/p>\n<ul class='kw-specs'>\n<li><strong>Tieferlegung:<\/strong> VA 40-60mm \/ HA 40-60 mm<\/li>\n<li><strong>Material:<\/strong> Edelstahl<\/li>\n<\/ul>\n<p><em>Jetzt konfigurieren!<\/em><\/p>\n","protected":false},"featured_media":8713,"comment_status":"open","ping_status":"closed","template":"","meta":[],"product_brand":[],"product_cat":[17,949],"product_tag":[],"class_list":{"0":"post-13296","1":"product","2":"type-product","3":"status-publish","4":"has-post-thumbnail","6":"product_cat-bmw","7":"product_cat-kw-fahrwerk","9":"first","10":"instock","11":"taxable","12":"shipping-taxable","13":"purchasable","14":"product-type-variable"},"_links":{"self":[{"href":"https:\/\/wagenthaler.com\/shop\/wp-json\/wp\/v2\/product\/13296","targetHints":{"allow":["GET"]}}],"collection":[{"href":"https:\/\/wagenthaler.com\/shop\/wp-json\/wp\/v2\/product"}],"about":[{"href":"https:\/\/wagenthaler.com\/shop\/wp-json\/wp\/v2\/types\/product"}],"replies":[{"embeddable":true,"href":"https:\/\/wagenthaler.com\/shop\/wp-json\/wp\/v2\/comments?post=13296"}],"wp:featuredmedia":[{"embeddable":true,"href":"https:\/\/wagenthaler.com\/shop\/wp-json\/wp\/v2\/media\/8713"}],"wp:attachment":[{"href":"https:\/\/wagenthaler.com\/shop\/wp-json\/wp\/v2\/media?parent=13296"}],"wp:term":[{"taxonomy":"product_brand","embeddable":true,"href":"https:\/\/wagenthaler.com\/shop\/wp-json\/wp\/v2\/product_brand?post=13296"},{"taxonomy":"product_cat","embeddable":true,"href":"https:\/\/wagenthaler.com\/shop\/wp-json\/wp\/v2\/product_cat?post=13296"},{"taxonomy":"product_tag","embeddable":true,"href":"https:\/\/wagenthaler.com\/shop\/wp-json\/wp\/v2\/product_tag?post=13296"}],"curies":[{"name":"wp","href":"https:\/\/api.w.org\/{rel}","templated":true}]}}