{"id":13851,"date":"2026-02-03T04:41:03","date_gmt":"2026-02-03T03:41:03","guid":{"rendered":"https:\/\/shop.wagenthaler.com\/produkt\/st-xta-plus-3-gewindefahrwerk-fuer-bmw-3er-cabriolet-e36-3b-3-b-3-r-m3-b-m3-b-03-1993-11-1999\/"},"modified":"2026-04-03T05:19:19","modified_gmt":"2026-04-03T03:19:19","slug":"st-xta-plus-3-gewindefahrwerk-fuer-bmw-3er-cabriolet-e36-3b-3-b-3-r-m3-b-m3-b-03-1993-11-1999","status":"publish","type":"product","link":"https:\/\/wagenthaler.com\/shop\/st-xta-plus-3-gewindefahrwerk-fuer-bmw-3er-cabriolet-e36-3b-3-b-3-r-m3-b-m3-b-03-1993-11-1999\/","title":{"rendered":"ST XTA plus 3 Gewindefahrwerk f\u00fcr BMW 3er Cabriolet (E36) 3B, 3\/B, 3\/R, M3 B, M3\/B 03\/1993-11\/1999"},"content":{"rendered":"<p>Das ST XTA plus 3 Gewindefahrwerk verleiht Deinem Wagen die maximale Performance f\u00fcr die Stra\u00dfe und wappnet Dich f\u00fcr jede Herausforderung.<\/p>\n<p>Ab Werk verf\u00fcgt das ST XTA plus 3 Gewindefahrwerk \u00fcber in der Low- und Highspeed-Druckstufe und Zugstufe einstellbare KW D\u00e4mpfer. Mit jeweils 24 Klicks in der Druckstufe (Low- und Highspeed) und 16 Klicks in der Lowspeed-Zugstufe, kannst Du jede Performance-Modifikation an Deinem Projektfahrzeug ber\u00fccksichtigen. Ob nachger\u00fcsteter \u00dcberrollb\u00fcgel, eingeschwei\u00dfte Sicherheitszelle, Wechsel auf PU-Buchsen und ge\u00e4nderte Radlasten, dass ST XTA plus 3 Gewindefahrwerk nimmt jede Herausforderung an. Selbstverst\u00e4ndlich verf\u00fcgt auch das ST XTA plus 3 Gewindefahrwerk inklusive Teilegutachten \u00fcber Rennsportfedern und Aluminium-Unibal-St\u00fctzlager.<\/p>\n<p>Einfaches Variieren der Tieferlegung<br \/>Wie bei allen ST Gewindefahrwerken erfolgt die stufenlose Einstellung der Tieferlegung \u00fcber den Gewindefederteller. Dazu nutzt ST Suspensions ebenfalls wie KW einen Polyamid-Verstellfederteller, der \u00fcber das Trapezgewinde am verzinkten Federbein ein leichtes Verstellen der Tieferlegung erlaubt. Das \u00c4ndern der Tieferlegung ist auch im eingebauten Zustand m\u00f6glich, in dem der Verstellfederteller einfach h\u00f6her oder niedriger gedreht wird. Sollte das Auto an der Hinterachse \u00fcber eine nicht radf\u00fchrende Doppelquerlenker-Radaufh\u00e4ngung verf\u00fcgen, erfolgt das Einstellen der Tieferlegung \u00fcber die ST Suspensions Hinterachsh\u00f6henverstellung. Zur Info: die Tieferlegung ist bei jedem Fahrzeug bauartbedingt anders.<\/p>\n<p>KW Engineering: exklusiv f\u00fcr ST suspensions<br \/>Die hochwertigen ST XTA plus 3 Gewindefahrwerken basieren auf dem Zweirohrd\u00e4mpfungsprinzip in reibungsarmen und druckbest\u00e4ndigen D\u00e4mpfergeh\u00e4usen. Dabei werden die D\u00e4mpfer direkt bei KW gefertigt. Ein Monoblock-F\u00fchrungs- und Dichtungspaket reduziert im D\u00e4mpfer die Reibung beim Ein- und Austauchen der verchromten Kolbenstange. Dazu sorgen ein optimaler Korrosionsschutz und eine mehrfache Versiegelung des verzinkten Federbeins f\u00fcr einen langen Fahrspa\u00df mit den ST XTA plus 3 Gewindefahrwerken.<\/p>\n<p>&#8211; Neueste D\u00e4mpfungstechnologie f\u00fcr eine lange Lebensdauer<br \/>&#8211; Reduzierte Systemreibung f\u00fcr eine effektive Verstellung der D\u00e4mpfung<br \/>&#8211; Individuelle Tieferlegung innerhalb des gepr\u00fcften Einstellbereichs<br \/>&#8211; VA und HA (sofern technisch m\u00f6glich) mit Gewindeverstellung<br \/>&#8211; Verzinkte Gewindefederbeine mit zus\u00e4tzlicher Versiegelung f\u00fcr einen optimierten Korrosionsschutz<br \/>&#8211; Komplette L\u00f6sung mit Verstellfederteller, Federsystem und Anschlagelementen mit Staubschutzsystem<br \/>&#8211; Aluminium-Unibal-St\u00fctzlager (sofern technisch m\u00f6glich, einstellbar)<br \/>&#8211; Skalierte Sturzeinstellung, sofern technisch m\u00f6glich<br \/>&#8211; 3-fach einstellbarer D\u00e4mpfer: <br \/>16 Klicks Lowspeed-Zugstufe<br \/>24 Klicks Lowspeed-Druckstufe<br \/>24 Klicks Highspeed-Druckstufe<\/p>\n","protected":false},"excerpt":{"rendered":"<p>Markenqualit\u00e4t von ST suspensions. Feste D\u00e4mpferkennung, h\u00f6henverstellbar.<\/p>\n<ul class='kw-specs'>\n<li><strong>Tieferlegung:<\/strong> VA 40-80mm \/ HA 30-60 mm<\/li>\n<li><strong>Material:<\/strong> Stahl verzinkt<\/li>\n<\/ul>\n<p><em>Jetzt konfigurieren!<\/em><\/p>\n","protected":false},"featured_media":13852,"comment_status":"open","ping_status":"closed","template":"","meta":[],"product_brand":[],"product_cat":[17,949],"product_tag":[],"class_list":{"0":"post-13851","1":"product","2":"type-product","3":"status-publish","4":"has-post-thumbnail","6":"product_cat-bmw","7":"product_cat-kw-fahrwerk","9":"first","10":"onbackorder","11":"taxable","12":"shipping-taxable","13":"purchasable","14":"product-type-variable"},"_links":{"self":[{"href":"https:\/\/wagenthaler.com\/shop\/wp-json\/wp\/v2\/product\/13851","targetHints":{"allow":["GET"]}}],"collection":[{"href":"https:\/\/wagenthaler.com\/shop\/wp-json\/wp\/v2\/product"}],"about":[{"href":"https:\/\/wagenthaler.com\/shop\/wp-json\/wp\/v2\/types\/product"}],"replies":[{"embeddable":true,"href":"https:\/\/wagenthaler.com\/shop\/wp-json\/wp\/v2\/comments?post=13851"}],"wp:featuredmedia":[{"embeddable":true,"href":"https:\/\/wagenthaler.com\/shop\/wp-json\/wp\/v2\/media\/13852"}],"wp:attachment":[{"href":"https:\/\/wagenthaler.com\/shop\/wp-json\/wp\/v2\/media?parent=13851"}],"wp:term":[{"taxonomy":"product_brand","embeddable":true,"href":"https:\/\/wagenthaler.com\/shop\/wp-json\/wp\/v2\/product_brand?post=13851"},{"taxonomy":"product_cat","embeddable":true,"href":"https:\/\/wagenthaler.com\/shop\/wp-json\/wp\/v2\/product_cat?post=13851"},{"taxonomy":"product_tag","embeddable":true,"href":"https:\/\/wagenthaler.com\/shop\/wp-json\/wp\/v2\/product_tag?post=13851"}],"curies":[{"name":"wp","href":"https:\/\/api.w.org\/{rel}","templated":true}]}}