{"id":14789,"date":"2026-02-03T05:05:11","date_gmt":"2026-02-03T04:05:11","guid":{"rendered":"https:\/\/shop.wagenthaler.com\/produkt\/kw-v1-racing-gewindefahrwerk-fuer-bmw-3er-coupe-e36-3b-3-b-m3b-m3-b-10-1991-05-1999\/"},"modified":"2026-04-03T05:28:45","modified_gmt":"2026-04-03T03:28:45","slug":"kw-v1-racing-gewindefahrwerk-fuer-bmw-3er-coupe-e36-3b-3-b-m3b-m3-b-10-1991-05-1999","status":"publish","type":"product","link":"https:\/\/wagenthaler.com\/shop\/kw-v1-racing-gewindefahrwerk-fuer-bmw-3er-coupe-e36-3b-3-b-m3b-m3-b-10-1991-05-1999\/","title":{"rendered":"KW V1 Racing Gewindefahrwerk f\u00fcr BMW 3er Coupe (E36) 3B, 3\/B, M3B, M3\/B 10\/1991-05\/1999"},"content":{"rendered":"<p><b>KW V1 Racing &#8211; H\u00f6henverstellbare Rennsporttechnologie mit fester Kennung f\u00fcr Trackdays<\/b><\/p>\n<p>Das KW V1 Racing ist das Einsteigerprodukt in unserem KW Track Performance Motorsportprogramm.<br \/>Das KW V1 Racing kommt mit fix eingestellter Zugstufe und Druckstufe \u2013 bereits perfekt abgestimmt auf dein Auto. Unsere Motorsportanwendungen besitzen kein Teilegutachten und sind ausgelegt f\u00fcr die ausschlie\u00dfliche Nutzung auf der Rennstrecke. In diesem Fall f\u00fcr Fahrzeuge mit Semislicks.<\/p>\n<p><b>Die ideale Komplettl\u00f6sung zum fairen Preis<\/b><\/p>\n<p>Das KW V1 Racing ist ein Rennsportfahrwerk und perfekt auf das jeweilige Fahrzeug abgestimmt. Auf Basis unserer jahrzehntelangen Erfahrung und zahlreichen Testdaten liefern wir das KW V1 Racing mit fester Druck- und Zugstufenkennung aus. Um das ideale Einsteigerfahrwerk f\u00fcr die Rennstrecke bieten zu k\u00f6nnen, haben wir im Rahmen des Entwicklungsprozesses besonders hohen Wert auf die Punkte Achsgeometrie, Bodenfreiheit, D\u00e4mpfungsma\u00df, Federraten, Federwege und Radlasten gelegt. Das KW V1 Racing kommt inklusive Domlager und ist in seiner H\u00f6he einstellbar. Die D\u00e4mpfer bestehen aus verzinktem Stahl f\u00fcr optimierte Stabilit\u00e4t auf der Rennstrecke.<\/p>\n<p>\u2022 Feste Druckstufe\/Zugstufe<br \/>\u2022 Inklusive Domlager f\u00fcr ausgew\u00e4hlte Fahrzeuge<br \/>\u2022 D\u00e4mpfer aus verzinktem Stahl<br \/>\u2022 Individuelle H\u00f6henverstellung<\/p>\n","protected":false},"excerpt":{"rendered":"<p>Sportliche Optik f\u00fcr den <strong>BMW<\/strong>. Werkseitig perfekt abgestimmtes Setup.<\/p>\n<ul class='kw-specs'>\n<li><strong>Material:<\/strong> Stahl verzinkt<\/li>\n<\/ul>\n<p><em>Jetzt konfigurieren!<\/em><\/p>\n","protected":false},"featured_media":10467,"comment_status":"open","ping_status":"closed","template":"","meta":[],"product_brand":[],"product_cat":[17,949],"product_tag":[],"class_list":{"0":"post-14789","1":"product","2":"type-product","3":"status-publish","4":"has-post-thumbnail","6":"product_cat-bmw","7":"product_cat-kw-fahrwerk","9":"first","10":"onbackorder","11":"taxable","12":"shipping-taxable","13":"purchasable","14":"product-type-variable"},"_links":{"self":[{"href":"https:\/\/wagenthaler.com\/shop\/wp-json\/wp\/v2\/product\/14789","targetHints":{"allow":["GET"]}}],"collection":[{"href":"https:\/\/wagenthaler.com\/shop\/wp-json\/wp\/v2\/product"}],"about":[{"href":"https:\/\/wagenthaler.com\/shop\/wp-json\/wp\/v2\/types\/product"}],"replies":[{"embeddable":true,"href":"https:\/\/wagenthaler.com\/shop\/wp-json\/wp\/v2\/comments?post=14789"}],"wp:featuredmedia":[{"embeddable":true,"href":"https:\/\/wagenthaler.com\/shop\/wp-json\/wp\/v2\/media\/10467"}],"wp:attachment":[{"href":"https:\/\/wagenthaler.com\/shop\/wp-json\/wp\/v2\/media?parent=14789"}],"wp:term":[{"taxonomy":"product_brand","embeddable":true,"href":"https:\/\/wagenthaler.com\/shop\/wp-json\/wp\/v2\/product_brand?post=14789"},{"taxonomy":"product_cat","embeddable":true,"href":"https:\/\/wagenthaler.com\/shop\/wp-json\/wp\/v2\/product_cat?post=14789"},{"taxonomy":"product_tag","embeddable":true,"href":"https:\/\/wagenthaler.com\/shop\/wp-json\/wp\/v2\/product_tag?post=14789"}],"curies":[{"name":"wp","href":"https:\/\/api.w.org\/{rel}","templated":true}]}}