{"id":15089,"date":"2026-02-03T05:19:46","date_gmt":"2026-02-03T04:19:46","guid":{"rendered":"https:\/\/shop.wagenthaler.com\/produkt\/kw-v2-comfort-gewindefahrwerk-fuer-bmw-3er-coupe-e92-390x-392c-3c-m-v-m3-m3-gts-m390-01-2005-12-2013\/"},"modified":"2026-04-03T05:39:21","modified_gmt":"2026-04-03T03:39:21","slug":"kw-v2-comfort-gewindefahrwerk-fuer-bmw-3er-coupe-e92-390x-392c-3c-m-v-m3-m3-gts-m390-01-2005-12-2013","status":"publish","type":"product","link":"https:\/\/wagenthaler.com\/shop\/kw-v2-comfort-gewindefahrwerk-fuer-bmw-3er-coupe-e92-390x-392c-3c-m-v-m3-m3-gts-m390-01-2005-12-2013\/","title":{"rendered":"KW V2 Comfort Gewindefahrwerk f\u00fcr BMW 3er Coupe (E92) 390X, 392C, 3C, M-V, M3, M3 GTS, M390 01\/2005-12\/2013"},"content":{"rendered":"<p><b>Beim KW V2 Comfort Gewindefahrwerk liegt Ihr komfortorientierter Fahrspa\u00df im Vordergrund.<\/b><br \/>Wenn Ihnen als Vielfahrer oder als Familie Ihr Seriensportfahrwerk im Alltag zu hart sein sollte oder selbst der Federungskomfort Ihrer installierten Zubeh\u00f6r-Tieferlegungsfedern auf Dauer zu unharmonisch arbeitet, ist das KW V2 Comfort Sportfahrwerk die ideale L\u00f6sung f\u00fcr mehr Fahrkomfort. Es vereint eine dezente Tieferlegung im fahrzeugspezifischen Verstellbereich von zehn bis 40 Millimetern mit einer von den KW Testingenieuren auf zahlreichen Messfahrten im Alltag und auf dem KW 7-Post Fahrdynamikpr\u00fcfstand entwickelter und komfortorientierter D\u00e4mpferabstimmung.<\/p>\n<p>Fahrwerk zu hart? KW V2 Comfort ist die Antwort<br \/>Ob auf langen Strecken auf der Autobahn, oder vielen Kilometern auf z\u00fcgig gefahrenen Landstra\u00dfen, mit dem KW V2 Comfort Gewindefahrwerk genie\u00dfen Sie eine komfortable Abstimmung. Die k\u00fcrzeren KW D\u00e4mpfergeh\u00e4use erm\u00f6glichen trotz der Tieferlegung einen komfortablen Restfederweg. Beim KW V2 Comfort Gewindefahrwerk sind die verwendeten D\u00e4mpfer, Geh\u00e4use, Federn sowie die komfortorientierte D\u00e4mpfercharakteristik fahrzeugspezifisch perfekt aufeinander abgestimmt. Zus\u00e4tzlich erlaubt Ihnen das KW V2 Comfort Gewindefahrwerk die Zugstufend\u00e4mpfung individuell auf Ihre Fahrweise und Ihr Komfortempfinden weiter zu justieren.<\/p>\n<p>Einstellbarer Komfort &#8211; _&#8220;_&#8220;no more hard times_&#8220;_&#8220;<br \/>Auch beim KW V2 Comfort Gewindefahrwerk k\u00f6nnen Sie durch die individuell einstellbare Zugstufenabstimmung selbst Einfluss auf das Handling und den Komfort nehmen. Durch die 16 exakten Klicks k\u00f6nnen Sie die KW D\u00e4mpfer weiter in ihrer Abstimmung auf Wunsch komfortabler oder straffer einstellen, ohne dabei das Bodenventil der Druckstufe zu beeinflussen. Indem Sie \u00fcber das Einstellr\u00e4dchen die Zugkraft erh\u00f6hen, verringern sich die Aufbaubewegungen an der Karosserie. Ihr Auto f\u00e4hrt sich dadurch spurtreuer und Sie haben bei erh\u00f6hten Kurvengeschwindigkeiten noch mehr Stabilit\u00e4t. Wechseln Sie beispielsweise von den freigegebenen Rad\/Reifenkombinationen Ihres Automobilherstellers zu gr\u00f6\u00dferen Felgen, k\u00f6nnen Sie mit der einstellbaren Zugstufe das Fahrverhalten Ihres Autos und Ihre neuen Leichtmetallr\u00e4der perfekt aufeinander anpassen. Oder Sie reduzieren die Zugkraft mit wenigen Klicks auf noch mehr Komfort &#8211; ganz wie Sie es sich von einem Sportfahrwerk schon immer gew\u00fcnscht haben.<\/p>\n<p>Stufenlose Tieferlegung von zehn bis 40 Millimeter<br \/>Das in Edelstahltechnologie _&#8220;_&#8220;inox-line_&#8220;_&#8220; gefertigte KW V2 Comfort Gewindefahrwerk erlaubt eine fahrzeugspezifische Tieferlegung im gepr\u00fcften Verstellbereich von zehn bis 40 Millimetern. Dadurch m\u00fcssen Sie sich wie bei einem herk\u00f6mmlichen Federnsatz nicht mehr mit einer fest vorgegebenen Tieferlegung zufriedengeben. Durch die filigrane Verarbeitung und der Nutzung hochwertiger Komponenten sind die KW V2 Comfort Gewindefederbeine aus Edelstahl zu 100 Prozent korrosionsbest\u00e4ndig und besitzen eine unbegrenzte Lebensdauer.<br \/>Die Funktionsweise der stufenlosen Tieferlegung in Verbindung mit dem schmutzunempfindlichen Trapezgewinde und dem Polyamid-Gewindering wird auch nach Jahren nicht beeintr\u00e4chtigt. Durch die individuelle Tieferlegung mit ihrem stufenlosen Verstellbereich k\u00f6nnen Sie die Sportlichkeit Ihres Fahrzeugs auch optisch betonen.<\/p>\n<p>-Edelstahltechnik _&#8220;_&#8220;inox-line_&#8220;_&#8220;<br \/>-dezente Tieferlegung<br \/>-gepr\u00fcfter Verstellbereich<br \/>-hochwertige Bauteile f\u00fcr lange Lebensdauer<br \/>-komfortorientierte D\u00e4mpferabstimmung<br \/>-einstellbare Zugstufend\u00e4mpfung<\/p>\n<p>Setup &#8211; Einstellbare Zugstufend\u00e4mpfung mit 16 Klicks.<br \/>Beim KW V2 Comfort Gewindefahrwerk liegt Ihr komfortorientierter Fahrspa\u00df im Vordergrund. Deshalb waren unsere Testingenieure auf zahlreichen Autobahnen, Landstra\u00dfen und Schlechtwegestrecken f\u00fcr Sie unterwegs. Das KW V2 Comfort Gewindefahrwerk eignet sich f\u00fcr alle Vielfahrer und Familien, die Freude an einer dezenten Tieferlegung mit Fahrkomfort vereinen m\u00f6chten.<\/p>\n","protected":false},"excerpt":{"rendered":"<p>Das Upgrade f\u00fcr deinen <strong>BMW<\/strong>. Besseres Handling.<\/p>\n<ul class='kw-specs'>\n<li><strong>Tieferlegung:<\/strong> VA 20-40mm \/ HA 15-35 mm<\/li>\n<li><strong>Material:<\/strong> Edelstahl<\/li>\n<\/ul>\n<p><em>Jetzt konfigurieren!<\/em><\/p>\n","protected":false},"featured_media":11521,"comment_status":"open","ping_status":"closed","template":"","meta":[],"product_brand":[],"product_cat":[17,949],"product_tag":[],"class_list":{"0":"post-15089","1":"product","2":"type-product","3":"status-publish","4":"has-post-thumbnail","6":"product_cat-bmw","7":"product_cat-kw-fahrwerk","9":"first","10":"instock","11":"taxable","12":"shipping-taxable","13":"purchasable","14":"product-type-variable"},"_links":{"self":[{"href":"https:\/\/wagenthaler.com\/shop\/wp-json\/wp\/v2\/product\/15089","targetHints":{"allow":["GET"]}}],"collection":[{"href":"https:\/\/wagenthaler.com\/shop\/wp-json\/wp\/v2\/product"}],"about":[{"href":"https:\/\/wagenthaler.com\/shop\/wp-json\/wp\/v2\/types\/product"}],"replies":[{"embeddable":true,"href":"https:\/\/wagenthaler.com\/shop\/wp-json\/wp\/v2\/comments?post=15089"}],"wp:featuredmedia":[{"embeddable":true,"href":"https:\/\/wagenthaler.com\/shop\/wp-json\/wp\/v2\/media\/11521"}],"wp:attachment":[{"href":"https:\/\/wagenthaler.com\/shop\/wp-json\/wp\/v2\/media?parent=15089"}],"wp:term":[{"taxonomy":"product_brand","embeddable":true,"href":"https:\/\/wagenthaler.com\/shop\/wp-json\/wp\/v2\/product_brand?post=15089"},{"taxonomy":"product_cat","embeddable":true,"href":"https:\/\/wagenthaler.com\/shop\/wp-json\/wp\/v2\/product_cat?post=15089"},{"taxonomy":"product_tag","embeddable":true,"href":"https:\/\/wagenthaler.com\/shop\/wp-json\/wp\/v2\/product_tag?post=15089"}],"curies":[{"name":"wp","href":"https:\/\/api.w.org\/{rel}","templated":true}]}}