{"id":15213,"date":"2026-02-03T05:34:38","date_gmt":"2026-02-03T04:34:38","guid":{"rendered":"https:\/\/shop.wagenthaler.com\/produkt\/kw-v4-racing-gewindefahrwerk-fuer-bmw-3er-coupe-e92-390x-392c-3c-m-v-m3-m3-gts-m390-01-2005-12-2013\/"},"modified":"2026-03-20T06:06:45","modified_gmt":"2026-03-20T05:06:45","slug":"kw-v4-racing-gewindefahrwerk-fuer-bmw-3er-coupe-e92-390x-392c-3c-m-v-m3-m3-gts-m390-01-2005-12-2013","status":"publish","type":"product","link":"https:\/\/wagenthaler.com\/shop\/kw-v4-racing-gewindefahrwerk-fuer-bmw-3er-coupe-e92-390x-392c-3c-m-v-m3-m3-gts-m390-01-2005-12-2013\/","title":{"rendered":"KW V4 Racing Gewindefahrwerk f\u00fcr BMW 3er Coupe (E92) 390X, 392C, 3C, M-V, M3, M3 GTS, M390 01\/2005-12\/2013"},"content":{"rendered":"<p>Das neue KW V4 Racing Rennsportfahrwerk ist eine Weiterentwicklung unserer GT4-Kundensportanwendungen und das ideale Performance-Tool f\u00fcr Tracktools und reinrassige Rennwagen. Im Vergleich zu einem KW V3 Clubsport Gewindefahrwerk verf\u00fcgt das KW V4 Racing \u00fcber kein Teilegutachten und ist in seiner gesamten Auslegung ausschlie\u00dflich f\u00fcr den Trackday- und Rundstreckeneinsatz mit Motorsportreifen entwickelt worden. Unabh\u00e4ngig Das KW V4 Racing ist unabh\u00e4ngig in den Lowspeed- und Highspeed-Kr\u00e4ften der Druckstufe sowie unabh\u00e4ngig davon in der Lowspeed-Zugstufe frei einstellbar. <\/p>\n<p><b>Kompromisslos f\u00fcr den Wettbewerb ausgelegt<\/b><\/p>\n<p>Das KW V4 Racing Rennsportfahrwerk ist eine fahrzeugspezifische Motorsportanwendung und in unterschiedlichen Ausf\u00fchrungen f\u00fcr eine Vielzahl an Fahrzeugen erh\u00e4ltlich.<\/p>\n<p>Viele unserer Motorsportkunden entscheiden sich f\u00fcr ein KW V4 Racing, falls sie an Trackdays mit nicht stra\u00dfenzugelassenen Fahrzeugen teilnehmen oder kein homologiertes Kundensportfahrwerk nutzen m\u00f6chten. Das KW V4 Racing ist in seiner gesamten Auslegung fahrzeugspezifisch f\u00fcr die N\u00fcrburgring Nordschleife in puncto Achsgeometrie, Bodenfreiheit, D\u00e4mpfungsma\u00df, Federraten, Federwege und Radlasten ausgelegt. Das KW V4 Racing Rennsportfahrwerk fertigen wir mit MacPherson-Federbeinen aus verzinkten Stahl mit Upside-Down-D\u00e4mpferpatronen direkt in Fichtenberg. Das Piggyback beziehungsweise externe Reservoir ist direkt am Fahrwerk befestigt.<\/p>\n<p>Die D\u00e4mpferkennlinien des mit 15 Klicks in der Lowspeed-Druckstufe, 12 Klicks Highspeed-Druckstufe und mit 18 Klicks in der Lowspeed-Zugstufe separat einstellbaren Fahrwerks erm\u00f6glicht eine umfangreiche Kennliniengestaltung. Jedes Klick sorgt f\u00fcr eine individuelle Abstimmung.<\/p>\n<p>&#8211; Aluminium-Unibal-St\u00fctzlager (je nach Fahrzeug ist der Sturz einstellbar)<br \/>&#8211; Lineare hochfeste Rennsportfedern<br \/>&#8211; Einstellbare Druckstufend\u00e4mpfung im Lowspeed<br \/>&#8211; Einstellbare Druckstufend\u00e4mpfung im Highspeed<br \/>&#8211; Einstellbare Zugstufend\u00e4mpfung im Lowspeed<br \/>&#8211; MacPherson-Federbeine aus verzinkter Stahllegierung<br \/>&#8211; Hinterachsd\u00e4mpfergeh\u00e4use aus Aluminiumlegierung (je nach Anwendung)<\/p>\n","protected":false},"excerpt":{"rendered":"<p>Maximale Performance im <strong>BMW<\/strong>. Pr\u00e4zises Handling, voll einstellbar.<\/p>\n<ul class='kw-specs'>\n<li><strong>Material:<\/strong> VA: Stahl verzinkt \/ HA: Aluminium<\/li>\n<\/ul>\n<p><em>Jetzt konfigurieren!<\/em><\/p>\n","protected":false},"featured_media":8435,"comment_status":"open","ping_status":"closed","template":"","meta":[],"product_brand":[],"product_cat":[17,949],"product_tag":[],"class_list":{"0":"post-15213","1":"product","2":"type-product","3":"status-publish","4":"has-post-thumbnail","6":"product_cat-bmw","7":"product_cat-kw-fahrwerk","9":"first","10":"onbackorder","11":"taxable","12":"shipping-taxable","13":"purchasable","14":"product-type-variable"},"_links":{"self":[{"href":"https:\/\/wagenthaler.com\/shop\/wp-json\/wp\/v2\/product\/15213","targetHints":{"allow":["GET"]}}],"collection":[{"href":"https:\/\/wagenthaler.com\/shop\/wp-json\/wp\/v2\/product"}],"about":[{"href":"https:\/\/wagenthaler.com\/shop\/wp-json\/wp\/v2\/types\/product"}],"replies":[{"embeddable":true,"href":"https:\/\/wagenthaler.com\/shop\/wp-json\/wp\/v2\/comments?post=15213"}],"wp:featuredmedia":[{"embeddable":true,"href":"https:\/\/wagenthaler.com\/shop\/wp-json\/wp\/v2\/media\/8435"}],"wp:attachment":[{"href":"https:\/\/wagenthaler.com\/shop\/wp-json\/wp\/v2\/media?parent=15213"}],"wp:term":[{"taxonomy":"product_brand","embeddable":true,"href":"https:\/\/wagenthaler.com\/shop\/wp-json\/wp\/v2\/product_brand?post=15213"},{"taxonomy":"product_cat","embeddable":true,"href":"https:\/\/wagenthaler.com\/shop\/wp-json\/wp\/v2\/product_cat?post=15213"},{"taxonomy":"product_tag","embeddable":true,"href":"https:\/\/wagenthaler.com\/shop\/wp-json\/wp\/v2\/product_tag?post=15213"}],"curies":[{"name":"wp","href":"https:\/\/api.w.org\/{rel}","templated":true}]}}