{"id":15894,"date":"2026-02-03T05:57:03","date_gmt":"2026-02-03T04:57:03","guid":{"rendered":"https:\/\/shop.wagenthaler.com\/produkt\/st-xa-gewindefahrwerk-fuer-bmw-3er-touring-e91-390l-390x-3k-12-2004-12-2012\/"},"modified":"2026-03-20T06:06:46","modified_gmt":"2026-03-20T05:06:46","slug":"st-xa-gewindefahrwerk-fuer-bmw-3er-touring-e91-390l-390x-3k-12-2004-12-2012","status":"publish","type":"product","link":"https:\/\/wagenthaler.com\/shop\/st-xa-gewindefahrwerk-fuer-bmw-3er-touring-e91-390l-390x-3k-12-2004-12-2012\/","title":{"rendered":"ST XA Gewindefahrwerk f\u00fcr BMW 3er Touring (E91) 390L, 390X, 3K 12\/2004-12\/2012"},"content":{"rendered":"<p>F\u00fcr sportlich ambitionierte Fahrer, die auf mehr als eine stufenlose Tieferlegung Einfluss nehmen wollen, hat ST Suspensions in Zusammenarbeit mit KW die ST XA Line entwickelt. Durch das einstellbare D\u00e4mpfersetup kann das Fahrverhalten individuell abgestimmt werden.<\/p>\n<p>F\u00fcr den sportlich ambitionierten Fahrer<br \/>Durch die verstellbare D\u00e4mpfungscharakteristik besteht bei ST XA Gewindefahrwerken die M\u00f6glichkeit,das D\u00e4mpfersetup individuell weiter abzustimmen. Die dazu genutzte D\u00e4mpfungstechnologie stammt von KW. Sie erlaubt es, die ST XA Gewindefahrwerke je nach Fahrerwunsch straffer oder komfortabler einzustellen. Das Abstimmen der D\u00e4mpfer erfolgt am oberen Ende der verchromten Kolbenstange. Wird die Zugkraft erh\u00f6ht, f\u00e4hrt sich das Auto noch spurtreuer und die Aufbaubewegungen verringern sich. Ist eine komfortablere D\u00e4mpferabstimmung gefragt, erfolgt die Einstellung ebenfalls so \u00fcber die Zugstufenverstellung. Die verstellbaren D\u00e4mpfer erlauben es auch, den Wechsel auf eine andere Felgengr\u00f6\u00dfe zu ber\u00fccksichtigen. Aber selbst in der D\u00e4mpfergrundeinstellung agiert ein Fahrzeug mit einem ST XA Gewindefahrwerke deutlich agiler und bietet sportlichere Handling-Eigenschaften als ein Serienfahrwerk.<\/p>\n<p>Einfaches Variieren der Tieferlegung<br \/>Wie bei allen ST XA Gewindefahrwerken erfolgt die stufenlose Einstellung der Tieferlegung \u00fcber den Gewindefederteller. Dazu nutzt ST Suspensions ebenfalls wie KW einen Polyamid-Verstellfederteller, der \u00fcber das Trapezgewinde am verzinkten Federbein ein leichtes Verstellen der Tieferlegung erlaubt. Das \u00c4ndern der Tieferlegung ist auch im eingebauten Zustand m\u00f6glich, in dem der Verstellfederteller einfach h\u00f6her oder niedriger gedreht wird. Sollte das Auto an der Hinterachse \u00fcber eine nicht-radf\u00fchrende Doppelquerlenker-Radaufh\u00e4ngung verf\u00fcgen, erfolgt das Einstellen der Tieferlegung \u00fcber die ST Suspensions Hinterachsh\u00f6henverstellung. Zur Info: die Tieferlegung ist bei jedem Fahrzeug bauartbedingt anders. W\u00e4hrend beispielsweise \u00e4ltere Fahrzeugmodelle wie der Honda Civic (EJ9) zwischen 40 &#8211; 75 mm mit den ST XA Gewindefahrwerken tiefergelegt werden k\u00f6nnen, ist beim bereits ab Werk sehr tiefen Audi S3 (8P) weiterhin eine Tieferlegung von 10 &#8211; 40 mm m\u00f6glich.<\/p>\n<p>KW Engineering: exklusiv f\u00fcr ST suspensions<br \/>Die hochwertigen ST XA Gewindefahrwerke basieren auf dem Zweirohrd\u00e4mpfungsprinzip in reibungsarmen und druckbest\u00e4ndigen D\u00e4mpfergeh\u00e4usen. Dabei werden die D\u00e4mpfer direkt bei KW gefertigt. Ein Monoblock-F\u00fchrungs- und Dichtungspaket reduziert im D\u00e4mpfer die Reibung beim Ein- und Austauchen der verchromten Kolbenstange. Dazu sorgen ein optimaler Korrosionsschutz und eine mehrfache Versiegelung des verzinkten Federbeins f\u00fcr einen langen Fahrspa\u00df mit den ST XA Gewindefahrwerken.<\/p>\n<p>&#8211; In der D\u00e4mpfungscharakteristik von au\u00dfen verstellbar<br \/>&#8211; Neueste D\u00e4mpfungstechnologie f\u00fcr eine lange Lebensdauer<br \/>&#8211; Reduzierte Systemreibung f\u00fcr eine effektive Verstellung der D\u00e4mpfung<br \/>&#8211; Individuelle Tieferlegung innerhalb des gepr\u00fcften Einstellbereichs<br \/>&#8211; VA und HA (sofern technisch m\u00f6glich) mit Gewindeverstellung<br \/>&#8211; Verzinkte Gewindefederbeine mit zus\u00e4tzlicher Versiegelung f\u00fcr einen optimierten Korrosionsschutz<br \/>&#8211; Komplette L\u00f6sung mit Verstellfederteller, Federsystem und Anschlagelementen mit Staubschutzsystem<\/p>\n","protected":false},"excerpt":{"rendered":"<p>H\u00e4rteverstellbares ST Fahrwerk. Zugstufe individuell anpassbar.<\/p>\n<ul class='kw-specs'>\n<li><strong>Tieferlegung:<\/strong> VA 30-60mm \/ HA 20-50 mm<\/li>\n<li><strong>Material:<\/strong> Stahl verzinkt<\/li>\n<\/ul>\n<p><em>Jetzt konfigurieren!<\/em><\/p>\n","protected":false},"featured_media":14190,"comment_status":"open","ping_status":"closed","template":"","meta":[],"product_brand":[],"product_cat":[17,949],"product_tag":[],"class_list":{"0":"post-15894","1":"product","2":"type-product","3":"status-publish","4":"has-post-thumbnail","6":"product_cat-bmw","7":"product_cat-kw-fahrwerk","9":"first","10":"onbackorder","11":"taxable","12":"shipping-taxable","13":"purchasable","14":"product-type-variable"},"_links":{"self":[{"href":"https:\/\/wagenthaler.com\/shop\/wp-json\/wp\/v2\/product\/15894","targetHints":{"allow":["GET"]}}],"collection":[{"href":"https:\/\/wagenthaler.com\/shop\/wp-json\/wp\/v2\/product"}],"about":[{"href":"https:\/\/wagenthaler.com\/shop\/wp-json\/wp\/v2\/types\/product"}],"replies":[{"embeddable":true,"href":"https:\/\/wagenthaler.com\/shop\/wp-json\/wp\/v2\/comments?post=15894"}],"wp:featuredmedia":[{"embeddable":true,"href":"https:\/\/wagenthaler.com\/shop\/wp-json\/wp\/v2\/media\/14190"}],"wp:attachment":[{"href":"https:\/\/wagenthaler.com\/shop\/wp-json\/wp\/v2\/media?parent=15894"}],"wp:term":[{"taxonomy":"product_brand","embeddable":true,"href":"https:\/\/wagenthaler.com\/shop\/wp-json\/wp\/v2\/product_brand?post=15894"},{"taxonomy":"product_cat","embeddable":true,"href":"https:\/\/wagenthaler.com\/shop\/wp-json\/wp\/v2\/product_cat?post=15894"},{"taxonomy":"product_tag","embeddable":true,"href":"https:\/\/wagenthaler.com\/shop\/wp-json\/wp\/v2\/product_tag?post=15894"}],"curies":[{"name":"wp","href":"https:\/\/api.w.org\/{rel}","templated":true}]}}