{"id":16148,"date":"2026-02-03T06:10:28","date_gmt":"2026-02-03T05:10:28","guid":{"rendered":"https:\/\/shop.wagenthaler.com\/produkt\/kw-v1-gewindefahrwerk-fuer-bmw-3er-touring-f31-3k-07-2012-06-2019\/"},"modified":"2026-03-20T06:06:47","modified_gmt":"2026-03-20T05:06:47","slug":"kw-v1-gewindefahrwerk-fuer-bmw-3er-touring-f31-3k-07-2012-06-2019","status":"publish","type":"product","link":"https:\/\/wagenthaler.com\/shop\/kw-v1-gewindefahrwerk-fuer-bmw-3er-touring-f31-3k-07-2012-06-2019\/","title":{"rendered":"KW V1 Gewindefahrwerk f\u00fcr BMW 3er Touring (F31) 3K 07\/2012-06\/2019"},"content":{"rendered":"<p><b>Sportlichkeit gepaart mit herausragender Optik. Mit werkseitig vorkonfigurierter D\u00e4mpfung.<\/b><br \/>Unser Einstiegsmodell f\u00fcr mehr Fahrspa\u00df durch eine ansprechende und individuell einstellbare Tieferlegung ist das KW V1 Gewindefahrwerk in der KW typischen _&#8220;_&#8220;inox-line_&#8220;_&#8220;. Durch seine hochwertige Verarbeitung, der konsequenten Nutzung von Federbeinen aus rostfreiem Edelstahl, korrosionsbest\u00e4ndigen Federn sowie aufeinander abgestimmten Komponenten steht es f\u00fcr langj\u00e4hrigen Fahrspa\u00df \u2013 nicht nur ein Autoleben lang.<\/p>\n<p>Stufenlose Tieferlegung<br \/>Das KW V1 erm\u00f6glicht eine maximale Tieferlegung im gepr\u00fcften Verstellbereich. Je nach Fahrzeugmodell ist dieser unterschiedlich und kann beispielsweise f\u00fcr eine individuelle Tieferlegung zwischen 30 und 70 Millimeter oder 50 bis 90 Millimeter liegen. Dank des schmutzunempfindlichen Trapezgewindes und dem Polyamid-Gewindering kann die stufenlose Tieferlegung auch nach Jahren schnell und leicht variiert werden. Die Tieferlegung erfolgt fahrzeugbedingt entweder an den radf\u00fchrenden KW Edelstahl-Federbeinen oder bei nicht radf\u00fchrenden Doppelquerlenkerhinterachsen an der Hinterachsh\u00f6henverstellung.<\/p>\n<p>Der Ma\u00dfstab f\u00fcr sportlich-dynamische Tuningfans<br \/>Mit seiner harmonischen Grundabstimmung f\u00fcr das sportliche Fahren auf der Stra\u00dfe \u00fcberzeugt das KW V1 den anspruchsvollen Tuningfan. F\u00fcr jedes Fahrzeug ermitteln unsere Entwicklungsingenieure eine spezifische D\u00e4mpferabstimmung und Federrate, um Ihr Fahrvergn\u00fcgen mit der optimalen Balance aus Sportlichkeit und Alltagstauglichkeit zu steigern. Schlie\u00dflich kaufen Sie nicht irgendein Gewindefahrwerk, sondern ein KW Gewindefahrwerk, das speziell auf Ihren Fahrzeugtyp entwickelt und abgestimmt worden ist. Dabei nutzt KW als Hersteller ausschlie\u00dflich eigene Ressourcen, hochwertige Komponenten und dieselbe D\u00e4mpfertechnologie wie Gro\u00dfserienhersteller. Mit dem KW V1 verringern sich beim Einfedern die Roll- und Wankbewegungen der Fahrzeugkarosserie, dadurch profitieren Sie von einer unverf\u00e4lschten Direktheit und sportlicherem Handling beim Fahren.<\/p>\n<p>Unsere Erfahrung f\u00fcr Ihren Fahrspa\u00df<br \/>Seit \u00fcber 25 Jahren sind wir als Hersteller von individuellen Fahrwerkl\u00f6sungen f\u00fcr die Stra\u00dfe und im Rennsport der Marktf\u00fchrer und Innovationsmotor. Egal wo auf der Welt, sportliche Autofahrer, Automobilmanufakturen und Veredler vertrauen auf unsere KW Gewindefahrwerke _&#8220;_&#8220;Made in Germany_&#8220;_&#8220;. Jedes KW Gewindefahrwerk wird in der Produktion ausgiebigen Belastungstests unterzogen und direkt in unserem Firmenstammsitz im schw\u00e4bischen Fichtenberg entwickelt und gefertigt, um die hohen Standards unseres KW Qualit\u00e4tsmanagements zu erf\u00fcllen. So ist es f\u00fcr uns als deutscher Hersteller eine Selbstverst\u00e4ndlichkeit auf unsere, die Erstausr\u00fcsterqualit\u00e4t \u00fcbertreffenden KW Gewindefahrwerke und \u00fcber 4.600 Anwendungen umfassenden Fahrwerkl\u00f6sungen eine mehrj\u00e4hrige Garantie zu gew\u00e4hrleisten. Sie betr\u00e4gt beim Einbau bei einem unserer KW Fachhandelspartner bis zu f\u00fcnf Jahren.<\/p>\n<p>&#8211; vorab optimal eingestellt<br \/>&#8211; sportlich-harmonisch wirkende D\u00e4mpfungstechnik<br \/>&#8211; Edelstahltechnik _&#8220;_&#8220;inox-line_&#8220;_&#8220;<br \/>&#8211; individuell h\u00f6heneinstellbar<br \/>&#8211; gepr\u00fcfter Verstellbereich<br \/>&#8211; einbaufertige Komplettl\u00f6sung<br \/>&#8211; hochwertige Bauteile f\u00fcr lange Lebensdauer<br \/>&#8211; komplette Dokumentation f\u00fcr einfache Handhabung<\/p>\n<p>Setup &#8211; Werkseitig vorkonfiguriertes D\u00e4mpfungssetup<br \/>Das KW V1 verf\u00fcgt \u00fcber ein fahrzeugspezifisches, fest konfiguriertes D\u00e4mpfersetup. Die Feder und der D\u00e4mpfer sind perfekt aufeinander abgestimmt, damit Sie beim Fahren eine optimale Balance aus Sportlichkeit und Alltagstauglichkeit erleben.<\/p>\n<p>Selbst bei voller Zuladung und maximalen Achslasten arbeiten die D\u00e4mpfer immer mit einer sportlichen Kennlinie. Interessant ist das KW V1 vor allem f\u00fcr Tuningfreunde, bei denen der Show&amp;Shine-Gedanke im Vordergrund steht.<\/p>\n","protected":false},"excerpt":{"rendered":"<p>Sportliche Optik f\u00fcr den <strong>BMW<\/strong>. Werkseitig perfekt abgestimmtes Setup.<\/p>\n<ul class='kw-specs'>\n<li><strong>Tieferlegung:<\/strong> VA 40-65mm \/ HA 30-55 mm<\/li>\n<li><strong>Material:<\/strong> Edelstahl<\/li>\n<\/ul>\n<p><em>Jetzt konfigurieren!<\/em><\/p>\n","protected":false},"featured_media":4540,"comment_status":"open","ping_status":"closed","template":"","meta":[],"product_brand":[],"product_cat":[17,949],"product_tag":[],"class_list":{"0":"post-16148","1":"product","2":"type-product","3":"status-publish","4":"has-post-thumbnail","6":"product_cat-bmw","7":"product_cat-kw-fahrwerk","9":"first","10":"onbackorder","11":"taxable","12":"shipping-taxable","13":"purchasable","14":"product-type-variable"},"_links":{"self":[{"href":"https:\/\/wagenthaler.com\/shop\/wp-json\/wp\/v2\/product\/16148","targetHints":{"allow":["GET"]}}],"collection":[{"href":"https:\/\/wagenthaler.com\/shop\/wp-json\/wp\/v2\/product"}],"about":[{"href":"https:\/\/wagenthaler.com\/shop\/wp-json\/wp\/v2\/types\/product"}],"replies":[{"embeddable":true,"href":"https:\/\/wagenthaler.com\/shop\/wp-json\/wp\/v2\/comments?post=16148"}],"wp:featuredmedia":[{"embeddable":true,"href":"https:\/\/wagenthaler.com\/shop\/wp-json\/wp\/v2\/media\/4540"}],"wp:attachment":[{"href":"https:\/\/wagenthaler.com\/shop\/wp-json\/wp\/v2\/media?parent=16148"}],"wp:term":[{"taxonomy":"product_brand","embeddable":true,"href":"https:\/\/wagenthaler.com\/shop\/wp-json\/wp\/v2\/product_brand?post=16148"},{"taxonomy":"product_cat","embeddable":true,"href":"https:\/\/wagenthaler.com\/shop\/wp-json\/wp\/v2\/product_cat?post=16148"},{"taxonomy":"product_tag","embeddable":true,"href":"https:\/\/wagenthaler.com\/shop\/wp-json\/wp\/v2\/product_tag?post=16148"}],"curies":[{"name":"wp","href":"https:\/\/api.w.org\/{rel}","templated":true}]}}