{"id":17238,"date":"2026-02-03T06:36:45","date_gmt":"2026-02-03T05:36:45","guid":{"rendered":"https:\/\/shop.wagenthaler.com\/produkt\/kw-v2-gewindefahrwerk-fuer-bmw-4er-cabriolet-g23-g83-11-2020\/"},"modified":"2026-03-20T06:06:52","modified_gmt":"2026-03-20T05:06:52","slug":"kw-v2-gewindefahrwerk-fuer-bmw-4er-cabriolet-g23-g83-11-2020","status":"publish","type":"product","link":"https:\/\/wagenthaler.com\/shop\/kw-v2-gewindefahrwerk-fuer-bmw-4er-cabriolet-g23-g83-11-2020\/","title":{"rendered":"KW V2 Gewindefahrwerk f\u00fcr BMW 4er Cabriolet (G23, G83) 11\/2020-"},"content":{"rendered":"<p><b>F\u00fcr mehr Stabilit\u00e4t oder Fahrkomfort. Mit einstellbarer Zugstufend\u00e4mpfung.<\/b><br \/>Sportliche Autofahrer, die mehr als nur eine herausragende Optik durch eine stufenlose Tieferlegung im gepr\u00fcften Verstellbereich w\u00fcnschen, finden in dem KW V2 Gewindefahrwerk in der KW typischen \u201einox-line\u201c die ideale Fahrwerkl\u00f6sung. Neben der hochwertigen Verarbeitung, dem Einsatz von rostfreien Edelstahl-Federbeinen, korrosionsbest\u00e4ndiger Komponenten und der \u00fcberzeugenden Langlebigkeit \u00fcberzeugt das KW V2 durch die M\u00f6glichkeit, das D\u00e4mpfersetup zus\u00e4tzlich auf die eigenen Anforderungen mit der in 16 Klicks einstellbaren Zugstufe anzupassen.<\/p>\n<p>Mehr Komfort oder mehr Sport &#8211; Sie entscheiden<br \/>Wie bei allen KW Gewindefahrwerken entwickeln die Ingenieure von KW in umfangreichen Testzyklen auf der N\u00fcrburgring Nordschleife und in unserem Testzentrum auf dem KW 7-post Fahrdynamikpr\u00fcfstand die weltweit von Autoenthusiasten gesch\u00e4tzte fahrzeugspezifische KW D\u00e4mpferabstimmung. So erleben Sie mit einem KW Gewindefahrwerk Ihren Wagen direkter und dynamischer. Beim KW V2 k\u00f6nnen Sie dazu als versierter Sportfahrer durch die individuell einstellbare Zugstufenabstimmung selbst Einfluss auf das Handling und den Komfort nehmen. Durch die 16 exakten Klicks k\u00f6nnen Sie die KW D\u00e4mpfer straffer oder komfortabler abstimmen, ohne dabei das Bodenventil der Druckstufe zu beeinflussen.<\/p>\n<p>Je nach Fahrzeugtyp werden die Zugstufenventile der KW Zweirohrd\u00e4mpfer am oberen Ende der Kolbenstange \u00fcber ein integriertes Einstellr\u00e4dchen oder dem im Lieferumfang beinhalteten Aufsteck-Einstellr\u00e4dchen abgestimmt. Indem Sie \u00fcber das Einstellr\u00e4dchen die Zugkraft erh\u00f6hen, verringern sich die Aufbaubewegungen an der Karosserie. Ihr Auto f\u00e4hrt sich dadurch spurtreuer und Sie haben bei erh\u00f6hten Kurvengeschwindigkeiten noch mehr Stabilit\u00e4t. Wechseln Sie beispielsweise die freigegebenen Rad\/Reifenkombinationen Ihres Automobilhersteller f\u00fcr beispielsweise gr\u00f6\u00dfere Felgen, k\u00f6nnen Sie mit dem KW V2 mit der einstellbaren Zugstufe das Fahrverhalten Ihres Autos und Ihre neuen Leichtmetallr\u00e4der perfekt aufeinander anpassen.<\/p>\n<p>KW Qualit\u00e4t &#8211; Ihre Zufriedenheit ist unser Ansporn<br \/>Bei der Fertigung in unserem Stammsitz in Fichtenberg werden die KW Gewindefahrwerke Variante 2 _&#8220;_&#8220;inox-line_&#8220;_&#8220; schon beim Produktionsprozess ausgiebigen Tests unterzogen, um unseren Qualit\u00e4tsstandards gerecht zu werden. Dabei wird jeder einzelne D\u00e4mpfer und jedes Fahrwerk ausgiebig \u00fcberpr\u00fcft. So ist es f\u00fcr uns als deutscher Hersteller eine Selbstverst\u00e4ndlichkeit auf unsere, die Anforderungen der Erstausr\u00fcsterindustrie \u00fcbertreffenden Gewindefahrwerke und \u00fcber 4.600 Anwendungen umfassendes Fahrwerkprogramm beim Einbau durch einen unserer KW Fachhandelspartner eine Garantie bis zu 5 Jahren zu gew\u00e4hrleisten.<\/p>\n<p>Schlie\u00dflich sind unter allen Witterungsbedingungen die KW Gewindefederbeine zu 100 Prozent rostfrei und besitzen eine unbegrenzte Lebensdauer. Die Funktionsweise der stufenlosen Tieferlegung \u00fcber das schmutzunempfindliche Trapezgewinde und den Polyamid-Gewindering ist beim KW V2 ebenfalls auf einen langj\u00e4hrigen Einsatz ausgelegt. Bei einem Salzspr\u00fchnebelversuch entstand an den KW Gewindefederbeinen keine Oxidation. So wird auch nach Jahren das Einstellen der stufenlosen Tieferlegung nicht beeintr\u00e4chtigt.<\/p>\n<p>&#8211; in der Zugstufe in 16 exakten Klicks einstellbare D\u00e4mpfungstechnik<br \/>&#8211; Edelstahltechnik inox-line<br \/>&#8211; Individuelle, stufenlose Tieferlegung<br \/>&#8211; gepr\u00fcfter Verstellbereich<br \/>&#8211; einbaufertige Komplettl\u00f6sung<br \/>&#8211; hochwertige Bauteile f\u00fcr lange Lebensdauer<br \/>&#8211; komplette Dokumentation f\u00fcr einfache Anwendung<\/p>\n<p>Setup &#8211; Einstellbare Zugstufend\u00e4mpfung mit 16 Klicks.<br \/>Die weltweit von Autoenthusiasten gesch\u00e4tzte fahrzeugspezifische KW D\u00e4mpferabstimmung k\u00f6nnen Sie beim KW V2 mit 16 Klicks weiter abstimmen. Durch die Zugstufenverstellung ber\u00fccksichtigen Sie etwa die fahrdynamischen \u00c4nderungen, die sich durch einen Wechsel des Komplettradsatzes oder die Montage von Winterr\u00e4dern ergeben. Je nach eigenem Anspruch l\u00e4sst sich die D\u00e4mpferkennlinie des witterungsbest\u00e4ndigen KW V2 Gewindefahrwerkes straffer oder komfortabler einstellen. Das Fahrwerk eignet sich f\u00fcr alle sportlichen Fahrer, die mehr als eine stufenlose Tieferlegung f\u00fcr ihren Fahrspa\u00df w\u00fcnschen.<\/p>\n","protected":false},"excerpt":{"rendered":"<p>Das Upgrade f\u00fcr deinen <strong>BMW<\/strong>. Besseres Handling.<\/p>\n<ul class='kw-specs'>\n<li><strong>Tieferlegung:<\/strong> VA 30-50mm \/ HA 30-50 mm<\/li>\n<li><strong>Material:<\/strong> Edelstahl<\/li>\n<\/ul>\n<p><em>Jetzt konfigurieren!<\/em><\/p>\n","protected":false},"featured_media":4400,"comment_status":"open","ping_status":"closed","template":"","meta":[],"product_brand":[],"product_cat":[17,949],"product_tag":[],"class_list":{"0":"post-17238","1":"product","2":"type-product","3":"status-publish","4":"has-post-thumbnail","6":"product_cat-bmw","7":"product_cat-kw-fahrwerk","9":"first","10":"onbackorder","11":"taxable","12":"shipping-taxable","13":"purchasable","14":"product-type-variable"},"_links":{"self":[{"href":"https:\/\/wagenthaler.com\/shop\/wp-json\/wp\/v2\/product\/17238","targetHints":{"allow":["GET"]}}],"collection":[{"href":"https:\/\/wagenthaler.com\/shop\/wp-json\/wp\/v2\/product"}],"about":[{"href":"https:\/\/wagenthaler.com\/shop\/wp-json\/wp\/v2\/types\/product"}],"replies":[{"embeddable":true,"href":"https:\/\/wagenthaler.com\/shop\/wp-json\/wp\/v2\/comments?post=17238"}],"wp:featuredmedia":[{"embeddable":true,"href":"https:\/\/wagenthaler.com\/shop\/wp-json\/wp\/v2\/media\/4400"}],"wp:attachment":[{"href":"https:\/\/wagenthaler.com\/shop\/wp-json\/wp\/v2\/media?parent=17238"}],"wp:term":[{"taxonomy":"product_brand","embeddable":true,"href":"https:\/\/wagenthaler.com\/shop\/wp-json\/wp\/v2\/product_brand?post=17238"},{"taxonomy":"product_cat","embeddable":true,"href":"https:\/\/wagenthaler.com\/shop\/wp-json\/wp\/v2\/product_cat?post=17238"},{"taxonomy":"product_tag","embeddable":true,"href":"https:\/\/wagenthaler.com\/shop\/wp-json\/wp\/v2\/product_tag?post=17238"}],"curies":[{"name":"wp","href":"https:\/\/api.w.org\/{rel}","templated":true}]}}