{"id":17912,"date":"2026-02-03T06:54:21","date_gmt":"2026-02-03T05:54:21","guid":{"rendered":"https:\/\/shop.wagenthaler.com\/produkt\/kw-v3-racing-gewindefahrwerk-fuer-bmw-4er-coupe-f32-f82-3c-m3-m3-gts-07-2013-06-2020\/"},"modified":"2026-03-20T06:06:53","modified_gmt":"2026-03-20T05:06:53","slug":"kw-v3-racing-gewindefahrwerk-fuer-bmw-4er-coupe-f32-f82-3c-m3-m3-gts-07-2013-06-2020","status":"publish","type":"product","link":"https:\/\/wagenthaler.com\/shop\/kw-v3-racing-gewindefahrwerk-fuer-bmw-4er-coupe-f32-f82-3c-m3-m3-gts-07-2013-06-2020\/","title":{"rendered":"KW V3 Racing Gewindefahrwerk f\u00fcr BMW 4er Coupe (F32, F82) 3C, M3, M3 GTS 07\/2013-06\/2020"},"content":{"rendered":"<p>Das KW V3 Racing Rennsportfahrwerk ist der Einstieg in unser Motorsportprogramm mit mehrfach einstellbarer D\u00e4mpfertechnologie. Das KW V3 Racing ist unabh\u00e4ngig in den Lowspeed-Kr\u00e4ften der Druck- und Zugstufe einstellbar. Im Vergleich zu einem KW V3 Clubsport Gewindefahrwerk verf\u00fcgt das KW V3 Racing \u00fcber kein Teilegutachten und ist in seiner gesamten Auslegung ausschlie\u00dflich f\u00fcr den Trackday- und Rundstreckeneinsatz entwickelt.<\/p>\n<p><b>Kompromisslose Motorsport-Performance ohne Abstriche<\/b><\/p>\n<p>Das KW V3 Racing Rennsportfahrwerk ist eine fahrzeugspezifische Motorsportanwendung und in unterschiedlichen Ausf\u00fchrungen f\u00fcr eine Vielzahl an Fahrzeugen erh\u00e4ltlich.<\/p>\n<p>Viele unserer Motorsportkunden entscheiden sich f\u00fcr ein KW V3 Racing, falls sie mit ihren Rennfahrzeugen an verschiedenen Rundstreckeneins\u00e4tzen wie etwa an der Rundstrecken-Challenge N\u00fcrburgring e.V. oder an Trackdays mit nicht stra\u00dfenzugelassenen Fahrzeugen teilnehmen wollen. Das KW V3 Racing ist in seiner gesamten Auslegung fahrzeugspezifisch f\u00fcr die N\u00fcrburgring Nordschleife in puncto Achsgeometrie, Bodenfreiheit, D\u00e4mpfungsma\u00df, Federraten, Federwege und Radlasten ausgelegt. Je nach Fahrzeug wird das KW V3 Racing mit D\u00e4mpfergeh\u00e4usen aus hochfestem Aluminium oder aus verzinkten Stahl bzw. auch als MacPherson-Federbeine direkt in Fichtenberg nach Bestelleingang gefertigt. <\/p>\n<p>Die D\u00e4mpferkennlinien des mit zw\u00f6lf Klicks in der Lowspeed-Druckstufe und mit 16 Klicks in der Lowspeed-Zugstufe separat einstellbaren Fahrwerks erm\u00f6glicht eine umfangreiche Kennliniengestaltung. Jedes Klick sorgt f\u00fcr eine individuelle Abstimmung.<\/p>\n<p>&#8211; Aluminium-Unibal-St\u00fctzlager (je nach Fahrzeug ist der Sturz einstellbar)<br \/>&#8211; Lineare hochfeste Rennsportfedern<br \/>&#8211; Einstellbare Druckstufend\u00e4mpfung im Lowspeed<br \/>&#8211; Einstellbare Zugstufend\u00e4mpfung im Lowspeed<br \/>&#8211; D\u00e4mpfergeh\u00e4use aus hochfestem Aluminium oder in verzinkter Stahlausf\u00fchrung<\/p>\n","protected":false},"excerpt":{"rendered":"<p>Maximale Performance im <strong>BMW<\/strong>. Pr\u00e4zises Handling, voll einstellbar.<\/p>\n<ul class='kw-specs'>\n<li><strong>Material:<\/strong> VA: Stahl verzinkt \/ HA: Aluminium<\/li>\n<\/ul>\n<p><em>Jetzt konfigurieren!<\/em><\/p>\n","protected":false},"featured_media":9535,"comment_status":"open","ping_status":"closed","template":"","meta":[],"product_brand":[],"product_cat":[17,949],"product_tag":[],"class_list":{"0":"post-17912","1":"product","2":"type-product","3":"status-publish","4":"has-post-thumbnail","6":"product_cat-bmw","7":"product_cat-kw-fahrwerk","9":"first","10":"onbackorder","11":"taxable","12":"shipping-taxable","13":"purchasable","14":"product-type-variable"},"_links":{"self":[{"href":"https:\/\/wagenthaler.com\/shop\/wp-json\/wp\/v2\/product\/17912","targetHints":{"allow":["GET"]}}],"collection":[{"href":"https:\/\/wagenthaler.com\/shop\/wp-json\/wp\/v2\/product"}],"about":[{"href":"https:\/\/wagenthaler.com\/shop\/wp-json\/wp\/v2\/types\/product"}],"replies":[{"embeddable":true,"href":"https:\/\/wagenthaler.com\/shop\/wp-json\/wp\/v2\/comments?post=17912"}],"wp:featuredmedia":[{"embeddable":true,"href":"https:\/\/wagenthaler.com\/shop\/wp-json\/wp\/v2\/media\/9535"}],"wp:attachment":[{"href":"https:\/\/wagenthaler.com\/shop\/wp-json\/wp\/v2\/media?parent=17912"}],"wp:term":[{"taxonomy":"product_brand","embeddable":true,"href":"https:\/\/wagenthaler.com\/shop\/wp-json\/wp\/v2\/product_brand?post=17912"},{"taxonomy":"product_cat","embeddable":true,"href":"https:\/\/wagenthaler.com\/shop\/wp-json\/wp\/v2\/product_cat?post=17912"},{"taxonomy":"product_tag","embeddable":true,"href":"https:\/\/wagenthaler.com\/shop\/wp-json\/wp\/v2\/product_tag?post=17912"}],"curies":[{"name":"wp","href":"https:\/\/api.w.org\/{rel}","templated":true}]}}