{"id":18200,"date":"2026-02-03T07:00:09","date_gmt":"2026-02-03T06:00:09","guid":{"rendered":"https:\/\/shop.wagenthaler.com\/produkt\/ap-gewindefahrwerk-fuer-bmw-4er-gran-coupe-f36-3c-03-2014-05-2021\/"},"modified":"2026-03-20T06:06:53","modified_gmt":"2026-03-20T05:06:53","slug":"ap-gewindefahrwerk-fuer-bmw-4er-gran-coupe-f36-3c-03-2014-05-2021","status":"publish","type":"product","link":"https:\/\/wagenthaler.com\/shop\/ap-gewindefahrwerk-fuer-bmw-4er-gran-coupe-f36-3c-03-2014-05-2021\/","title":{"rendered":"ap Gewindefahrwerk f\u00fcr BMW 4er Gran Coupe (F36) 3C 03\/2014-05\/2021"},"content":{"rendered":"<p>ap Gewindefahrwerke kombinieren die Freiheit einer sportlichen Tieferlegung f\u00fcr eine coole Optik mit grenzenlosem Fahrspa\u00df und einem ausgezeichneten Fahrgef\u00fchl. Das ap Fahrwerksetup bietet Dir eine optimale Abstimmung aus Sportlichkeit, Komfort und Sicherheit f\u00fcr Dein Auto. Dein Fahrzeug erh\u00e4lt mit den ap Gewindefahrwerken eine kompromisslose Fahrperformance, ohne dass der Restkomfort dar-unter leidet. Mit ap erlebst Du im Alltag immer ein ideales Fahr-vergn\u00fcgen. Maximaler Fahrspa\u00df sowie eine hohe Qualit\u00e4t zum besonders attraktiven Preis sind unsere Mission.<\/p>\n<p>&#8211; Individuelle Tieferlegung entsprechend dem Teilegutachten und dem gepr\u00fcften Verstellbereich<br \/>&#8211; \u00dcber den gepr\u00fcften Bereich hinaus in der Regel noch Restgewinde<br \/>&#8211; Verzinkte Gewindefederbeine bieten langlebigen Korrosionsschutz<br \/>&#8211; Konsequente Sportlichkeit mit Restkomfort<br \/>&#8211; Qualit\u00e4tsgepr\u00fcfte Komponenten<br \/>&#8211; Dicht- und Staubschutzpaket f\u00fcr langen Fahrspa\u00df<br \/>&#8211; Deutsche Entwicklungsarbeit<br \/>&#8211; Teilegutachten im Lieferumfang enthalten<br \/>&#8211; Hohe Qualit\u00e4t zum besonders attraktiven Preis<br \/>&#8211; Hochwertige 2-Rohr D\u00e4mpfertechnologie<br \/>&#8211; Trapezgewinde sorgt f\u00fcr beste Verstellbarkeit des Verstellfedertellers<br \/>&#8211; Qualit\u00e4tsfedern mit hochwertiger Beschichtung, bietet optimalen Schutz vor Korrosion und Steinschlag<\/p>\n","protected":false},"excerpt":{"rendered":"<p>Das Upgrade f\u00fcr deinen <strong>BMW<\/strong>. Besseres Handling.<\/p>\n<ul class='kw-specs'>\n<li><strong>Tieferlegung:<\/strong> VA 40-65mm \/ HA 40-65 mm<\/li>\n<li><strong>Material:<\/strong> Stahl verzinkt<\/li>\n<\/ul>\n<p><em>Jetzt konfigurieren!<\/em><\/p>\n","protected":false},"featured_media":7027,"comment_status":"open","ping_status":"closed","template":"","meta":[],"product_brand":[],"product_cat":[17,949],"product_tag":[],"class_list":{"0":"post-18200","1":"product","2":"type-product","3":"status-publish","4":"has-post-thumbnail","6":"product_cat-bmw","7":"product_cat-kw-fahrwerk","9":"first","10":"onbackorder","11":"taxable","12":"shipping-taxable","13":"purchasable","14":"product-type-variable"},"_links":{"self":[{"href":"https:\/\/wagenthaler.com\/shop\/wp-json\/wp\/v2\/product\/18200","targetHints":{"allow":["GET"]}}],"collection":[{"href":"https:\/\/wagenthaler.com\/shop\/wp-json\/wp\/v2\/product"}],"about":[{"href":"https:\/\/wagenthaler.com\/shop\/wp-json\/wp\/v2\/types\/product"}],"replies":[{"embeddable":true,"href":"https:\/\/wagenthaler.com\/shop\/wp-json\/wp\/v2\/comments?post=18200"}],"wp:featuredmedia":[{"embeddable":true,"href":"https:\/\/wagenthaler.com\/shop\/wp-json\/wp\/v2\/media\/7027"}],"wp:attachment":[{"href":"https:\/\/wagenthaler.com\/shop\/wp-json\/wp\/v2\/media?parent=18200"}],"wp:term":[{"taxonomy":"product_brand","embeddable":true,"href":"https:\/\/wagenthaler.com\/shop\/wp-json\/wp\/v2\/product_brand?post=18200"},{"taxonomy":"product_cat","embeddable":true,"href":"https:\/\/wagenthaler.com\/shop\/wp-json\/wp\/v2\/product_cat?post=18200"},{"taxonomy":"product_tag","embeddable":true,"href":"https:\/\/wagenthaler.com\/shop\/wp-json\/wp\/v2\/product_tag?post=18200"}],"curies":[{"name":"wp","href":"https:\/\/api.w.org\/{rel}","templated":true}]}}