{"id":2053,"date":"2026-01-27T02:40:06","date_gmt":"2026-01-27T01:40:06","guid":{"rendered":"https:\/\/shop.wagenthaler.com\/produkt\/akrapovic-di-po-ca-8-g-fuer-porsche-718-cayman-gt4-spyder\/"},"modified":"2026-01-27T02:42:04","modified_gmt":"2026-01-27T01:42:04","slug":"akrapovic-rear-carbon-fibre-diffuser-high-gloss-fuer-porsche-718-cayman-gt4-spyder","status":"publish","type":"product","link":"https:\/\/wagenthaler.com\/shop\/akrapovic-rear-carbon-fibre-diffuser-high-gloss-fuer-porsche-718-cayman-gt4-spyder\/","title":{"rendered":"Akrapovi\u010d Rear Carbon Fibre Diffuser &#8211; High Gloss f\u00fcr Porsche 718 Cayman GT4 \/ Spyder"},"content":{"rendered":"<p>Ein beeindruckender <strong>Karbon-Diffusor<\/strong> ist als Option im Angebot, ganz nach Wunsch in einer <strong>gl\u00e4nzenden<\/strong> oder <strong>matten<\/strong> Ausf\u00fchrung. Gegen\u00fcber der Standardausf\u00fchrung des Autos verf\u00fcgt er \u00fcber ein komplett neues Design und verleiht dem Heck des M5 eine aggressivere und sportlichere Note, daer den Blick auf die kompletten Endrohre freigibt. <br \/><\/br\/><\/p>\n","protected":false},"excerpt":{"rendered":"<p>Ein beeindruckender Karbon-Diffusor ist als Option im Angebot, ganz nach Wunsch in einer gl\u00e4nzenden oder matten Ausf\u00fchrung. Gegen\u00fcber der Standardausf\u00fchrung des Autos verf\u00fcgt er \u00fcber ein komplett neues Design und verleiht dem Heck des M5 eine aggressivere und sportlichere Note, daer den Blick auf die kompletten Endrohre freigibt.<\/p>\n","protected":false},"featured_media":2054,"comment_status":"open","ping_status":"closed","template":"","meta":[],"product_brand":[],"product_cat":[18,20],"product_tag":[],"class_list":{"0":"post-2053","1":"product","2":"type-product","3":"status-publish","4":"has-post-thumbnail","6":"product_cat-akrapovic-zubehoer","7":"product_cat-porsche","9":"first","10":"instock","11":"sale","12":"taxable","13":"shipping-taxable","14":"purchasable","15":"product-type-simple"},"_links":{"self":[{"href":"https:\/\/wagenthaler.com\/shop\/wp-json\/wp\/v2\/product\/2053","targetHints":{"allow":["GET"]}}],"collection":[{"href":"https:\/\/wagenthaler.com\/shop\/wp-json\/wp\/v2\/product"}],"about":[{"href":"https:\/\/wagenthaler.com\/shop\/wp-json\/wp\/v2\/types\/product"}],"replies":[{"embeddable":true,"href":"https:\/\/wagenthaler.com\/shop\/wp-json\/wp\/v2\/comments?post=2053"}],"wp:featuredmedia":[{"embeddable":true,"href":"https:\/\/wagenthaler.com\/shop\/wp-json\/wp\/v2\/media\/2054"}],"wp:attachment":[{"href":"https:\/\/wagenthaler.com\/shop\/wp-json\/wp\/v2\/media?parent=2053"}],"wp:term":[{"taxonomy":"product_brand","embeddable":true,"href":"https:\/\/wagenthaler.com\/shop\/wp-json\/wp\/v2\/product_brand?post=2053"},{"taxonomy":"product_cat","embeddable":true,"href":"https:\/\/wagenthaler.com\/shop\/wp-json\/wp\/v2\/product_cat?post=2053"},{"taxonomy":"product_tag","embeddable":true,"href":"https:\/\/wagenthaler.com\/shop\/wp-json\/wp\/v2\/product_tag?post=2053"}],"curies":[{"name":"wp","href":"https:\/\/api.w.org\/{rel}","templated":true}]}}