{"id":2071,"date":"2026-01-27T02:40:58","date_gmt":"2026-01-27T01:40:58","guid":{"rendered":"https:\/\/shop.wagenthaler.com\/produkt\/import\/"},"modified":"2026-02-05T15:43:13","modified_gmt":"2026-02-05T14:43:13","slug":"akrapovic-tail-pipe-set-titan-black-fuer-porsche-718-cayman-gt4-spyder","status":"publish","type":"product","link":"https:\/\/wagenthaler.com\/shop\/akrapovic-tail-pipe-set-titan-black-fuer-porsche-718-cayman-gt4-spyder\/","title":{"rendered":"Akrapovi\u010d Tail pipe set (Titan) &#8211; Black f\u00fcr Porsche 718 Cayman GT4 \/ Spyder"},"content":{"rendered":"<p>Es ist der sichtbarste Teil einer Auspuffanlage, und so widmen wir den Endrohren die h\u00f6chste Aufmerksamkeit.<br \/><\/br><\/p>\n<p>Es besteht die M\u00f6glichkeit, zwischen zwei verschiedenen S\u00e4tzen runder Titan-Endrohre zu w\u00e4hlen. Diese sind sandgestrahlt und beschichtet und in einem nat\u00fcrlichen Titan-Finish oder schwarz erh\u00e4ltlich. Die Innenseite der Endrohre verf\u00fcgt \u00fcber eine dynamische Reliefoberfl\u00e4che f\u00fcr einen gehobenen \u00e4sthetischen Wert. <br \/><\/br><\/p>\n","protected":false},"excerpt":{"rendered":"<p>Es ist der sichtbarste Teil einer Auspuffanlage, und so widmen wir den Endrohren die h\u00f6chste Aufmerksamkeit. Es besteht die M\u00f6glichkeit, zwischen zwei verschiedenen S\u00e4tzen runder Titan-Endrohre zu w\u00e4hlen. Diese sind sandgestrahlt und beschichtet und in einem nat\u00fcrlichen Titan-Finish oder schwarz erh\u00e4ltlich. Die Innenseite der Endrohre verf\u00fcgt \u00fcber eine dynamische Reliefoberfl\u00e4che f\u00fcr einen gehobenen \u00e4sthetischen Wert.<\/p>\n","protected":false},"featured_media":2058,"comment_status":"open","ping_status":"closed","template":"","meta":[],"product_brand":[],"product_cat":[18,20],"product_tag":[],"class_list":{"0":"post-2071","1":"product","2":"type-product","3":"status-publish","4":"has-post-thumbnail","6":"product_cat-akrapovic-zubehoer","7":"product_cat-porsche","9":"first","10":"instock","11":"sale","12":"taxable","13":"shipping-taxable","14":"purchasable","15":"product-type-simple"},"_links":{"self":[{"href":"https:\/\/wagenthaler.com\/shop\/wp-json\/wp\/v2\/product\/2071","targetHints":{"allow":["GET"]}}],"collection":[{"href":"https:\/\/wagenthaler.com\/shop\/wp-json\/wp\/v2\/product"}],"about":[{"href":"https:\/\/wagenthaler.com\/shop\/wp-json\/wp\/v2\/types\/product"}],"replies":[{"embeddable":true,"href":"https:\/\/wagenthaler.com\/shop\/wp-json\/wp\/v2\/comments?post=2071"}],"wp:featuredmedia":[{"embeddable":true,"href":"https:\/\/wagenthaler.com\/shop\/wp-json\/wp\/v2\/media\/2058"}],"wp:attachment":[{"href":"https:\/\/wagenthaler.com\/shop\/wp-json\/wp\/v2\/media?parent=2071"}],"wp:term":[{"taxonomy":"product_brand","embeddable":true,"href":"https:\/\/wagenthaler.com\/shop\/wp-json\/wp\/v2\/product_brand?post=2071"},{"taxonomy":"product_cat","embeddable":true,"href":"https:\/\/wagenthaler.com\/shop\/wp-json\/wp\/v2\/product_cat?post=2071"},{"taxonomy":"product_tag","embeddable":true,"href":"https:\/\/wagenthaler.com\/shop\/wp-json\/wp\/v2\/product_tag?post=2071"}],"curies":[{"name":"wp","href":"https:\/\/api.w.org\/{rel}","templated":true}]}}