{"id":2084,"date":"2026-01-27T02:42:53","date_gmt":"2026-01-27T01:42:53","guid":{"rendered":"https:\/\/shop.wagenthaler.com\/produkt\/akrapovic-evolution-header-set-titan-fuer-porsche-718-cayman-gt4-rs-spyder-rs\/"},"modified":"2026-04-08T04:01:12","modified_gmt":"2026-04-08T02:01:12","slug":"akrapovic-evolution-header-set-titan-fuer-porsche-718-cayman-gt4-rs-spyder-rs","status":"publish","type":"product","link":"https:\/\/wagenthaler.com\/shop\/akrapovic-evolution-header-set-titan-fuer-porsche-718-cayman-gt4-rs-spyder-rs\/","title":{"rendered":"Akrapovi\u010d Evolution Header Set (Titan) f\u00fcr Porsche 718 Cayman GT4 RS \/ Spyder RS"},"content":{"rendered":"<p><strong>Die Evolution Header Set (Titanium) wurde zusammen mit der Slip-On Race Line (Titan) montiert werden.<\/strong><\/p>\n<p>Dieser hochwertige <strong>Titan<\/strong>-Kr\u00fcmmersatz basiert auf rennerprobten L\u00f6sungen und verf\u00fcgt \u00fcber ein spezielles Kr\u00fcmmer\u00fcbergangsteil auf jeder Seite. Diese technologische Innovation ist ein Meisterwerk der Technik und steigert die Leistung der gesamten Abgasanlage im mittleren Drehzahlbereich. Mehrere Teile werden in der firmeneigenen Gie\u00dferei gegossen, darunter die f\u00fcr einen reibungslosen Gasfluss konzipierten Drei-zu-Eins-Kollektoren. Das Gewicht ist 5 kg (51,9 %) geringer als bei der Standardanlage und wenn sie mit der Slip-On Race Line (Titanium) und dem Link Pipe Set (Titanium) installiert wird, steigen Leistung und Drehmoment um 26 kW (35,4 PS) bei 4.900 U\/min und um 50,9 Nm bei 4.900 U\/min, wenn sie auf dem Akrapovi\u010d-Pr\u00fcfstand gegen einen Porsche 718 Cayman GT4 RS mit einer serienm\u00e4\u00dfigen Anlage getestet wird. Das System erzeugt einen typischen, charaktervollen <strong>Rennsportsound <\/strong>mit einer markanten Note w\u00e4hrend der Schaltvorg\u00e4nge. Bei der Installation ist ein <strong>Re-Mapping erforderlich<\/strong>. Dieses rennstreckenorientierte Bauteil und das komplette System wurden ausschlie\u00dflich f\u00fcr den Einsatz auf geschlossenen Rennstrecken entwickelt.<\/p>\n<p><strong>Dieses Produkt passt auf OPF- und NON-OPF-Fahrzeuge.<\/strong><\/p>\n<p>DIESES PRODUKT ERF\u00dcLLT NICHT DIE EINZUHALTENDEN ABGASNORMEN IM STRASSENGEBRAUCH<\/p>\n<p><\/br\/><\/p>\n","protected":false},"excerpt":{"rendered":"<p>Die Evolution Header Set (Titanium) wurde zusammen mit der Slip-On Race Line (Titan) montiert werden. Dieser hochwertige Titan-Kr\u00fcmmersatz basiert auf rennerprobten L\u00f6sungen und verf\u00fcgt \u00fcber ein spezielles Kr\u00fcmmer\u00fcbergangsteil auf jeder Seite. Diese technologische Innovation ist ein Meisterwerk der Technik und steigert die Leistung der gesamten Abgasanlage im mittleren Drehzahlbereich. Mehrere Teile werden in der firmeneigenen [&hellip;]<\/p>\n","protected":false},"featured_media":2085,"comment_status":"open","ping_status":"closed","template":"","meta":[],"product_brand":[],"product_cat":[18,20],"product_tag":[],"class_list":{"0":"post-2084","1":"product","2":"type-product","3":"status-publish","4":"has-post-thumbnail","6":"product_cat-akrapovic-zubehoer","7":"product_cat-porsche","9":"first","10":"outofstock","11":"sale","12":"taxable","13":"shipping-taxable","14":"purchasable","15":"product-type-variable"},"_links":{"self":[{"href":"https:\/\/wagenthaler.com\/shop\/wp-json\/wp\/v2\/product\/2084","targetHints":{"allow":["GET"]}}],"collection":[{"href":"https:\/\/wagenthaler.com\/shop\/wp-json\/wp\/v2\/product"}],"about":[{"href":"https:\/\/wagenthaler.com\/shop\/wp-json\/wp\/v2\/types\/product"}],"replies":[{"embeddable":true,"href":"https:\/\/wagenthaler.com\/shop\/wp-json\/wp\/v2\/comments?post=2084"}],"wp:featuredmedia":[{"embeddable":true,"href":"https:\/\/wagenthaler.com\/shop\/wp-json\/wp\/v2\/media\/2085"}],"wp:attachment":[{"href":"https:\/\/wagenthaler.com\/shop\/wp-json\/wp\/v2\/media?parent=2084"}],"wp:term":[{"taxonomy":"product_brand","embeddable":true,"href":"https:\/\/wagenthaler.com\/shop\/wp-json\/wp\/v2\/product_brand?post=2084"},{"taxonomy":"product_cat","embeddable":true,"href":"https:\/\/wagenthaler.com\/shop\/wp-json\/wp\/v2\/product_cat?post=2084"},{"taxonomy":"product_tag","embeddable":true,"href":"https:\/\/wagenthaler.com\/shop\/wp-json\/wp\/v2\/product_tag?post=2084"}],"curies":[{"name":"wp","href":"https:\/\/api.w.org\/{rel}","templated":true}]}}