{"id":2090,"date":"2026-01-27T02:43:32","date_gmt":"2026-01-27T01:43:32","guid":{"rendered":"https:\/\/shop.wagenthaler.com\/produkt\/akrapovic-link-pipe-set-titan-fuer-porsche-718-cayman-gt4-rs-spyder-rs\/"},"modified":"2026-01-27T02:44:02","modified_gmt":"2026-01-27T01:44:02","slug":"akrapovic-link-pipe-set-titan-fuer-porsche-718-cayman-gt4-rs-spyder-rs","status":"publish","type":"product","link":"https:\/\/wagenthaler.com\/shop\/akrapovic-link-pipe-set-titan-fuer-porsche-718-cayman-gt4-rs-spyder-rs\/","title":{"rendered":"Akrapovi\u010d Link Pipe Set (Titan) f\u00fcr Porsche 718 Cayman GT4 RS \/ Spyder RS"},"content":{"rendered":"<p><strong>Die Link pipe set (Titanium) wurde zusammen mit der Slip-On Race Line (Titan) montiert werden.<\/strong><\/p>\n<p>Das aus hochwertigem <strong>Titan <\/strong>gefertigte und mit Edelstahl isolierte Vorderteil wird in der firmeneigenen Gie\u00dferei gegossen und so geformt, dass es den richtigen Abstand zu den serienm\u00e4\u00dfigen Sto\u00dfd\u00e4mpfern hat. Die <strong>sportlichen 200 cpsi Katalysat<\/strong>oren sind integriert und haben eine zus\u00e4tzliche Isolierung f\u00fcr den Hitzeschutz. F\u00fcr Fahrzeuge ohne Ottopartikelfilter wird ein neuer Stecker mitgeliefert, um den EGT-Sensor zu deaktivieren. Das System wiegt 4,9 kg (38,9 %) weniger als die Serienanlage. In Verbindung mit der Slip-On Race Line (Titanium) wurde auf dem Akrapovi\u010d-Pr\u00fcfstand ein <strong>Leistungszuwachs <\/strong>von 19,5 kW (26,5 PS) bei 4.950 U\/min und ein <strong>Drehmomentanstieg <\/strong>von 38,1 Nm bei 4.900 U\/min im Vergleich zu einem Porsche 718 Cayman GT4 RS mit serienm\u00e4\u00dfiger Abgasanlage festgestellt. Aufgrund des direkteren Abgasstroms hat der <strong>Sound <\/strong>einen wahren <strong>Rennsportcharakter <\/strong>mit hochfrequenten T\u00f6nen. Dieses rennstreckenorientierte Bauteil wurde ausschlie\u00dflich f\u00fcr den Einsatz auf abgesperrten Rennstrecken entwickelt und erfordert nach dem Einbau ein Re-Mapping. Ein weiteres Upgrade ist durch den Einbau des optionalen Evolution Header Sets (Titanium) m\u00f6glich.<\/br\/><\/p>\n<p><strong>Dieses Produkt passt auf OPF- und NON-OPF-Fahrzeuge.<\/strong><\/p>\n<p>DIESES PRODUKT ERF\u00dcLLT NICHT DIE EINZUHALTENDEN ABGASNORMEN IM STRASSENGEBRAUCH<\/p>\n<p><\/br\/><\/p>\n","protected":false},"excerpt":{"rendered":"<p>Die Link pipe set (Titanium) wurde zusammen mit der Slip-On Race Line (Titan) montiert werden. Das aus hochwertigem Titan gefertigte und mit Edelstahl isolierte Vorderteil wird in der firmeneigenen Gie\u00dferei gegossen und so geformt, dass es den richtigen Abstand zu den serienm\u00e4\u00dfigen Sto\u00dfd\u00e4mpfern hat. Die sportlichen 200 cpsi Katalysatoren sind integriert und haben eine zus\u00e4tzliche [&hellip;]<\/p>\n","protected":false},"featured_media":2088,"comment_status":"open","ping_status":"closed","template":"","meta":[],"product_brand":[],"product_cat":[18,20],"product_tag":[],"class_list":{"0":"post-2090","1":"product","2":"type-product","3":"status-publish","4":"has-post-thumbnail","6":"product_cat-akrapovic-zubehoer","7":"product_cat-porsche","9":"first","10":"outofstock","11":"sale","12":"taxable","13":"shipping-taxable","14":"purchasable","15":"product-type-simple"},"_links":{"self":[{"href":"https:\/\/wagenthaler.com\/shop\/wp-json\/wp\/v2\/product\/2090","targetHints":{"allow":["GET"]}}],"collection":[{"href":"https:\/\/wagenthaler.com\/shop\/wp-json\/wp\/v2\/product"}],"about":[{"href":"https:\/\/wagenthaler.com\/shop\/wp-json\/wp\/v2\/types\/product"}],"replies":[{"embeddable":true,"href":"https:\/\/wagenthaler.com\/shop\/wp-json\/wp\/v2\/comments?post=2090"}],"wp:featuredmedia":[{"embeddable":true,"href":"https:\/\/wagenthaler.com\/shop\/wp-json\/wp\/v2\/media\/2088"}],"wp:attachment":[{"href":"https:\/\/wagenthaler.com\/shop\/wp-json\/wp\/v2\/media?parent=2090"}],"wp:term":[{"taxonomy":"product_brand","embeddable":true,"href":"https:\/\/wagenthaler.com\/shop\/wp-json\/wp\/v2\/product_brand?post=2090"},{"taxonomy":"product_cat","embeddable":true,"href":"https:\/\/wagenthaler.com\/shop\/wp-json\/wp\/v2\/product_cat?post=2090"},{"taxonomy":"product_tag","embeddable":true,"href":"https:\/\/wagenthaler.com\/shop\/wp-json\/wp\/v2\/product_tag?post=2090"}],"curies":[{"name":"wp","href":"https:\/\/api.w.org\/{rel}","templated":true}]}}