{"id":2091,"date":"2026-01-27T02:43:33","date_gmt":"2026-01-27T01:43:33","guid":{"rendered":"https:\/\/shop.wagenthaler.com\/produkt\/akrapovic-sound-kit-fuer-porsche-718-cayman-gt4-rs-spyder-rs\/"},"modified":"2026-01-27T02:44:03","modified_gmt":"2026-01-27T01:44:03","slug":"akrapovic-sound-kit-fuer-porsche-718-cayman-gt4-rs-spyder-rs","status":"publish","type":"product","link":"https:\/\/wagenthaler.com\/shop\/akrapovic-sound-kit-fuer-porsche-718-cayman-gt4-rs-spyder-rs\/","title":{"rendered":"Akrapovi\u010d Sound Kit f\u00fcr Porsche 718 Cayman GT4 RS \/ Spyder RS"},"content":{"rendered":"<p>The optional Akrapovi\u010d Sound Kit enables owners of selected Akrapovi\u010d car exhausts to control the sound of the system from the cockpit of their machine. Using Akrapovi\u010d technology, drivers can easily switch between the quiet mode and a sportier sound.\u00a0<\/p>\n<p>Pictures are symbolic.<\/p>\n","protected":false},"excerpt":{"rendered":"<p>The optional Akrapovi\u010d Sound Kit enables owners of selected Akrapovi\u010d car exhausts to control the sound of the system from the cockpit of their machine. Using Akrapovi\u010d technology, drivers can easily switch between the quiet mode and a sportier sound.\u00a0 Pictures are symbolic.<\/p>\n","protected":false},"featured_media":2092,"comment_status":"open","ping_status":"closed","template":"","meta":[],"product_brand":[],"product_cat":[18,20],"product_tag":[],"class_list":{"0":"post-2091","1":"product","2":"type-product","3":"status-publish","4":"has-post-thumbnail","6":"product_cat-akrapovic-zubehoer","7":"product_cat-porsche","9":"first","10":"instock","11":"sale","12":"taxable","13":"shipping-taxable","14":"purchasable","15":"product-type-simple"},"_links":{"self":[{"href":"https:\/\/wagenthaler.com\/shop\/wp-json\/wp\/v2\/product\/2091","targetHints":{"allow":["GET"]}}],"collection":[{"href":"https:\/\/wagenthaler.com\/shop\/wp-json\/wp\/v2\/product"}],"about":[{"href":"https:\/\/wagenthaler.com\/shop\/wp-json\/wp\/v2\/types\/product"}],"replies":[{"embeddable":true,"href":"https:\/\/wagenthaler.com\/shop\/wp-json\/wp\/v2\/comments?post=2091"}],"wp:featuredmedia":[{"embeddable":true,"href":"https:\/\/wagenthaler.com\/shop\/wp-json\/wp\/v2\/media\/2092"}],"wp:attachment":[{"href":"https:\/\/wagenthaler.com\/shop\/wp-json\/wp\/v2\/media?parent=2091"}],"wp:term":[{"taxonomy":"product_brand","embeddable":true,"href":"https:\/\/wagenthaler.com\/shop\/wp-json\/wp\/v2\/product_brand?post=2091"},{"taxonomy":"product_cat","embeddable":true,"href":"https:\/\/wagenthaler.com\/shop\/wp-json\/wp\/v2\/product_cat?post=2091"},{"taxonomy":"product_tag","embeddable":true,"href":"https:\/\/wagenthaler.com\/shop\/wp-json\/wp\/v2\/product_tag?post=2091"}],"curies":[{"name":"wp","href":"https:\/\/api.w.org\/{rel}","templated":true}]}}