{"id":2095,"date":"2026-01-27T02:43:48","date_gmt":"2026-01-27T01:43:48","guid":{"rendered":"https:\/\/shop.wagenthaler.com\/produkt\/akrapovic-rear-carbon-fiber-diffuser-matte-fuer-porsche-718-cayman-gt4-rs-spyder-rs\/"},"modified":"2026-01-27T02:44:04","modified_gmt":"2026-01-27T01:44:04","slug":"akrapovic-rear-carbon-fiber-diffuser-matte-fuer-porsche-718-cayman-gt4-rs-spyder-rs","status":"publish","type":"product","link":"https:\/\/wagenthaler.com\/shop\/akrapovic-rear-carbon-fiber-diffuser-matte-fuer-porsche-718-cayman-gt4-rs-spyder-rs\/","title":{"rendered":"Akrapovi\u010d Rear Carbon Fiber Diffuser &#8211; Matte f\u00fcr Porsche 718 Cayman GT4 RS \/ Spyder RS"},"content":{"rendered":"<p>Dieses Produkt wird in fachm\u00e4nnischer Handarbeit aus rennerprobtem Karbon hergestellt. Der Diffusor ist in matter oder hochgl\u00e4nzender Ausf\u00fchrung erh\u00e4ltlich und passt zu den Endrohren der Slip-On Race Line (Titanium) Abgasanlage. Der untere Teil des Diffusors ist mit zwei austauschbaren Gummiprotektoren ausgestattet. Diese verhindern, dass das Karbongewebe den Asphalt der Rennstrecke zerkratzt.<br \/><\/br\/><\/p>\n","protected":false},"excerpt":{"rendered":"<p>Dieses Produkt wird in fachm\u00e4nnischer Handarbeit aus rennerprobtem Karbon hergestellt. Der Diffusor ist in matter oder hochgl\u00e4nzender Ausf\u00fchrung erh\u00e4ltlich und passt zu den Endrohren der Slip-On Race Line (Titanium) Abgasanlage. Der untere Teil des Diffusors ist mit zwei austauschbaren Gummiprotektoren ausgestattet. Diese verhindern, dass das Karbongewebe den Asphalt der Rennstrecke zerkratzt.<\/p>\n","protected":false},"featured_media":2096,"comment_status":"open","ping_status":"closed","template":"","meta":[],"product_brand":[],"product_cat":[18,20],"product_tag":[],"class_list":{"0":"post-2095","1":"product","2":"type-product","3":"status-publish","4":"has-post-thumbnail","6":"product_cat-akrapovic-zubehoer","7":"product_cat-porsche","9":"first","10":"onbackorder","11":"sale","12":"taxable","13":"shipping-taxable","14":"purchasable","15":"product-type-simple"},"_links":{"self":[{"href":"https:\/\/wagenthaler.com\/shop\/wp-json\/wp\/v2\/product\/2095","targetHints":{"allow":["GET"]}}],"collection":[{"href":"https:\/\/wagenthaler.com\/shop\/wp-json\/wp\/v2\/product"}],"about":[{"href":"https:\/\/wagenthaler.com\/shop\/wp-json\/wp\/v2\/types\/product"}],"replies":[{"embeddable":true,"href":"https:\/\/wagenthaler.com\/shop\/wp-json\/wp\/v2\/comments?post=2095"}],"wp:featuredmedia":[{"embeddable":true,"href":"https:\/\/wagenthaler.com\/shop\/wp-json\/wp\/v2\/media\/2096"}],"wp:attachment":[{"href":"https:\/\/wagenthaler.com\/shop\/wp-json\/wp\/v2\/media?parent=2095"}],"wp:term":[{"taxonomy":"product_brand","embeddable":true,"href":"https:\/\/wagenthaler.com\/shop\/wp-json\/wp\/v2\/product_brand?post=2095"},{"taxonomy":"product_cat","embeddable":true,"href":"https:\/\/wagenthaler.com\/shop\/wp-json\/wp\/v2\/product_cat?post=2095"},{"taxonomy":"product_tag","embeddable":true,"href":"https:\/\/wagenthaler.com\/shop\/wp-json\/wp\/v2\/product_tag?post=2095"}],"curies":[{"name":"wp","href":"https:\/\/api.w.org\/{rel}","templated":true}]}}