{"id":2098,"date":"2026-01-27T02:44:05","date_gmt":"2026-01-27T01:44:05","guid":{"rendered":"https:\/\/shop.wagenthaler.com\/produkt\/import\/"},"modified":"2026-02-05T15:12:04","modified_gmt":"2026-02-05T14:12:04","slug":"akrapovic-slip-on-race-line-titan-fuer-porsche-718-cayman-gts-4-0-boxster-gts-4-0","status":"publish","type":"product","link":"https:\/\/wagenthaler.com\/shop\/akrapovic-slip-on-race-line-titan-fuer-porsche-718-cayman-gts-4-0-boxster-gts-4-0\/","title":{"rendered":"Akrapovi\u010d Slip-On Race Line (Titan) f\u00fcr Porsche 718 Cayman GTS 4.0 \/ Boxster GTS 4.0"},"content":{"rendered":"<p>Sound, Design und Leistung haben sich zu dieser atemberaubenden Abgasanlage vereint. Die Sound-Ingenieure von Akrapovi\u010d haben dem System im oberen Drehzahlbereich einen satten, harmonischen Hochfrequenzton entlockt, der sich perfekt mit dem tiefen Klang im unteren Drehzahlbereich vereint. Dadurch wird ein akustisches Erlebnis ohne Dr\u00f6hnen und ein Klang geboten, der auch nach dem Loslassen des Gashebels langfristig anh\u00e4lt.<\/p>\n<p>Die drei Schalld\u00e4mpfer \u2013 zwei seitliche und eine zentraler \u2013 sind aus leichtem, hochwertigem Titan gefertigt. Teile werden in der hauseigenen Gie\u00dferei hergestellt, um eine perfekte Passform auf engstem Raum zu gew\u00e4hrleisten. Es besteht die M\u00f6glichkeit, zwischen zwei verschiedenen S\u00e4tzen runder Titan-Endrohre zu w\u00e4hlen. Diese sind sandgestrahlt und beschichtet und in einem nat\u00fcrlichen Titan-Finish oder schwarz erh\u00e4ltlich. Die Innenseite der Endrohre verf\u00fcgt \u00fcber eine dynamische Reliefoberfl\u00e4che f\u00fcr einen gehobenen \u00e4sthetischen Wert. Das gravierte Logo tr\u00e4gt zur visuellen Pr\u00e4senz bei.\u00a0<\/p>\n<p>Leistungsverst\u00e4rkungen von + 4,8 kW bei 3.000 U\/min und eine Drehmomentsteigerung von + 15,8 Nm bei 2.900 U\/min wurden auf dem Akrapovi\u010d Pr\u00fcfstand mit einem Porsche 718 Cayman GT4 mit serienm\u00e4\u00dfiger Abgasanlage zum Vergleich nachgewiesen. Dies verleiht dem System, das nur f\u00fcr den Einsatz auf Rennstrecken und nicht f\u00fcr den Stra\u00dfengebrauch vorgesehen ist, eine Leistung, die dessen Aussehen und innovativen Design entspricht.\u00a0<\/p>\n<p>Der Tail Pipe Set muss als verpflichtendes Teil separat bestellt werden. Bitte w\u00e4hlen Sie den Tail Pipe Set (Titanium) TP\u2011T\/S\/27 oder den Tail Pipe Set (Titanium) \u2013 Schwarz TP\u2011T\/S\/28.<\/p>\n<p><strong>Optional sind folgende Extras erh\u00e4ltlich: F\u00fcr das Slip-On Line Race (Titanium) Upgrade ist ein Verbindungsrohr aus Titan erh\u00e4ltlich. Zudem kann ein Diffusor aus Kohlefaser in matt oder Hochglanz hinzugef\u00fcgt werden, um das Design der Endrohre der Akrapovi\u010d Abgasanlage hervorzuheben. F\u00fcr zus\u00e4tzliche Kontrolle \u00fcber den Sound der Abgasanlage ist das optionale Akrapovi\u010d Sound Kit erh\u00e4ltlich, mit dem die Auslassventile jederzeit gesteuert werden k\u00f6nnen und \u00fcber das der Fahrer die bevorzugte Einstellung w\u00e4hlen kann.<\/strong><\/br\/><\/p>\n<p>DIESES PRODUKT ERF\u00dcLLT NICHT DIE EINZUHALTENDEN ABGASNORMEN IM STRASSENGEBRAUCH.<\/p>\n<p><\/br\/><\/p>\n<p><\/br\/><\/p>\n","protected":false},"excerpt":{"rendered":"<p>Sound, Design und Leistung haben sich zu dieser atemberaubenden Abgasanlage vereint. Die Sound-Ingenieure von Akrapovi\u010d haben dem System im oberen Drehzahlbereich einen satten, harmonischen Hochfrequenzton entlockt, der sich perfekt mit dem tiefen Klang im unteren Drehzahlbereich vereint. Dadurch wird ein akustisches Erlebnis ohne Dr\u00f6hnen und ein Klang geboten, der auch nach dem Loslassen des Gashebels [&hellip;]<\/p>\n","protected":false},"featured_media":23745,"comment_status":"open","ping_status":"closed","template":"","meta":[],"product_brand":[],"product_cat":[16,20],"product_tag":[],"class_list":{"0":"post-2098","1":"product","2":"type-product","3":"status-publish","4":"has-post-thumbnail","6":"product_cat-akrapovic-auspuffanlagen","7":"product_cat-porsche","9":"first","10":"instock","11":"sale","12":"taxable","13":"shipping-taxable","14":"purchasable","15":"product-type-variable"},"_links":{"self":[{"href":"https:\/\/wagenthaler.com\/shop\/wp-json\/wp\/v2\/product\/2098","targetHints":{"allow":["GET"]}}],"collection":[{"href":"https:\/\/wagenthaler.com\/shop\/wp-json\/wp\/v2\/product"}],"about":[{"href":"https:\/\/wagenthaler.com\/shop\/wp-json\/wp\/v2\/types\/product"}],"replies":[{"embeddable":true,"href":"https:\/\/wagenthaler.com\/shop\/wp-json\/wp\/v2\/comments?post=2098"}],"wp:featuredmedia":[{"embeddable":true,"href":"https:\/\/wagenthaler.com\/shop\/wp-json\/wp\/v2\/media\/23745"}],"wp:attachment":[{"href":"https:\/\/wagenthaler.com\/shop\/wp-json\/wp\/v2\/media?parent=2098"}],"wp:term":[{"taxonomy":"product_brand","embeddable":true,"href":"https:\/\/wagenthaler.com\/shop\/wp-json\/wp\/v2\/product_brand?post=2098"},{"taxonomy":"product_cat","embeddable":true,"href":"https:\/\/wagenthaler.com\/shop\/wp-json\/wp\/v2\/product_cat?post=2098"},{"taxonomy":"product_tag","embeddable":true,"href":"https:\/\/wagenthaler.com\/shop\/wp-json\/wp\/v2\/product_tag?post=2098"}],"curies":[{"name":"wp","href":"https:\/\/api.w.org\/{rel}","templated":true}]}}