{"id":2108,"date":"2026-01-27T02:44:24","date_gmt":"2026-01-27T01:44:24","guid":{"rendered":"https:\/\/shop.wagenthaler.com\/produkt\/akrapovic-link-pipe-set-titan-fuer-porsche-718-cayman-gts-4-0-boxster-gts-4-0\/"},"modified":"2026-01-27T02:44:24","modified_gmt":"2026-01-27T01:44:24","slug":"akrapovic-link-pipe-set-titan-fuer-porsche-718-cayman-gts-4-0-boxster-gts-4-0","status":"publish","type":"product","link":"https:\/\/wagenthaler.com\/shop\/akrapovic-link-pipe-set-titan-fuer-porsche-718-cayman-gts-4-0-boxster-gts-4-0\/","title":{"rendered":"Akrapovi\u010d Link pipe set (Titan) f\u00fcr Porsche 718 Cayman GTS 4.0 \/ Boxster GTS 4.0"},"content":{"rendered":"<p><strong>Die Link pipe set (SS) wurde zusammen mit der Slip-On Race Line (Titan) montiert werden.<br \/><\/br\/><\/strong><\/p>\n<p>Die Rohre bestehen aus hochwertigem, leichtem Titan und sind mit in der hauseigenen Gie\u00dferei gegossenen Flanschen ausgestattet, die perfekt zum Abgassystem der Slip-On Race Line (Titanium) passen. Sie wurden entwickelt, um ein vollst\u00e4ndiges Akrapovi\u010d System zu schaffen, das eine h\u00f6here Leistung und einen aufregenden Soundtrack bietet. Durch die Zusammenf\u00fchrung dieser beiden technisch hochmodernen Produkte verf\u00fcgt der Sound \u00fcber echten Renncharakter mit einem sportlichen und angenehmen Hochfrequenzton, der komplett der Leistung des Fahrzeugs entspricht.<\/p>\n<p>Zum Vergleich wurde die Kombination aus Slip-On Race Line (Titanium) und dem Link pipe set (Titanium) auf dem Akrapovi\u010d Pr\u00fcfstand mit einem Porsche 718 Cayman GT4 mit serienm\u00e4\u00dfiger Abgasanlage getestet. Die Akrapovi\u010d Konfiguration liefert einen Leistungsgewinn von + 11,6 kW bei 2.600 U\/min und einen Drehmomentanstieg von + 43,0 Nm bei 2.600 U\/min. Die vollst\u00e4ndige Anordnung der Abgas- und Verbindungsrohre ist nur f\u00fcr den Einsatz auf Rennstrecken und nicht f\u00fcr den Stra\u00dfengebrauch vorgesehen.\u00a0<\/p>\n<p><strong>Dieses System passt auch bei Fahrzeugen mit Ottopartikelfilter (OPF).<br \/><\/br\/><\/strong><\/p>\n<p>OPF: &#65279;Bei der Installation des Link pipe set (Titanium) ist die ECU Neuprogrammierung erforderlich.<\/p>\n<p>DIESES PRODUKT ERF\u00dcLLT NICHT DIE EINZUHALTENDEN ABGASNORMEN IM STRASSENGEBRAUCH.<\/br\/><\/p>\n<p><\/br\/><\/p>\n<p><\/br\/><\/p>\n","protected":false},"excerpt":{"rendered":"<p>Die Link pipe set (SS) wurde zusammen mit der Slip-On Race Line (Titan) montiert werden. Die Rohre bestehen aus hochwertigem, leichtem Titan und sind mit in der hauseigenen Gie\u00dferei gegossenen Flanschen ausgestattet, die perfekt zum Abgassystem der Slip-On Race Line (Titanium) passen. Sie wurden entwickelt, um ein vollst\u00e4ndiges Akrapovi\u010d System zu schaffen, das eine h\u00f6here [&hellip;]<\/p>\n","protected":false},"featured_media":2048,"comment_status":"open","ping_status":"closed","template":"","meta":[],"product_brand":[],"product_cat":[18,20],"product_tag":[],"class_list":{"0":"post-2108","1":"product","2":"type-product","3":"status-publish","4":"has-post-thumbnail","6":"product_cat-akrapovic-zubehoer","7":"product_cat-porsche","9":"first","10":"outofstock","11":"sale","12":"taxable","13":"shipping-taxable","14":"purchasable","15":"product-type-simple"},"_links":{"self":[{"href":"https:\/\/wagenthaler.com\/shop\/wp-json\/wp\/v2\/product\/2108","targetHints":{"allow":["GET"]}}],"collection":[{"href":"https:\/\/wagenthaler.com\/shop\/wp-json\/wp\/v2\/product"}],"about":[{"href":"https:\/\/wagenthaler.com\/shop\/wp-json\/wp\/v2\/types\/product"}],"replies":[{"embeddable":true,"href":"https:\/\/wagenthaler.com\/shop\/wp-json\/wp\/v2\/comments?post=2108"}],"wp:featuredmedia":[{"embeddable":true,"href":"https:\/\/wagenthaler.com\/shop\/wp-json\/wp\/v2\/media\/2048"}],"wp:attachment":[{"href":"https:\/\/wagenthaler.com\/shop\/wp-json\/wp\/v2\/media?parent=2108"}],"wp:term":[{"taxonomy":"product_brand","embeddable":true,"href":"https:\/\/wagenthaler.com\/shop\/wp-json\/wp\/v2\/product_brand?post=2108"},{"taxonomy":"product_cat","embeddable":true,"href":"https:\/\/wagenthaler.com\/shop\/wp-json\/wp\/v2\/product_cat?post=2108"},{"taxonomy":"product_tag","embeddable":true,"href":"https:\/\/wagenthaler.com\/shop\/wp-json\/wp\/v2\/product_tag?post=2108"}],"curies":[{"name":"wp","href":"https:\/\/api.w.org\/{rel}","templated":true}]}}