{"id":2130,"date":"2026-01-27T02:45:41","date_gmt":"2026-01-27T01:45:41","guid":{"rendered":"https:\/\/shop.wagenthaler.com\/produkt\/import\/"},"modified":"2026-01-27T02:45:43","modified_gmt":"2026-01-27T01:45:43","slug":"akrapovic-sound-kit-fuer-porsche-911-carrera-cabriolet-targa-s-4-4s-gts-991-2","status":"publish","type":"product","link":"https:\/\/wagenthaler.com\/shop\/akrapovic-sound-kit-fuer-porsche-911-carrera-cabriolet-targa-s-4-4s-gts-991-2\/","title":{"rendered":"Akrapovi\u010d Sound Kit f\u00fcr Porsche 911 Carrera \/ Cabriolet \/ Targa \/S\/4\/4S\/GTS (991.2)"},"content":{"rendered":"<p>Gibt dem Fahrer die Option, einfach per Knopfdruck im Innenraum zwischen einem sportlich-tiefen und dem normalen Sound zu wechseln.<\/p>\n<p><strong>Hinweis zum Einbau: Das Akrapovi\u010d Sound Kit ist f\u00fcr die Montage der Akrapovi\u010d Abgasanlage (Slip-On, Link-Pipe-Set und Diffusor) an Porsche Carrera 991.2 Modellen, die mit einer Serien-Abgasanlage (Non-Sport) ausgestattet sind, zwingend erforderlich.\u00a0Falls das Fahrzeug mit einer Non-Sports-Anlage mit Ventilen ausgestattet ist, wird das Sound Kit nicht ben\u00f6tigt.\u00a0 Bitte lesen Sie die Hinweise vor Montagebeginn sorgf\u00e4ltig<\/strong>.<br \/><\/br\/><\/p>\n<p>Bei den Bildern handelt es sich um Symboldarstellungen.<br \/><\/br\/><\/p>\n","protected":false},"excerpt":{"rendered":"<p>Gibt dem Fahrer die Option, einfach per Knopfdruck im Innenraum zwischen einem sportlich-tiefen und dem normalen Sound zu wechseln. Hinweis zum Einbau: Das Akrapovi\u010d Sound Kit ist f\u00fcr die Montage der Akrapovi\u010d Abgasanlage (Slip-On, Link-Pipe-Set und Diffusor) an Porsche Carrera 991.2 Modellen, die mit einer Serien-Abgasanlage (Non-Sport) ausgestattet sind, zwingend erforderlich.\u00a0Falls das Fahrzeug mit einer [&hellip;]<\/p>\n","protected":false},"featured_media":2122,"comment_status":"open","ping_status":"closed","template":"","meta":[],"product_brand":[],"product_cat":[18,20],"product_tag":[],"class_list":{"0":"post-2130","1":"product","2":"type-product","3":"status-publish","4":"has-post-thumbnail","6":"product_cat-akrapovic-zubehoer","7":"product_cat-porsche","9":"first","10":"outofstock","11":"sale","12":"taxable","13":"shipping-taxable","14":"purchasable","15":"product-type-simple"},"_links":{"self":[{"href":"https:\/\/wagenthaler.com\/shop\/wp-json\/wp\/v2\/product\/2130","targetHints":{"allow":["GET"]}}],"collection":[{"href":"https:\/\/wagenthaler.com\/shop\/wp-json\/wp\/v2\/product"}],"about":[{"href":"https:\/\/wagenthaler.com\/shop\/wp-json\/wp\/v2\/types\/product"}],"replies":[{"embeddable":true,"href":"https:\/\/wagenthaler.com\/shop\/wp-json\/wp\/v2\/comments?post=2130"}],"wp:featuredmedia":[{"embeddable":true,"href":"https:\/\/wagenthaler.com\/shop\/wp-json\/wp\/v2\/media\/2122"}],"wp:attachment":[{"href":"https:\/\/wagenthaler.com\/shop\/wp-json\/wp\/v2\/media?parent=2130"}],"wp:term":[{"taxonomy":"product_brand","embeddable":true,"href":"https:\/\/wagenthaler.com\/shop\/wp-json\/wp\/v2\/product_brand?post=2130"},{"taxonomy":"product_cat","embeddable":true,"href":"https:\/\/wagenthaler.com\/shop\/wp-json\/wp\/v2\/product_cat?post=2130"},{"taxonomy":"product_tag","embeddable":true,"href":"https:\/\/wagenthaler.com\/shop\/wp-json\/wp\/v2\/product_tag?post=2130"}],"curies":[{"name":"wp","href":"https:\/\/api.w.org\/{rel}","templated":true}]}}