{"id":2135,"date":"2026-01-27T02:45:48","date_gmt":"2026-01-27T01:45:48","guid":{"rendered":"https:\/\/shop.wagenthaler.com\/produkt\/import\/"},"modified":"2026-01-27T02:45:50","modified_gmt":"2026-01-27T01:45:50","slug":"akrapovic-rear-carbon-fibre-diffuser-matte-fuer-porsche-911-carrera-cabriolet-targa-s-4-4s-gts-991-2","status":"publish","type":"product","link":"https:\/\/wagenthaler.com\/shop\/akrapovic-rear-carbon-fibre-diffuser-matte-fuer-porsche-911-carrera-cabriolet-targa-s-4-4s-gts-991-2\/","title":{"rendered":"Akrapovi\u010d Rear Carbon Fibre Diffuser &#8211; Matte f\u00fcr Porsche 911 Carrera \/ Cabriolet \/ Targa \/S\/4\/4S\/GTS (991.2)"},"content":{"rendered":"<p>Perfekt gestylt, um dem Heck des Porsche 911 ein beeindruckendes Highlight zu verleihen. Konstruiert aus hand-gefertigtem und hochwertigem<strong> Karbon<\/strong> ist der Heck-Diffusor entweder in einer <strong>matten<\/strong> oder einer <strong>hochgl\u00e4nzenden<\/strong> Ausf\u00fchrung erh\u00e4ltlich und erg\u00e4nzt das zentrale Doppel-Endrohr.<br \/><\/br\/><\/p>\n<p><\/br\/><\/p>\n<p>Montagehinweis: Das Produkt passt nicht zum Carrera GTS-Modell.<br \/><\/br\/><\/p>\n","protected":false},"excerpt":{"rendered":"<p>Perfekt gestylt, um dem Heck des Porsche 911 ein beeindruckendes Highlight zu verleihen. Konstruiert aus hand-gefertigtem und hochwertigem Karbon ist der Heck-Diffusor entweder in einer matten oder einer hochgl\u00e4nzenden Ausf\u00fchrung erh\u00e4ltlich und erg\u00e4nzt das zentrale Doppel-Endrohr. Montagehinweis: Das Produkt passt nicht zum Carrera GTS-Modell.<\/p>\n","protected":false},"featured_media":2126,"comment_status":"open","ping_status":"closed","template":"","meta":[],"product_brand":[],"product_cat":[18,20],"product_tag":[],"class_list":{"0":"post-2135","1":"product","2":"type-product","3":"status-publish","4":"has-post-thumbnail","6":"product_cat-akrapovic-zubehoer","7":"product_cat-porsche","9":"first","10":"outofstock","11":"sale","12":"taxable","13":"shipping-taxable","14":"purchasable","15":"product-type-simple"},"_links":{"self":[{"href":"https:\/\/wagenthaler.com\/shop\/wp-json\/wp\/v2\/product\/2135","targetHints":{"allow":["GET"]}}],"collection":[{"href":"https:\/\/wagenthaler.com\/shop\/wp-json\/wp\/v2\/product"}],"about":[{"href":"https:\/\/wagenthaler.com\/shop\/wp-json\/wp\/v2\/types\/product"}],"replies":[{"embeddable":true,"href":"https:\/\/wagenthaler.com\/shop\/wp-json\/wp\/v2\/comments?post=2135"}],"wp:featuredmedia":[{"embeddable":true,"href":"https:\/\/wagenthaler.com\/shop\/wp-json\/wp\/v2\/media\/2126"}],"wp:attachment":[{"href":"https:\/\/wagenthaler.com\/shop\/wp-json\/wp\/v2\/media?parent=2135"}],"wp:term":[{"taxonomy":"product_brand","embeddable":true,"href":"https:\/\/wagenthaler.com\/shop\/wp-json\/wp\/v2\/product_brand?post=2135"},{"taxonomy":"product_cat","embeddable":true,"href":"https:\/\/wagenthaler.com\/shop\/wp-json\/wp\/v2\/product_cat?post=2135"},{"taxonomy":"product_tag","embeddable":true,"href":"https:\/\/wagenthaler.com\/shop\/wp-json\/wp\/v2\/product_tag?post=2135"}],"curies":[{"name":"wp","href":"https:\/\/api.w.org\/{rel}","templated":true}]}}