{"id":2138,"date":"2026-01-27T02:45:51","date_gmt":"2026-01-27T01:45:51","guid":{"rendered":"https:\/\/shop.wagenthaler.com\/produkt\/import\/"},"modified":"2026-01-27T02:46:18","modified_gmt":"2026-01-27T01:46:18","slug":"akrapovic-slip-on-line-titan-fuer-porsche-911-carrera-s-4-4s-gts-991","status":"publish","type":"product","link":"https:\/\/wagenthaler.com\/shop\/akrapovic-slip-on-line-titan-fuer-porsche-911-carrera-s-4-4s-gts-991\/","title":{"rendered":"Akrapovi\u010d Slip-On Line (Titan) f\u00fcr Porsche 911 Carrera \/S\/4\/4S\/GTS (991)"},"content":{"rendered":"<p>  Eine Auspuffanlage f\u00fcr den 911er zu entwickeln, ist eine wahre Herausforderung, welche die Ingenieure mit dieser Auspuffanlage mit Klappensteuerung gemeistert haben. Die Klappensteuerung wird automatisch von der Autoelektronik gesteuert.   Wenn der Fahrer den optionalen Akrapovic sound kit nutzt, kann er die Auspuffklappen per Knopfdruck bet\u00e4tigen.   Die gr\u00f6\u00dfte Herausforderung war es, die st\u00f6renden Resonanzger\u00e4usche zu eliminieren.   Wenn die Auspuffklappen geschlossen sind, ist der Sound des 911er tiefer als bei Serienauspuff, jedoch nicht lauter. Wenn die Auspuffklappen ge\u00f6ffnet sind, erhalten Sie genau das Gegenteil \u2013 einen atemberaubenden Rennsport-Sound.   Die Auspuffanlage ist aus einer speziellen hitzebest\u00e4ndigen und langlebigen Titanlegierung gefertigt. Mit den am Computer designten Vorschalld\u00e4mpfer, Hauptschalld\u00e4mpfer und Auspuffrohren erh\u00e4lt man mehr Leistung, mehr Drehmoment und eine bessere Gasannahme bei gleichzeitiger Reduzierung des Gewichts.<\/p>\n<p><\/br\/><\/p>\n<p>Einbauhinweis: F\u00fcr die 911 Carrera 3,4-Liter-Modelle (Carrera und Carrera 4) ist unser System als Ersatz f\u00fcr die Porsche-Sportauspuffanlage konzipiert. Das Akrapovi\u010d-System passt nicht auf Carrera und Carrera 4 mit einer Porsche-Nicht-Sportauspuffanlage.<\/p>\n<p><\/br\/><\/p>\n","protected":false},"excerpt":{"rendered":"<p>Eine Auspuffanlage f\u00fcr den 911er zu entwickeln, ist eine wahre Herausforderung, welche die Ingenieure mit dieser Auspuffanlage mit Klappensteuerung gemeistert haben. Die Klappensteuerung wird automatisch von der Autoelektronik gesteuert. Wenn der Fahrer den optionalen Akrapovic sound kit nutzt, kann er die Auspuffklappen per Knopfdruck bet\u00e4tigen. Die gr\u00f6\u00dfte Herausforderung war es, die st\u00f6renden Resonanzger\u00e4usche zu eliminieren. [&hellip;]<\/p>\n","protected":false},"featured_media":2139,"comment_status":"open","ping_status":"closed","template":"","meta":[],"product_brand":[],"product_cat":[16,20],"product_tag":[],"class_list":{"0":"post-2138","1":"product","2":"type-product","3":"status-publish","4":"has-post-thumbnail","6":"product_cat-akrapovic-auspuffanlagen","7":"product_cat-porsche","9":"first","10":"outofstock","11":"sale","12":"taxable","13":"shipping-taxable","14":"purchasable","15":"product-type-simple"},"_links":{"self":[{"href":"https:\/\/wagenthaler.com\/shop\/wp-json\/wp\/v2\/product\/2138","targetHints":{"allow":["GET"]}}],"collection":[{"href":"https:\/\/wagenthaler.com\/shop\/wp-json\/wp\/v2\/product"}],"about":[{"href":"https:\/\/wagenthaler.com\/shop\/wp-json\/wp\/v2\/types\/product"}],"replies":[{"embeddable":true,"href":"https:\/\/wagenthaler.com\/shop\/wp-json\/wp\/v2\/comments?post=2138"}],"wp:featuredmedia":[{"embeddable":true,"href":"https:\/\/wagenthaler.com\/shop\/wp-json\/wp\/v2\/media\/2139"}],"wp:attachment":[{"href":"https:\/\/wagenthaler.com\/shop\/wp-json\/wp\/v2\/media?parent=2138"}],"wp:term":[{"taxonomy":"product_brand","embeddable":true,"href":"https:\/\/wagenthaler.com\/shop\/wp-json\/wp\/v2\/product_brand?post=2138"},{"taxonomy":"product_cat","embeddable":true,"href":"https:\/\/wagenthaler.com\/shop\/wp-json\/wp\/v2\/product_cat?post=2138"},{"taxonomy":"product_tag","embeddable":true,"href":"https:\/\/wagenthaler.com\/shop\/wp-json\/wp\/v2\/product_tag?post=2138"}],"curies":[{"name":"wp","href":"https:\/\/api.w.org\/{rel}","templated":true}]}}