{"id":2146,"date":"2026-01-27T02:46:20","date_gmt":"2026-01-27T01:46:20","guid":{"rendered":"https:\/\/shop.wagenthaler.com\/produkt\/import\/"},"modified":"2026-01-27T02:46:26","modified_gmt":"2026-01-27T01:46:26","slug":"akrapovic-slip-on-line-titan-fuer-porsche-911-carrera-s-4-4s-gts-997-dfi","status":"publish","type":"product","link":"https:\/\/wagenthaler.com\/shop\/akrapovic-slip-on-line-titan-fuer-porsche-911-carrera-s-4-4s-gts-997-dfi\/","title":{"rendered":"Akrapovi\u010d Slip-On Line (Titan) f\u00fcr Porsche 911 Carrera \/S\/4\/4S\/GTS (997 DFI)"},"content":{"rendered":"<p>Die legend\u00e4re Porsche-911-Familie in der Gestalt des 997 DFI hat verbesserte Triebwerke mit Direkteinspritzung unter der Haube, die mit einer Coup\u00e9- oder Cabriolet-Karosserie, dem Targa oder einem Allrad- oder Heckantrieb kombiniert werden k\u00f6nnen.  Mit einer zus\u00e4tzlichen Akrapovic-Slip-On-Anlage werden Power und Soundentfaltung noch weiter gesteigert, w\u00e4hrend die Gewichtsverringerung hinter der Hinterachse das Handling deutlich verbessert.  Unser Slip-On-System, das aus unserem eigenen Titan gefertigt ist, besteht aus Seitenschalld\u00e4mpfern, einem Link-Pipe-Set mit integrierten Abgasklappen und vier exquisiten Endrohren.  Das System verbessert die Kraftentfaltung im gesamten Drehzahlbereich, insbesondere im mittleren Bereich. Verbessert wird auch der Sound: ein tieferer, sportiverer Klang ohne Dr\u00f6hnfrequenzen.<\/p>\n<p>Leistungsdaten wurden mit einem Fahrzeug ohne PDK Kupplung gemessen.<\/br\/><\/p>\n","protected":false},"excerpt":{"rendered":"<p>Die legend\u00e4re Porsche-911-Familie in der Gestalt des 997 DFI hat verbesserte Triebwerke mit Direkteinspritzung unter der Haube, die mit einer Coup\u00e9- oder Cabriolet-Karosserie, dem Targa oder einem Allrad- oder Heckantrieb kombiniert werden k\u00f6nnen. Mit einer zus\u00e4tzlichen Akrapovic-Slip-On-Anlage werden Power und Soundentfaltung noch weiter gesteigert, w\u00e4hrend die Gewichtsverringerung hinter der Hinterachse das Handling deutlich verbessert. Unser [&hellip;]<\/p>\n","protected":false},"featured_media":2147,"comment_status":"open","ping_status":"closed","template":"","meta":[],"product_brand":[],"product_cat":[16,20],"product_tag":[],"class_list":{"0":"post-2146","1":"product","2":"type-product","3":"status-publish","4":"has-post-thumbnail","6":"product_cat-akrapovic-auspuffanlagen","7":"product_cat-porsche","9":"first","10":"instock","11":"taxable","12":"shipping-taxable","13":"purchasable","14":"product-type-simple"},"_links":{"self":[{"href":"https:\/\/wagenthaler.com\/shop\/wp-json\/wp\/v2\/product\/2146","targetHints":{"allow":["GET"]}}],"collection":[{"href":"https:\/\/wagenthaler.com\/shop\/wp-json\/wp\/v2\/product"}],"about":[{"href":"https:\/\/wagenthaler.com\/shop\/wp-json\/wp\/v2\/types\/product"}],"replies":[{"embeddable":true,"href":"https:\/\/wagenthaler.com\/shop\/wp-json\/wp\/v2\/comments?post=2146"}],"wp:featuredmedia":[{"embeddable":true,"href":"https:\/\/wagenthaler.com\/shop\/wp-json\/wp\/v2\/media\/2147"}],"wp:attachment":[{"href":"https:\/\/wagenthaler.com\/shop\/wp-json\/wp\/v2\/media?parent=2146"}],"wp:term":[{"taxonomy":"product_brand","embeddable":true,"href":"https:\/\/wagenthaler.com\/shop\/wp-json\/wp\/v2\/product_brand?post=2146"},{"taxonomy":"product_cat","embeddable":true,"href":"https:\/\/wagenthaler.com\/shop\/wp-json\/wp\/v2\/product_cat?post=2146"},{"taxonomy":"product_tag","embeddable":true,"href":"https:\/\/wagenthaler.com\/shop\/wp-json\/wp\/v2\/product_tag?post=2146"}],"curies":[{"name":"wp","href":"https:\/\/api.w.org\/{rel}","templated":true}]}}