{"id":2168,"date":"2026-01-27T02:48:00","date_gmt":"2026-01-27T01:48:00","guid":{"rendered":"https:\/\/shop.wagenthaler.com\/produkt\/akrapovic-l-po-ss-3-fuer-porsche-911-carrera-s-4-4s-gts-cabriolet-targa-dakar-992\/"},"modified":"2026-01-27T02:48:04","modified_gmt":"2026-01-27T01:48:04","slug":"akrapovic-link-pipe-set-w-cat-edelstahl-fuer-porsche-911-carrera-s-4-4s-gts-cabriolet-targa-dakar-992","status":"publish","type":"product","link":"https:\/\/wagenthaler.com\/shop\/akrapovic-link-pipe-set-w-cat-edelstahl-fuer-porsche-911-carrera-s-4-4s-gts-cabriolet-targa-dakar-992\/","title":{"rendered":"Akrapovi\u010d Link Pipe Set w Cat (Edelstahl) f\u00fcr Porsche 911 Carrera \/S\/4\/4S\/GTS\/Cabriolet\/Targa\/Dakar (992)"},"content":{"rendered":"<p><strong>Die Link pipe set (SS) wurde zusammen mit der Slip-On Race Line (Titan) montiert werden.<br \/><\/br\/><\/strong><\/p>\n<p>Um die Slip-On Race Line aus Titan auf das n\u00e4chste Level ihres <strong>Tuningpotenzials<\/strong> zu heben, verf\u00fcgt das Link Pipe Set aus Edelstahl mit Katalysatoren \u00fcber Link Pipes f\u00fcr hohe Durchflussmengen und 300-cpsi-Sportkatalysatoren. Sie sorgen f\u00fcr eine Leistungssteigerung und einen wirklich fesselnden Sound. Das System ist aus <strong>hochwertigem Edelstahl<\/strong> gefertigt und erfordert eine Neuprogrammierung des Steuerger\u00e4tes, um das volle Potenzial des Systems auszusch\u00f6pfen. Der Sound dieses Duos ist nicht nur fesselnd beim Zuh\u00f6ren, er spricht auch andere Sinne an. Das symphonische Klangerlebnis verleiht dem Motor ein breiteres Klangspektrum, sodass die Passagiere durch den Sound der Abgasanlage den <strong>sportlichen Charakter<\/strong> des Motors voll genie\u00dfen k\u00f6nnen.<\/p>\n<p>Beim Einbau optionaler Akrapovi\u010d Nachr\u00fcst-Link-Pipes mit Sportkatalysator, die nur f\u00fcr die Verwendung auf gesperrten Strecken bestimmt sind, ist ein Re-Mapping der ECU vorgeschrieben. Bei Installation einer Akrapovic-Nachr\u00fcst-Aufpuffanlage, die f\u00fcr den Einsatz auf geschlossenen Strecken entwickelt wurde, empfehlen wir ECU-Remapping, um dem etwaigen Anspringen der Motorwarnleuchte vorzubeugen.<\/br\/><\/p>\n<p><strong>System passt auch bei Fahrzeugen mit Ottopartikelfilter (OPF).<\/strong><\/p>\n<p>DIESES PRODUKT ERF\u00dcLLT NICHT DIE EINZUHALTENDEN ABGASNORMEN IM STRASSENGEBRAUCH.<\/p>\n<p><\/br\/><\/p>\n","protected":false},"excerpt":{"rendered":"<p>Die Link pipe set (SS) wurde zusammen mit der Slip-On Race Line (Titan) montiert werden. Um die Slip-On Race Line aus Titan auf das n\u00e4chste Level ihres Tuningpotenzials zu heben, verf\u00fcgt das Link Pipe Set aus Edelstahl mit Katalysatoren \u00fcber Link Pipes f\u00fcr hohe Durchflussmengen und 300-cpsi-Sportkatalysatoren. Sie sorgen f\u00fcr eine Leistungssteigerung und einen wirklich [&hellip;]<\/p>\n","protected":false},"featured_media":2169,"comment_status":"open","ping_status":"closed","template":"","meta":[],"product_brand":[],"product_cat":[18,20],"product_tag":[],"class_list":{"0":"post-2168","1":"product","2":"type-product","3":"status-publish","4":"has-post-thumbnail","6":"product_cat-akrapovic-zubehoer","7":"product_cat-porsche","9":"first","10":"outofstock","11":"sale","12":"taxable","13":"shipping-taxable","14":"purchasable","15":"product-type-simple"},"_links":{"self":[{"href":"https:\/\/wagenthaler.com\/shop\/wp-json\/wp\/v2\/product\/2168","targetHints":{"allow":["GET"]}}],"collection":[{"href":"https:\/\/wagenthaler.com\/shop\/wp-json\/wp\/v2\/product"}],"about":[{"href":"https:\/\/wagenthaler.com\/shop\/wp-json\/wp\/v2\/types\/product"}],"replies":[{"embeddable":true,"href":"https:\/\/wagenthaler.com\/shop\/wp-json\/wp\/v2\/comments?post=2168"}],"wp:featuredmedia":[{"embeddable":true,"href":"https:\/\/wagenthaler.com\/shop\/wp-json\/wp\/v2\/media\/2169"}],"wp:attachment":[{"href":"https:\/\/wagenthaler.com\/shop\/wp-json\/wp\/v2\/media?parent=2168"}],"wp:term":[{"taxonomy":"product_brand","embeddable":true,"href":"https:\/\/wagenthaler.com\/shop\/wp-json\/wp\/v2\/product_brand?post=2168"},{"taxonomy":"product_cat","embeddable":true,"href":"https:\/\/wagenthaler.com\/shop\/wp-json\/wp\/v2\/product_cat?post=2168"},{"taxonomy":"product_tag","embeddable":true,"href":"https:\/\/wagenthaler.com\/shop\/wp-json\/wp\/v2\/product_tag?post=2168"}],"curies":[{"name":"wp","href":"https:\/\/api.w.org\/{rel}","templated":true}]}}