{"id":2185,"date":"2026-01-27T02:50:33","date_gmt":"2026-01-27T01:50:33","guid":{"rendered":"https:\/\/shop.wagenthaler.com\/produkt\/import\/"},"modified":"2026-02-05T15:08:18","modified_gmt":"2026-02-05T14:08:18","slug":"akrapovic-slip-on-race-line-titan-fuer-porsche-911-carrera-cabriolet-s-4-4s-gts-997-dfi","status":"publish","type":"product","link":"https:\/\/wagenthaler.com\/shop\/akrapovic-slip-on-race-line-titan-fuer-porsche-911-carrera-cabriolet-s-4-4s-gts-997-dfi\/","title":{"rendered":"Akrapovi\u010d Slip-On Race Line (Titan) f\u00fcr Porsche 911 Carrera Cabriolet \/S\/4\/4S\/GTS (997 DFI)"},"content":{"rendered":"<p>Das Slip-On-Race-System bietet noch gr\u00f6\u00dfere Power und verringertes Heckgewicht, was dem Handling zugutekommt.  Das aus unserem eigenen Titan gefertigte Slip-On-Race-System besteht aus Seitenschalld\u00e4mpfern, einem Link-Pipe-Set mit integrierten Abgasklappen, einer X-Pipe und vier exquisiten Endrohren.  Mit einer zus\u00e4tzlichen Slip-On-Auspuffanlage werden Power und Soundentfaltung noch weiter gesteigert, w\u00e4hrend die Gewichtsverringerung hinter der Hinterachse das Handling deutlich verbessert. Der 911 mit dem Slip-On-Race-System hat entschieden mehr Power, insbesondere im mittleren Drehzahlbereich.  Die Auspuffanlage ist mit einem optionalen Akrapovic sound kit f\u00fcr die Abgasklappensteuerung ausgestattet, so dass zwischen einem sportiveren, lauten Sound und einem f\u00fcr den Alltagsverkehr geeigneten normalen Auspuffklang gew\u00e4hlt werden kann.<\/p>\n<p>Leistungsdaten wurden mit einem Fahrzeug ohne PDK Kupplung gemessen.<\/br\/><\/p>\n<p>DIESES PRODUKT ERF\u00dcLLT NICHT DIE EINZUHALTENDEN ABGASNORMEN IM STRASSENGEBRAUCH.<br \/><\/br\/><\/p>\n","protected":false},"excerpt":{"rendered":"<p>Das Slip-On-Race-System bietet noch gr\u00f6\u00dfere Power und verringertes Heckgewicht, was dem Handling zugutekommt. Das aus unserem eigenen Titan gefertigte Slip-On-Race-System besteht aus Seitenschalld\u00e4mpfern, einem Link-Pipe-Set mit integrierten Abgasklappen, einer X-Pipe und vier exquisiten Endrohren. Mit einer zus\u00e4tzlichen Slip-On-Auspuffanlage werden Power und Soundentfaltung noch weiter gesteigert, w\u00e4hrend die Gewichtsverringerung hinter der Hinterachse das Handling deutlich verbessert. [&hellip;]<\/p>\n","protected":false},"featured_media":23665,"comment_status":"open","ping_status":"closed","template":"","meta":[],"product_brand":[],"product_cat":[16,20],"product_tag":[],"class_list":{"0":"post-2185","1":"product","2":"type-product","3":"status-publish","4":"has-post-thumbnail","6":"product_cat-akrapovic-auspuffanlagen","7":"product_cat-porsche","9":"first","10":"instock","11":"taxable","12":"shipping-taxable","13":"purchasable","14":"product-type-simple"},"_links":{"self":[{"href":"https:\/\/wagenthaler.com\/shop\/wp-json\/wp\/v2\/product\/2185","targetHints":{"allow":["GET"]}}],"collection":[{"href":"https:\/\/wagenthaler.com\/shop\/wp-json\/wp\/v2\/product"}],"about":[{"href":"https:\/\/wagenthaler.com\/shop\/wp-json\/wp\/v2\/types\/product"}],"replies":[{"embeddable":true,"href":"https:\/\/wagenthaler.com\/shop\/wp-json\/wp\/v2\/comments?post=2185"}],"wp:featuredmedia":[{"embeddable":true,"href":"https:\/\/wagenthaler.com\/shop\/wp-json\/wp\/v2\/media\/23665"}],"wp:attachment":[{"href":"https:\/\/wagenthaler.com\/shop\/wp-json\/wp\/v2\/media?parent=2185"}],"wp:term":[{"taxonomy":"product_brand","embeddable":true,"href":"https:\/\/wagenthaler.com\/shop\/wp-json\/wp\/v2\/product_brand?post=2185"},{"taxonomy":"product_cat","embeddable":true,"href":"https:\/\/wagenthaler.com\/shop\/wp-json\/wp\/v2\/product_cat?post=2185"},{"taxonomy":"product_tag","embeddable":true,"href":"https:\/\/wagenthaler.com\/shop\/wp-json\/wp\/v2\/product_tag?post=2185"}],"curies":[{"name":"wp","href":"https:\/\/api.w.org\/{rel}","templated":true}]}}