{"id":2194,"date":"2026-01-27T02:50:47","date_gmt":"2026-01-27T01:50:47","guid":{"rendered":"https:\/\/shop.wagenthaler.com\/produkt\/import\/"},"modified":"2026-02-05T15:07:56","modified_gmt":"2026-02-05T14:07:56","slug":"akrapovic-slip-on-line-titan-fuer-porsche-911-gt2-rs-997-2","status":"publish","type":"product","link":"https:\/\/wagenthaler.com\/shop\/akrapovic-slip-on-line-titan-fuer-porsche-911-gt2-rs-997-2\/","title":{"rendered":"Akrapovi\u010d Slip-On Line (Titan) f\u00fcr Porsche 911 GT2\/RS (997)"},"content":{"rendered":"<p>Dieser Wagen zeugt von der fortschrittlichen Technologie von Porsche, die in der Keramikverbundbremsanlage, der maximalen Leistung des Biturbo-Triebwerks und der variablen Turbinengeometrie, vor allem aber in dem kompromisslosen Einsatz von Leichtgewichtkomponenten zutage tritt. Der GT2 ist der erste Porsche, der serienm\u00e4\u00dfig mit einer Titan-Auspuffanlage ausgestattet wird.  F\u00fcr diesen Supersportwagen haben wir eine echte Sport-Auspuffversion entwickelt. Die Vorgaben klangen sehr einfach: ein leichteres Auspuffsystem mit mehr Power und besserem Sound. Zwei High-Flow-100-cpsi-Metallkatalysatoren, gr\u00f6\u00dfere Rohrdurchmesser &#8211; 60 statt 55 mm &#8211; und eine Reduktion des powerschluckenden Staudrucks. Das Resultat: Powersteigerung, Drehmomentsteigerung und Gewichtsreduktion.  Geben Sie der Optik den letzten Schliff mit einem Set exquisiter Titanendrohre.  Bei Installation optionaler Akrapovic-Nachr\u00fcst-Downpipes mit Sportkatalysator, die nur f\u00fcr die Verwendung auf geschlossenen Strecken bestimmt sind, ist ECU-Remapping vorgeschrieben. Bei Installation einer Akrapovic-Nachr\u00fcst-Aufpuffanlage, die f\u00fcr den Einsatz auf geschlossenen Strecken entwickelt wurde, empfehlen wir ECU.Remapping, um dem etwaigen Anspringen der Motorwarnleuchte vorzubeugen. <\/p>\n<p>DIESES PRODUKT ERF\u00dcLLT NICHT DIE EINZUHALTENDEN ABGASNORMEN IM STRASSENGEBRAUCH.<\/p>\n","protected":false},"excerpt":{"rendered":"<p>Dieser Wagen zeugt von der fortschrittlichen Technologie von Porsche, die in der Keramikverbundbremsanlage, der maximalen Leistung des Biturbo-Triebwerks und der variablen Turbinengeometrie, vor allem aber in dem kompromisslosen Einsatz von Leichtgewichtkomponenten zutage tritt. Der GT2 ist der erste Porsche, der serienm\u00e4\u00dfig mit einer Titan-Auspuffanlage ausgestattet wird. F\u00fcr diesen Supersportwagen haben wir eine echte Sport-Auspuffversion entwickelt. [&hellip;]<\/p>\n","protected":false},"featured_media":23725,"comment_status":"open","ping_status":"closed","template":"","meta":[],"product_brand":[],"product_cat":[16,20],"product_tag":[],"class_list":{"0":"post-2194","1":"product","2":"type-product","3":"status-publish","4":"has-post-thumbnail","6":"product_cat-akrapovic-auspuffanlagen","7":"product_cat-porsche","9":"first","10":"instock","11":"taxable","12":"shipping-taxable","13":"purchasable","14":"product-type-simple"},"_links":{"self":[{"href":"https:\/\/wagenthaler.com\/shop\/wp-json\/wp\/v2\/product\/2194","targetHints":{"allow":["GET"]}}],"collection":[{"href":"https:\/\/wagenthaler.com\/shop\/wp-json\/wp\/v2\/product"}],"about":[{"href":"https:\/\/wagenthaler.com\/shop\/wp-json\/wp\/v2\/types\/product"}],"replies":[{"embeddable":true,"href":"https:\/\/wagenthaler.com\/shop\/wp-json\/wp\/v2\/comments?post=2194"}],"wp:featuredmedia":[{"embeddable":true,"href":"https:\/\/wagenthaler.com\/shop\/wp-json\/wp\/v2\/media\/23725"}],"wp:attachment":[{"href":"https:\/\/wagenthaler.com\/shop\/wp-json\/wp\/v2\/media?parent=2194"}],"wp:term":[{"taxonomy":"product_brand","embeddable":true,"href":"https:\/\/wagenthaler.com\/shop\/wp-json\/wp\/v2\/product_brand?post=2194"},{"taxonomy":"product_cat","embeddable":true,"href":"https:\/\/wagenthaler.com\/shop\/wp-json\/wp\/v2\/product_cat?post=2194"},{"taxonomy":"product_tag","embeddable":true,"href":"https:\/\/wagenthaler.com\/shop\/wp-json\/wp\/v2\/product_tag?post=2194"}],"curies":[{"name":"wp","href":"https:\/\/api.w.org\/{rel}","templated":true}]}}