{"id":2196,"date":"2026-01-27T02:50:50","date_gmt":"2026-01-27T01:50:50","guid":{"rendered":"https:\/\/shop.wagenthaler.com\/produkt\/import\/"},"modified":"2026-02-05T15:07:52","modified_gmt":"2026-02-05T14:07:52","slug":"akrapovic-evolution-line-titan-fuer-porsche-911-gt2-rs-997-2","status":"publish","type":"product","link":"https:\/\/wagenthaler.com\/shop\/akrapovic-evolution-line-titan-fuer-porsche-911-gt2-rs-997-2\/","title":{"rendered":"Akrapovi\u010d Evolution Line (Titan) f\u00fcr Porsche 911 GT2\/RS (997)"},"content":{"rendered":"<p>Die aus unserer eigenen Titanlegierung hergestellte Evolution-Auspuffanlage ist das Spitzenmodell des Auspuffprogramms von Akrapovi\u010d. Hier handelt es sich um das vollst\u00e4ndige System, das aus dem Slip-On-Endschalld\u00e4mpfer, Link Pipes mit High-Flow-Sportkatalysatoren, zwei exquisiten Titanendrohren und einem Sammlerpaar besteht.  Das System bietet eine signifikante Gewichtseinsparung, durch die das Handling verbessert wird, sowie einen Power-Zuwachs im gesamten Drehzahlbereich, der vor allem im mittleren Bereich sp\u00fcrbar ist. Das Evolution-Auspuffsystem bringt einen gro\u00dfen Power- und Drehmomentgewinn, der in Kombination mit der Gewichtseinsparung zu einer drastischen Ver\u00e4nderung des Leistungs-Masse-Verh\u00e4ltnisses f\u00fchrt. Die erh\u00f6hte Power und das verringerte Gewicht kommen auf der Rennstrecke zum Tragen, was bessere Rundenzeiten bringt. Zu all dem kommt obendrein der mitrei\u00dfende Rennsound der gl\u00e4nzenden Endrohre.  Bei Installation optionaler Akrapovi\u010d-Nachr\u00fcst-Downpipes mit Sportkatalysator, die nur f\u00fcr die Verwendung auf geschlossenen Strecken bestimmt sind, ist ECU-Remapping vorgeschrieben. Bei Installation einer Akrapovi\u010d-Nachr\u00fcst-Aufpuffanlage, die f\u00fcr den Einsatz auf geschlossenen Strecken entwickelt wurde, empfehlen wir ECU.Remapping, um dem etwaigen Anspringen der Motorwarnleuchte vorzubeugen. <\/p>\n<p>DIESES PRODUKT ERF\u00dcLLT NICHT DIE EINZUHALTENDEN ABGASNORMEN IM STRASSENGEBRAUCH.<\/p>\n","protected":false},"excerpt":{"rendered":"<p>Die aus unserer eigenen Titanlegierung hergestellte Evolution-Auspuffanlage ist das Spitzenmodell des Auspuffprogramms von Akrapovi\u010d. Hier handelt es sich um das vollst\u00e4ndige System, das aus dem Slip-On-Endschalld\u00e4mpfer, Link Pipes mit High-Flow-Sportkatalysatoren, zwei exquisiten Titanendrohren und einem Sammlerpaar besteht. Das System bietet eine signifikante Gewichtseinsparung, durch die das Handling verbessert wird, sowie einen Power-Zuwachs im gesamten Drehzahlbereich, [&hellip;]<\/p>\n","protected":false},"featured_media":23723,"comment_status":"open","ping_status":"closed","template":"","meta":[],"product_brand":[],"product_cat":[16,20],"product_tag":[],"class_list":{"0":"post-2196","1":"product","2":"type-product","3":"status-publish","4":"has-post-thumbnail","6":"product_cat-akrapovic-auspuffanlagen","7":"product_cat-porsche","9":"first","10":"instock","11":"taxable","12":"shipping-taxable","13":"purchasable","14":"product-type-simple"},"_links":{"self":[{"href":"https:\/\/wagenthaler.com\/shop\/wp-json\/wp\/v2\/product\/2196","targetHints":{"allow":["GET"]}}],"collection":[{"href":"https:\/\/wagenthaler.com\/shop\/wp-json\/wp\/v2\/product"}],"about":[{"href":"https:\/\/wagenthaler.com\/shop\/wp-json\/wp\/v2\/types\/product"}],"replies":[{"embeddable":true,"href":"https:\/\/wagenthaler.com\/shop\/wp-json\/wp\/v2\/comments?post=2196"}],"wp:featuredmedia":[{"embeddable":true,"href":"https:\/\/wagenthaler.com\/shop\/wp-json\/wp\/v2\/media\/23723"}],"wp:attachment":[{"href":"https:\/\/wagenthaler.com\/shop\/wp-json\/wp\/v2\/media?parent=2196"}],"wp:term":[{"taxonomy":"product_brand","embeddable":true,"href":"https:\/\/wagenthaler.com\/shop\/wp-json\/wp\/v2\/product_brand?post=2196"},{"taxonomy":"product_cat","embeddable":true,"href":"https:\/\/wagenthaler.com\/shop\/wp-json\/wp\/v2\/product_cat?post=2196"},{"taxonomy":"product_tag","embeddable":true,"href":"https:\/\/wagenthaler.com\/shop\/wp-json\/wp\/v2\/product_tag?post=2196"}],"curies":[{"name":"wp","href":"https:\/\/api.w.org\/{rel}","templated":true}]}}