{"id":2203,"date":"2026-01-27T02:51:01","date_gmt":"2026-01-27T01:51:01","guid":{"rendered":"https:\/\/shop.wagenthaler.com\/produkt\/import\/"},"modified":"2026-01-27T02:51:04","modified_gmt":"2026-01-27T01:51:04","slug":"akrapovic-optionales-kruemmer-set-titan-fuer-porsche-911-gt2-rs-997","status":"publish","type":"product","link":"https:\/\/wagenthaler.com\/shop\/akrapovic-optionales-kruemmer-set-titan-fuer-porsche-911-gt2-rs-997\/","title":{"rendered":"Akrapovi\u010d Optionales Kr\u00fcmmer Set (Titan) f\u00fcr Porsche 911 GT2\/RS (997)"},"content":{"rendered":"<p>Eine Slip-On Auspuffanlage in Kombination mit einem optional lieferbaren <strong> Titankr\u00fcmmer-Set<\/strong> ist ein absolutes Muss f\u00fcr jeden, der mehr Freude an seinem Automobil haben m\u00f6chte. Damit konnte wir eine zus\u00e4tzliche Gewichtsersparnis von 3 kg erreichen. <\/p>\n<p><font class=\"pim-textStyles_finePrint\">Bei der Installation optionaler Akrapovic-Nachr\u00fcst-Down Pipes mit oder ohne Sportkatalysator, die nur f\u00fcr die Verwendung auf geschlossenen Strecken bestimmt sind, ist ECU-Remapping vorgeschrieben. Bei Installation einer Akrapovic-Nachr\u00fcst-Aufpuffanlage, die f\u00fcr den Einsatz auf geschlossenen Strecken entwickelt wurde, empfehlen wir ECU-Remapping, um dem etwaigen Anspringen der Motorwarnleuchte vorzubeugen.<\/font><\/p>\n<p>DIESES PRODUKT ERF\u00dcLLT NICHT DIE EINZUHALTENDEN ABGASNORMEN IM STRASSENGEBRAUCH.<\/p>\n","protected":false},"excerpt":{"rendered":"<p>Eine Slip-On Auspuffanlage in Kombination mit einem optional lieferbaren Titankr\u00fcmmer-Set ist ein absolutes Muss f\u00fcr jeden, der mehr Freude an seinem Automobil haben m\u00f6chte. Damit konnte wir eine zus\u00e4tzliche Gewichtsersparnis von 3 kg erreichen. Bei der Installation optionaler Akrapovic-Nachr\u00fcst-Down Pipes mit oder ohne Sportkatalysator, die nur f\u00fcr die Verwendung auf geschlossenen Strecken bestimmt sind, ist [&hellip;]<\/p>\n","protected":false},"featured_media":2204,"comment_status":"open","ping_status":"closed","template":"","meta":[],"product_brand":[],"product_cat":[18,20],"product_tag":[],"class_list":{"0":"post-2203","1":"product","2":"type-product","3":"status-publish","4":"has-post-thumbnail","6":"product_cat-akrapovic-zubehoer","7":"product_cat-porsche","9":"first","10":"instock","11":"taxable","12":"shipping-taxable","13":"purchasable","14":"product-type-simple"},"_links":{"self":[{"href":"https:\/\/wagenthaler.com\/shop\/wp-json\/wp\/v2\/product\/2203","targetHints":{"allow":["GET"]}}],"collection":[{"href":"https:\/\/wagenthaler.com\/shop\/wp-json\/wp\/v2\/product"}],"about":[{"href":"https:\/\/wagenthaler.com\/shop\/wp-json\/wp\/v2\/types\/product"}],"replies":[{"embeddable":true,"href":"https:\/\/wagenthaler.com\/shop\/wp-json\/wp\/v2\/comments?post=2203"}],"wp:featuredmedia":[{"embeddable":true,"href":"https:\/\/wagenthaler.com\/shop\/wp-json\/wp\/v2\/media\/2204"}],"wp:attachment":[{"href":"https:\/\/wagenthaler.com\/shop\/wp-json\/wp\/v2\/media?parent=2203"}],"wp:term":[{"taxonomy":"product_brand","embeddable":true,"href":"https:\/\/wagenthaler.com\/shop\/wp-json\/wp\/v2\/product_brand?post=2203"},{"taxonomy":"product_cat","embeddable":true,"href":"https:\/\/wagenthaler.com\/shop\/wp-json\/wp\/v2\/product_cat?post=2203"},{"taxonomy":"product_tag","embeddable":true,"href":"https:\/\/wagenthaler.com\/shop\/wp-json\/wp\/v2\/product_tag?post=2203"}],"curies":[{"name":"wp","href":"https:\/\/api.w.org\/{rel}","templated":true}]}}