{"id":2205,"date":"2026-01-27T02:51:04","date_gmt":"2026-01-27T01:51:04","guid":{"rendered":"https:\/\/shop.wagenthaler.com\/produkt\/import\/"},"modified":"2026-02-05T15:07:37","modified_gmt":"2026-02-05T14:07:37","slug":"akrapovic-slip-on-race-line-titan-fuer-porsche-911-gt3-991","status":"publish","type":"product","link":"https:\/\/wagenthaler.com\/shop\/akrapovic-slip-on-race-line-titan-fuer-porsche-911-gt3-991\/","title":{"rendered":"Akrapovi\u010d Slip-On Race Line (Titan) f\u00fcr Porsche 911 GT3 (991)"},"content":{"rendered":"<p>Akrapovi\u010d\u2019s Slip-On Race Line represents the first step in the exhaust system tuning process and it can easily be installed onto the Porsche GT3&#8217;s original system. Built from <strong>hi-grade titanium<\/strong> and finished with two eye-catching double round <strong>tailpipes<\/strong>, this entry system makes the GT3 more powerful and lighter, and gives the car that unique, sporty <strong>Akrapovi\u010d sound.<\/strong><\/p>\n<p><strong>The mandatory tail pipe set\u00a0<\/strong><strong>TP-T\/S\/19\u00a0<\/strong><strong>needs to be ordered separately.<\/strong><\/p>\n<p>The Slip-On Race system can be optionally combined with <strong>Link Pipe Set (Titanium)<\/strong> that retains stock headers and removes stock side mufflers, or it can be upgraded into a full Akrapovi\u010d exhaust system, either with combining it with <strong>Evolution Race Header Set<\/strong> without valves or <strong>Evolution Header Set <\/strong>with side mufflers and valves.<\/p>\n<p><\/br\/><\/p>\n<p>THIS PRODUCT DOES NOT MEET EMISSION COMPLIANCE REQUIREMENTS FOR STREET OR HIGHWAY USE.<\/p>\n<p><\/br\/><\/p>\n","protected":false},"excerpt":{"rendered":"<p>Akrapovi\u010d\u2019s Slip-On Race Line represents the first step in the exhaust system tuning process and it can easily be installed onto the Porsche GT3&#8217;s original system. Built from hi-grade titanium and finished with two eye-catching double round tailpipes, this entry system makes the GT3 more powerful and lighter, and gives the car that unique, sporty [&hellip;]<\/p>\n","protected":false},"featured_media":23719,"comment_status":"open","ping_status":"closed","template":"","meta":[],"product_brand":[],"product_cat":[16,20],"product_tag":[],"class_list":{"0":"post-2205","1":"product","2":"type-product","3":"status-publish","4":"has-post-thumbnail","6":"product_cat-akrapovic-auspuffanlagen","7":"product_cat-porsche","9":"first","10":"outofstock","11":"sale","12":"taxable","13":"shipping-taxable","14":"purchasable","15":"product-type-simple"},"_links":{"self":[{"href":"https:\/\/wagenthaler.com\/shop\/wp-json\/wp\/v2\/product\/2205","targetHints":{"allow":["GET"]}}],"collection":[{"href":"https:\/\/wagenthaler.com\/shop\/wp-json\/wp\/v2\/product"}],"about":[{"href":"https:\/\/wagenthaler.com\/shop\/wp-json\/wp\/v2\/types\/product"}],"replies":[{"embeddable":true,"href":"https:\/\/wagenthaler.com\/shop\/wp-json\/wp\/v2\/comments?post=2205"}],"wp:featuredmedia":[{"embeddable":true,"href":"https:\/\/wagenthaler.com\/shop\/wp-json\/wp\/v2\/media\/23719"}],"wp:attachment":[{"href":"https:\/\/wagenthaler.com\/shop\/wp-json\/wp\/v2\/media?parent=2205"}],"wp:term":[{"taxonomy":"product_brand","embeddable":true,"href":"https:\/\/wagenthaler.com\/shop\/wp-json\/wp\/v2\/product_brand?post=2205"},{"taxonomy":"product_cat","embeddable":true,"href":"https:\/\/wagenthaler.com\/shop\/wp-json\/wp\/v2\/product_cat?post=2205"},{"taxonomy":"product_tag","embeddable":true,"href":"https:\/\/wagenthaler.com\/shop\/wp-json\/wp\/v2\/product_tag?post=2205"}],"curies":[{"name":"wp","href":"https:\/\/api.w.org\/{rel}","templated":true}]}}