{"id":2223,"date":"2026-01-27T02:51:31","date_gmt":"2026-01-27T01:51:31","guid":{"rendered":"https:\/\/shop.wagenthaler.com\/produkt\/import\/"},"modified":"2026-02-05T15:07:28","modified_gmt":"2026-02-05T14:07:28","slug":"akrapovic-slip-on-line-titan-991-fuer-porsche-911-gt3-991","status":"publish","type":"product","link":"https:\/\/wagenthaler.com\/shop\/akrapovic-slip-on-line-titan-991-fuer-porsche-911-gt3-991\/","title":{"rendered":"Akrapovi\u010d Slip-On Line (Titan) 991 f\u00fcr Porsche 911 GT3 (991)"},"content":{"rendered":"<p>\u00a0Die Slip-On Line von Akrapovi\u010d ist der erste Schritt im Tuning-Prozess eines Auspuffsystems. Der Schalld\u00e4mpfer kann ganz einfach in das Original-System des Porsche GT3 eingebaut werden. Aus <strong>hochwertigem Titan<\/strong> gefertigt und mit zwei Doppel-Endrohren als Blickfang ausgestattet, macht dieses Einstiegssystem den GT3 noch leistungsf\u00e4higer und leichter. Zudem verleiht sie ihm den einzigartigen Akrapovi\u010d Sound, erf\u00fcllt aber immer noch die ECE-Spezifikationen. Um das Fahrzeug noch deutlicher von der Masse abzuheben und noch attraktiver zu gestalten, kann <strong>die visuelle Attraktivit\u00e4t<\/strong> der Akrapovi\u010d Slip-On Line durch die Erg\u00e4nzung eines optionalen Heckdiffusors aus Carbon zus\u00e4tzlich verbessert werden. Dieser Diffusor wurde per Hand aus den feinsten Materialien wundersch\u00f6n gefertigt, um den exklusiven Look des Auspuffsystems weiter zu veredeln. Er ist damit ein Must-Have f\u00fcr jeden anspruchsvollen Besitzer. <\/p>\n","protected":false},"excerpt":{"rendered":"<p>\u00a0Die Slip-On Line von Akrapovi\u010d ist der erste Schritt im Tuning-Prozess eines Auspuffsystems. Der Schalld\u00e4mpfer kann ganz einfach in das Original-System des Porsche GT3 eingebaut werden. Aus hochwertigem Titan gefertigt und mit zwei Doppel-Endrohren als Blickfang ausgestattet, macht dieses Einstiegssystem den GT3 noch leistungsf\u00e4higer und leichter. Zudem verleiht sie ihm den einzigartigen Akrapovi\u010d Sound, erf\u00fcllt [&hellip;]<\/p>\n","protected":false},"featured_media":23716,"comment_status":"open","ping_status":"closed","template":"","meta":[],"product_brand":[],"product_cat":[16,20],"product_tag":[],"class_list":{"0":"post-2223","1":"product","2":"type-product","3":"status-publish","4":"has-post-thumbnail","6":"product_cat-akrapovic-auspuffanlagen","7":"product_cat-porsche","9":"first","10":"outofstock","11":"sale","12":"taxable","13":"shipping-taxable","14":"purchasable","15":"product-type-simple"},"_links":{"self":[{"href":"https:\/\/wagenthaler.com\/shop\/wp-json\/wp\/v2\/product\/2223","targetHints":{"allow":["GET"]}}],"collection":[{"href":"https:\/\/wagenthaler.com\/shop\/wp-json\/wp\/v2\/product"}],"about":[{"href":"https:\/\/wagenthaler.com\/shop\/wp-json\/wp\/v2\/types\/product"}],"replies":[{"embeddable":true,"href":"https:\/\/wagenthaler.com\/shop\/wp-json\/wp\/v2\/comments?post=2223"}],"wp:featuredmedia":[{"embeddable":true,"href":"https:\/\/wagenthaler.com\/shop\/wp-json\/wp\/v2\/media\/23716"}],"wp:attachment":[{"href":"https:\/\/wagenthaler.com\/shop\/wp-json\/wp\/v2\/media?parent=2223"}],"wp:term":[{"taxonomy":"product_brand","embeddable":true,"href":"https:\/\/wagenthaler.com\/shop\/wp-json\/wp\/v2\/product_brand?post=2223"},{"taxonomy":"product_cat","embeddable":true,"href":"https:\/\/wagenthaler.com\/shop\/wp-json\/wp\/v2\/product_cat?post=2223"},{"taxonomy":"product_tag","embeddable":true,"href":"https:\/\/wagenthaler.com\/shop\/wp-json\/wp\/v2\/product_tag?post=2223"}],"curies":[{"name":"wp","href":"https:\/\/api.w.org\/{rel}","templated":true}]}}