{"id":2284,"date":"2026-01-27T02:55:10","date_gmt":"2026-01-27T01:55:10","guid":{"rendered":"https:\/\/shop.wagenthaler.com\/produkt\/import\/"},"modified":"2026-01-27T02:55:33","modified_gmt":"2026-01-27T01:55:33","slug":"akrapovic-evolution-header-set-titan-fuer-porsche-911-gt3-gt3-touring-992","status":"publish","type":"product","link":"https:\/\/wagenthaler.com\/shop\/akrapovic-evolution-header-set-titan-fuer-porsche-911-gt3-gt3-touring-992\/","title":{"rendered":"Akrapovi\u010d Evolution Header Set (Titan) f\u00fcr Porsche 911 GT3 \/ GT3 Touring (992)"},"content":{"rendered":"<p><strong>Evolution Header Set (Titanium) wurde zusammen mit der Slip-On Race Line (Titan) montiert werden.<\/strong><\/p>\n<p>Um eine lange Haltbarkeit zu gew\u00e4hrleisten, wird dieses Produkt aus hochwertigem <strong>Titan <\/strong>hergestellt, wobei die Teile sandgestrahlt und beschichtet werden. Dieser neue Kr\u00fcmmer-Satz hat eine <strong>speziell entworfene Verlegung<\/strong>, um den Gasfluss perfekt zu leiten. Mit den besonderen Kr\u00fcmmer-Kreuzungsrohren, die in der hauseigenen Titan-Gie\u00dferei von Akrapovi\u010d gegossen werden, stammt dieses innovative Design direkt von rennerprobten Abgasanlagen, und es ist das erste Mal, dass es in einer Akrapovi\u010d-Aftermarket-Autoabgasanlage zu sehen ist. Dieses Meisterwerk der Ingenieurskunst wurde ausschlie\u00dflich entwickelt, um die Leistung der Slip-On Race Line (Titanium) im mittleren Drehzahlbereich zu optimieren. Viele Teile des Kr\u00fcmmers werden in der hauseigenen Gie\u00dferei gegossen, und die vollst\u00e4ndige Verwendung von Titan f\u00fchrt zu einer Gewichtseinsparung von 3,8 kg, was <strong>28 % leichter<\/strong> ist als das serienm\u00e4\u00dfige Pendant.\u00a0<\/p>\n<p>Zus\u00e4tzlich zu den Katalysatoren sorgen abgestimmte <strong>Resonatoren <\/strong>f\u00fcr die Klangqualit\u00e4t und keinerlei Verzerrungen oder unerw\u00fcnschter Frequenzen sind zu h\u00f6ren, wodurch ein einzigartiges <strong>Klangerlebnis entsteht<\/strong>. Die Kombination aus Akrapovi\u010d Slip-On Race Line (Titanium) und Evolution Header Set (Titanium), die nur f\u00fcr den Einsatz auf geschlossenen Rennstrecken entwickelt wurde, sorgt f\u00fcr eine Leistungssteigerung von 16,6 kW (22,6 PS) bei 4.550 U\/min und 35,2 Nm Drehmoment bei 4.500 U\/min, wenn sie auf dem Akrapovi\u010d-Pr\u00fcfstand gegen einen Porsche 911 GT3 (992) mit serienm\u00e4\u00dfiger Abgasanlage getestet wird.<br \/>Bei der Installation des Akrapovi\u010d Evolution Header Set (Titanium) an Fahrzeugen mit Partikelfilter ist ein <strong>Remapping des Steuerger\u00e4ts obligatorisch<\/strong>, um m\u00f6gliche Warnmeldungen der Motorkontrolleuchte zu vermeiden. Bei der Installation der Akrapovi\u010d Evolution Header Set (Titanium) auf Fahrzeuge ohne Partikelfilter wird ein Remapping der ECU empfohlen.<\/br\/><\/p>\n<p><strong>System passt auch bei Fahrzeugen mit Ottopartikelfilter (OPF).<\/strong><\/p>\n<p><strong>Dieses System passt nicht auf die RS-Version.<br \/><\/br\/><\/strong><\/p>\n<p>DIESES PRODUKT ERF\u00dcLLT NICHT DIE EINZUHALTENDEN ABGASNORMEN IM STRASSENGEBRAUCH<\/p>\n<p><\/br\/><\/p>\n","protected":false},"excerpt":{"rendered":"<p>Evolution Header Set (Titanium) wurde zusammen mit der Slip-On Race Line (Titan) montiert werden. Um eine lange Haltbarkeit zu gew\u00e4hrleisten, wird dieses Produkt aus hochwertigem Titan hergestellt, wobei die Teile sandgestrahlt und beschichtet werden. Dieser neue Kr\u00fcmmer-Satz hat eine speziell entworfene Verlegung, um den Gasfluss perfekt zu leiten. Mit den besonderen Kr\u00fcmmer-Kreuzungsrohren, die in der [&hellip;]<\/p>\n","protected":false},"featured_media":2280,"comment_status":"open","ping_status":"closed","template":"","meta":[],"product_brand":[],"product_cat":[18,20],"product_tag":[],"class_list":{"0":"post-2284","1":"product","2":"type-product","3":"status-publish","4":"has-post-thumbnail","6":"product_cat-akrapovic-zubehoer","7":"product_cat-porsche","9":"first","10":"onbackorder","11":"sale","12":"taxable","13":"shipping-taxable","14":"purchasable","15":"product-type-simple"},"_links":{"self":[{"href":"https:\/\/wagenthaler.com\/shop\/wp-json\/wp\/v2\/product\/2284","targetHints":{"allow":["GET"]}}],"collection":[{"href":"https:\/\/wagenthaler.com\/shop\/wp-json\/wp\/v2\/product"}],"about":[{"href":"https:\/\/wagenthaler.com\/shop\/wp-json\/wp\/v2\/types\/product"}],"replies":[{"embeddable":true,"href":"https:\/\/wagenthaler.com\/shop\/wp-json\/wp\/v2\/comments?post=2284"}],"wp:featuredmedia":[{"embeddable":true,"href":"https:\/\/wagenthaler.com\/shop\/wp-json\/wp\/v2\/media\/2280"}],"wp:attachment":[{"href":"https:\/\/wagenthaler.com\/shop\/wp-json\/wp\/v2\/media?parent=2284"}],"wp:term":[{"taxonomy":"product_brand","embeddable":true,"href":"https:\/\/wagenthaler.com\/shop\/wp-json\/wp\/v2\/product_brand?post=2284"},{"taxonomy":"product_cat","embeddable":true,"href":"https:\/\/wagenthaler.com\/shop\/wp-json\/wp\/v2\/product_cat?post=2284"},{"taxonomy":"product_tag","embeddable":true,"href":"https:\/\/wagenthaler.com\/shop\/wp-json\/wp\/v2\/product_tag?post=2284"}],"curies":[{"name":"wp","href":"https:\/\/api.w.org\/{rel}","templated":true}]}}