{"id":2288,"date":"2026-01-27T02:55:35","date_gmt":"2026-01-27T01:55:35","guid":{"rendered":"https:\/\/shop.wagenthaler.com\/produkt\/import\/"},"modified":"2026-01-27T02:55:39","modified_gmt":"2026-01-27T01:55:39","slug":"akrapovic-slip-on-race-line-adapter-set-edelstahl-fuer-porsche-911-gt3-gt3-touring-992","status":"publish","type":"product","link":"https:\/\/wagenthaler.com\/shop\/akrapovic-slip-on-race-line-adapter-set-edelstahl-fuer-porsche-911-gt3-gt3-touring-992\/","title":{"rendered":"Akrapovi\u010d Slip-On Race Line Adapter Set (Edelstahl) f\u00fcr Porsche 911 GT3 \/ GT3 Touring (992)"},"content":{"rendered":"<p>Dieses Produkt ist f\u00fcr die obligatorische Verwendung mit dem Akrapovi\u010d Slip-On Race Line (Titanium), wenn die Lager-Kr\u00fcmmer beibehalten werden, konzipiert. Hergestellt aus hochwertigem Edelstahl, nutzt dieses Set eine spezielle Isolierung, um zu verhindern, dass \u00fcbersch\u00fcssige W\u00e4rme von anderen Teilen die Leistung beeinflussen. Das Design des Slip-On Race Line Adapters sorgt f\u00fcr <strong>perfekte Leistung<\/strong> und Sound der Slip-On Race Line (Titanium) Abgasanlage, da der <strong>Gasfluss topologisch CFD-optimiert<\/strong> und am Fahrzeug akribisch getestet wurde.<\/p>\n<p><strong>Bei Fahrzeugen ohne Partikelfilter m\u00fcssen Stopfeneins\u00e4tze und Stopfenmuttern aus dem Akrapovi\u010d-Einbausatz verwendet werden, um die Gegendrucksensoren zu deaktivieren.<\/strong><\/br\/><\/p>\n<p><strong><br \/><\/br\/>DIESES PRODUKT ERF\u00dcLLT NICHT DIE EINZUHALTENDEN ABGASNORMEN IM STRASSENGEBRAUCH<\/p>\n<p><\/br\/><\/p>\n","protected":false},"excerpt":{"rendered":"<p>Dieses Produkt ist f\u00fcr die obligatorische Verwendung mit dem Akrapovi\u010d Slip-On Race Line (Titanium), wenn die Lager-Kr\u00fcmmer beibehalten werden, konzipiert. Hergestellt aus hochwertigem Edelstahl, nutzt dieses Set eine spezielle Isolierung, um zu verhindern, dass \u00fcbersch\u00fcssige W\u00e4rme von anderen Teilen die Leistung beeinflussen. Das Design des Slip-On Race Line Adapters sorgt f\u00fcr perfekte Leistung und Sound [&hellip;]<\/p>\n","protected":false},"featured_media":2282,"comment_status":"open","ping_status":"closed","template":"","meta":[],"product_brand":[],"product_cat":[18,20],"product_tag":[],"class_list":{"0":"post-2288","1":"product","2":"type-product","3":"status-publish","4":"has-post-thumbnail","6":"product_cat-akrapovic-zubehoer","7":"product_cat-porsche","9":"first","10":"outofstock","11":"sale","12":"taxable","13":"shipping-taxable","14":"purchasable","15":"product-type-simple"},"_links":{"self":[{"href":"https:\/\/wagenthaler.com\/shop\/wp-json\/wp\/v2\/product\/2288","targetHints":{"allow":["GET"]}}],"collection":[{"href":"https:\/\/wagenthaler.com\/shop\/wp-json\/wp\/v2\/product"}],"about":[{"href":"https:\/\/wagenthaler.com\/shop\/wp-json\/wp\/v2\/types\/product"}],"replies":[{"embeddable":true,"href":"https:\/\/wagenthaler.com\/shop\/wp-json\/wp\/v2\/comments?post=2288"}],"wp:featuredmedia":[{"embeddable":true,"href":"https:\/\/wagenthaler.com\/shop\/wp-json\/wp\/v2\/media\/2282"}],"wp:attachment":[{"href":"https:\/\/wagenthaler.com\/shop\/wp-json\/wp\/v2\/media?parent=2288"}],"wp:term":[{"taxonomy":"product_brand","embeddable":true,"href":"https:\/\/wagenthaler.com\/shop\/wp-json\/wp\/v2\/product_brand?post=2288"},{"taxonomy":"product_cat","embeddable":true,"href":"https:\/\/wagenthaler.com\/shop\/wp-json\/wp\/v2\/product_cat?post=2288"},{"taxonomy":"product_tag","embeddable":true,"href":"https:\/\/wagenthaler.com\/shop\/wp-json\/wp\/v2\/product_tag?post=2288"}],"curies":[{"name":"wp","href":"https:\/\/api.w.org\/{rel}","templated":true}]}}