{"id":2311,"date":"2026-01-27T02:57:33","date_gmt":"2026-01-27T01:57:33","guid":{"rendered":"https:\/\/shop.wagenthaler.com\/produkt\/akrapovic-e-po-t-4-fuer-porsche-911-gt3-rs-991\/"},"modified":"2026-01-27T02:57:44","modified_gmt":"2026-01-27T01:57:44","slug":"akrapovic-evolution-header-set-titan-rs-fuer-porsche-911-gt3-rs-991","status":"publish","type":"product","link":"https:\/\/wagenthaler.com\/shop\/akrapovic-evolution-header-set-titan-rs-fuer-porsche-911-gt3-rs-991\/","title":{"rendered":"Akrapovi\u010d Evolution Header Set (Titan) RS f\u00fcr Porsche 911 GT3 RS (991)"},"content":{"rendered":"<p>Das <strong>Evolution-Header-Set <\/strong>verwandelt das Slip-On-System in ein vollst\u00e4ndiges <strong>Evolution-Line-System<\/strong>, das bei h\u00f6heren Drehzahlen deutlich mehr Leistung liefert. Dank der ausgepr\u00e4gten <strong>Liebe zum Detail<\/strong> \u2013 einige Teile wurden in der eigenen Akrapovi\u010d Titan-Gie\u00dferei hergestellt \u2013 ist es ein Vergn\u00fcgen, die Handwerkskunst und die Beschichtung auf dem System zu betrachten. Mit einem neuentwickelten Auspuffkr\u00fcmmer, der 100 cpsi Sport-Katalysatoren und seitliche Schalld\u00e4mpfer enth\u00e4lt, die allesamt entwickelt wurden, um die Leistung und das Drehmoment zu steigern, nutzt die Evolution Line die integrierten Katalysatoren und die Funktionalit\u00e4t neuer <strong>Auspuffventile<\/strong>, um die Sinne auf jede erdenkliche Weise anzusprechen. Mit den Ventilen in offener Position h\u00f6rt sich die Evolution Line an wie das auf h\u00f6chstem Niveau arbeitende Evolution Race System. Zugleich beinhaltet es die Option f\u00fcr einen niedrigeren Ger\u00e4uschlevel, der perfekt ist, um ihn in einer allt\u00e4glicheren Umgebung zu nutzen. Die Reduktion des Gewichts dank der Leichtbauweise im Bereich hinter dem Motor und der Hinterachse <strong>verbessert sowohl das Handling als auch die Leistung<\/strong>. Die Evolution Line bietet zudem im offenen Modus einen sportlicheren und h\u00e4rteren Sound. Je h\u00f6her die Drehzahl des Motors steigt, desto besser wird der Sound. Zugleich wird die Performance erh\u00f6ht. All das sorgt f\u00fcr eine noch st\u00e4rkeres Sinneserlebnis.\u00a0<\/p>\n<p><font>Bei Installation optionaler Akrapovic-Nachr\u00fcst-Downpipes mit Sportkatalysator, die nur f\u00fcr die Verwendung auf geschlossenen Strecken bestimmt sind, ist ECU-Remapping vorgeschrieben. Bei Installation einer Akrapovi\u010d-Nachr\u00fcst-Aufpuffanlage, die f\u00fcr den Einsatz auf geschlossenen Strecken entwickelt wurde, empfehlen wir ECU.Remapping, um dem etwaigen Anspringen der Motorwarnleuchte vorzubeugen.<\/font><\/p>\n<p>DIESES PRODUKT ERF\u00dcLLT NICHT DIE EINZUHALTENDEN ABGASNORMEN IM STRASSENGEBRAUCH.<\/p>\n","protected":false},"excerpt":{"rendered":"<p>Das Evolution-Header-Set verwandelt das Slip-On-System in ein vollst\u00e4ndiges Evolution-Line-System, das bei h\u00f6heren Drehzahlen deutlich mehr Leistung liefert. Dank der ausgepr\u00e4gten Liebe zum Detail \u2013 einige Teile wurden in der eigenen Akrapovi\u010d Titan-Gie\u00dferei hergestellt \u2013 ist es ein Vergn\u00fcgen, die Handwerkskunst und die Beschichtung auf dem System zu betrachten. Mit einem neuentwickelten Auspuffkr\u00fcmmer, der 100 cpsi [&hellip;]<\/p>\n","protected":false},"featured_media":2312,"comment_status":"open","ping_status":"closed","template":"","meta":[],"product_brand":[],"product_cat":[18,20],"product_tag":[],"class_list":{"0":"post-2311","1":"product","2":"type-product","3":"status-publish","4":"has-post-thumbnail","6":"product_cat-akrapovic-zubehoer","7":"product_cat-porsche","9":"first","10":"outofstock","11":"sale","12":"taxable","13":"shipping-taxable","14":"purchasable","15":"product-type-simple"},"_links":{"self":[{"href":"https:\/\/wagenthaler.com\/shop\/wp-json\/wp\/v2\/product\/2311","targetHints":{"allow":["GET"]}}],"collection":[{"href":"https:\/\/wagenthaler.com\/shop\/wp-json\/wp\/v2\/product"}],"about":[{"href":"https:\/\/wagenthaler.com\/shop\/wp-json\/wp\/v2\/types\/product"}],"replies":[{"embeddable":true,"href":"https:\/\/wagenthaler.com\/shop\/wp-json\/wp\/v2\/comments?post=2311"}],"wp:featuredmedia":[{"embeddable":true,"href":"https:\/\/wagenthaler.com\/shop\/wp-json\/wp\/v2\/media\/2312"}],"wp:attachment":[{"href":"https:\/\/wagenthaler.com\/shop\/wp-json\/wp\/v2\/media?parent=2311"}],"wp:term":[{"taxonomy":"product_brand","embeddable":true,"href":"https:\/\/wagenthaler.com\/shop\/wp-json\/wp\/v2\/product_brand?post=2311"},{"taxonomy":"product_cat","embeddable":true,"href":"https:\/\/wagenthaler.com\/shop\/wp-json\/wp\/v2\/product_cat?post=2311"},{"taxonomy":"product_tag","embeddable":true,"href":"https:\/\/wagenthaler.com\/shop\/wp-json\/wp\/v2\/product_tag?post=2311"}],"curies":[{"name":"wp","href":"https:\/\/api.w.org\/{rel}","templated":true}]}}