{"id":2318,"date":"2026-01-27T02:57:46","date_gmt":"2026-01-27T01:57:46","guid":{"rendered":"https:\/\/shop.wagenthaler.com\/produkt\/import\/"},"modified":"2026-02-05T15:05:01","modified_gmt":"2026-02-05T14:05:01","slug":"akrapovic-slip-on-line-titan-fuer-porsche-911-gt3-rs-991-2","status":"publish","type":"product","link":"https:\/\/wagenthaler.com\/shop\/akrapovic-slip-on-line-titan-fuer-porsche-911-gt3-rs-991-2\/","title":{"rendered":"Akrapovi\u010d Slip-On Line (Titan) f\u00fcr Porsche 911 GT3 RS (991.2)"},"content":{"rendered":"<p>Akrapovi\u010d\u2019s Slip-On Line represents the first step in the exhaust system tuning process and the muffler can easily be installed onto the Porsche GT3 RS\u2019s original system. Built from <strong>hi-grade titanium<\/strong> and finished with two <strong>eye-catching<\/strong> double round tailpipes, this entry system makes the GT3 RS more powerful and <strong>lighter<\/strong>, and gives the car that unique Akrapovi\u010d sound, while still <strong>meeting ECE specifications.<\/strong><\/p>\n<p><strong>The mandatory tail pipe set TP-T\/S\/19\/H needs to be ordered separately.\u00a0<\/strong><strong>When combining the slip-on system with optional carbon fibre diffuser DI-PO\/CA\/7\/G, you must use tail pipe set TP-T\/S\/17\/H or TP-T\/S\/17.<\/strong><\/p>\n<p><strong><\/strong><\/p>\n<p>The Slip-On system can be optionally combined with <strong>Link Pipe Set (Titanium) <\/strong>that retains stock headers and removes stock side mufflers, or it can be upgraded into a full Akrapovi\u010d exhaust system, either with combining it with <strong>Evolution Race Header Set<\/strong> without valves or <strong>Evolution Header Set<\/strong> with side mufflers and valves. If the system is upgraded with link pipe or evolution sets, the ECE type approval is not valid anymore.<\/p>\n<p><\/br\/><\/p>\n","protected":false},"excerpt":{"rendered":"<p>Akrapovi\u010d\u2019s Slip-On Line represents the first step in the exhaust system tuning process and the muffler can easily be installed onto the Porsche GT3 RS\u2019s original system. Built from hi-grade titanium and finished with two eye-catching double round tailpipes, this entry system makes the GT3 RS more powerful and lighter, and gives the car that [&hellip;]<\/p>\n","protected":false},"featured_media":23694,"comment_status":"open","ping_status":"closed","template":"","meta":[],"product_brand":[],"product_cat":[16,20],"product_tag":[],"class_list":{"0":"post-2318","1":"product","2":"type-product","3":"status-publish","4":"has-post-thumbnail","6":"product_cat-akrapovic-auspuffanlagen","7":"product_cat-porsche","9":"first","10":"instock","11":"sale","12":"taxable","13":"shipping-taxable","14":"purchasable","15":"product-type-simple"},"_links":{"self":[{"href":"https:\/\/wagenthaler.com\/shop\/wp-json\/wp\/v2\/product\/2318","targetHints":{"allow":["GET"]}}],"collection":[{"href":"https:\/\/wagenthaler.com\/shop\/wp-json\/wp\/v2\/product"}],"about":[{"href":"https:\/\/wagenthaler.com\/shop\/wp-json\/wp\/v2\/types\/product"}],"replies":[{"embeddable":true,"href":"https:\/\/wagenthaler.com\/shop\/wp-json\/wp\/v2\/comments?post=2318"}],"wp:featuredmedia":[{"embeddable":true,"href":"https:\/\/wagenthaler.com\/shop\/wp-json\/wp\/v2\/media\/23694"}],"wp:attachment":[{"href":"https:\/\/wagenthaler.com\/shop\/wp-json\/wp\/v2\/media?parent=2318"}],"wp:term":[{"taxonomy":"product_brand","embeddable":true,"href":"https:\/\/wagenthaler.com\/shop\/wp-json\/wp\/v2\/product_brand?post=2318"},{"taxonomy":"product_cat","embeddable":true,"href":"https:\/\/wagenthaler.com\/shop\/wp-json\/wp\/v2\/product_cat?post=2318"},{"taxonomy":"product_tag","embeddable":true,"href":"https:\/\/wagenthaler.com\/shop\/wp-json\/wp\/v2\/product_tag?post=2318"}],"curies":[{"name":"wp","href":"https:\/\/api.w.org\/{rel}","templated":true}]}}