{"id":2341,"date":"2026-01-27T02:58:53","date_gmt":"2026-01-27T01:58:53","guid":{"rendered":"https:\/\/shop.wagenthaler.com\/produkt\/import\/"},"modified":"2026-01-27T02:58:54","modified_gmt":"2026-01-27T01:58:54","slug":"akrapovic-tail-pipe-set-titan-fuer-porsche-911-gt3-rs-991-2","status":"publish","type":"product","link":"https:\/\/wagenthaler.com\/shop\/akrapovic-tail-pipe-set-titan-fuer-porsche-911-gt3-rs-991-2\/","title":{"rendered":"Akrapovi\u010d Tail pipe set (Titan) f\u00fcr Porsche 911 GT3 RS (991.2)"},"content":{"rendered":"<p>Abgerundet wird das System durch zwei auff\u00e4llige runde Doppel-Endrohre aus hochwertigem <strong>Titan<\/strong>.<br \/><strong><br \/>Installationshinweis f\u00fcr den GT3 RS: Dieses Endrohr-Set kann nur mit dem optionalen Karbon-Diffusor DI-PO\/CA\/7\/G verwendet werden.<br \/><\/br\/><br \/><\/br\/><\/p>\n","protected":false},"excerpt":{"rendered":"<p>Abgerundet wird das System durch zwei auff\u00e4llige runde Doppel-Endrohre aus hochwertigem Titan.Installationshinweis f\u00fcr den GT3 RS: Dieses Endrohr-Set kann nur mit dem optionalen Karbon-Diffusor DI-PO\/CA\/7\/G verwendet werden.<\/p>\n","protected":false},"featured_media":2335,"comment_status":"open","ping_status":"closed","template":"","meta":[],"product_brand":[],"product_cat":[18,20],"product_tag":[],"class_list":{"0":"post-2341","1":"product","2":"type-product","3":"status-publish","4":"has-post-thumbnail","6":"product_cat-akrapovic-zubehoer","7":"product_cat-porsche","9":"first","10":"instock","11":"sale","12":"taxable","13":"shipping-taxable","14":"purchasable","15":"product-type-simple"},"_links":{"self":[{"href":"https:\/\/wagenthaler.com\/shop\/wp-json\/wp\/v2\/product\/2341","targetHints":{"allow":["GET"]}}],"collection":[{"href":"https:\/\/wagenthaler.com\/shop\/wp-json\/wp\/v2\/product"}],"about":[{"href":"https:\/\/wagenthaler.com\/shop\/wp-json\/wp\/v2\/types\/product"}],"replies":[{"embeddable":true,"href":"https:\/\/wagenthaler.com\/shop\/wp-json\/wp\/v2\/comments?post=2341"}],"wp:featuredmedia":[{"embeddable":true,"href":"https:\/\/wagenthaler.com\/shop\/wp-json\/wp\/v2\/media\/2335"}],"wp:attachment":[{"href":"https:\/\/wagenthaler.com\/shop\/wp-json\/wp\/v2\/media?parent=2341"}],"wp:term":[{"taxonomy":"product_brand","embeddable":true,"href":"https:\/\/wagenthaler.com\/shop\/wp-json\/wp\/v2\/product_brand?post=2341"},{"taxonomy":"product_cat","embeddable":true,"href":"https:\/\/wagenthaler.com\/shop\/wp-json\/wp\/v2\/product_cat?post=2341"},{"taxonomy":"product_tag","embeddable":true,"href":"https:\/\/wagenthaler.com\/shop\/wp-json\/wp\/v2\/product_tag?post=2341"}],"curies":[{"name":"wp","href":"https:\/\/api.w.org\/{rel}","templated":true}]}}