{"id":2344,"date":"2026-01-27T02:58:59","date_gmt":"2026-01-27T01:58:59","guid":{"rendered":"https:\/\/shop.wagenthaler.com\/produkt\/import\/"},"modified":"2026-01-27T02:59:00","modified_gmt":"2026-01-27T01:59:00","slug":"akrapovic-tail-pipe-set-titan-fuer-porsche-911-gt3-rs-991-2-3","status":"publish","type":"product","link":"https:\/\/wagenthaler.com\/shop\/akrapovic-tail-pipe-set-titan-fuer-porsche-911-gt3-rs-991-2-3\/","title":{"rendered":"Akrapovi\u010d Tail pipe set (Titan) f\u00fcr Porsche 911 GT3 RS (991.2)"},"content":{"rendered":"<p>Kr\u00f6nen Sie Ihr System mit einem Paar runder Doppel-Endrohreaus hochwertigem Titan als Eye-Catcher. Diese sind speziell f\u00fcr die GT3 RS (991) Version gemacht, um den h\u00f6heren Temperaturen zu widerstehen, die beidieser Entfernung zum D\u00e4mpfer entstehen.<br \/><\/br\/><\/p>\n","protected":false},"excerpt":{"rendered":"<p>Kr\u00f6nen Sie Ihr System mit einem Paar runder Doppel-Endrohreaus hochwertigem Titan als Eye-Catcher. Diese sind speziell f\u00fcr die GT3 RS (991) Version gemacht, um den h\u00f6heren Temperaturen zu widerstehen, die beidieser Entfernung zum D\u00e4mpfer entstehen.<\/p>\n","protected":false},"featured_media":2239,"comment_status":"open","ping_status":"closed","template":"","meta":[],"product_brand":[],"product_cat":[18,20],"product_tag":[],"class_list":{"0":"post-2344","1":"product","2":"type-product","3":"status-publish","4":"has-post-thumbnail","6":"product_cat-akrapovic-zubehoer","7":"product_cat-porsche","9":"first","10":"instock","11":"sale","12":"taxable","13":"shipping-taxable","14":"purchasable","15":"product-type-simple"},"_links":{"self":[{"href":"https:\/\/wagenthaler.com\/shop\/wp-json\/wp\/v2\/product\/2344","targetHints":{"allow":["GET"]}}],"collection":[{"href":"https:\/\/wagenthaler.com\/shop\/wp-json\/wp\/v2\/product"}],"about":[{"href":"https:\/\/wagenthaler.com\/shop\/wp-json\/wp\/v2\/types\/product"}],"replies":[{"embeddable":true,"href":"https:\/\/wagenthaler.com\/shop\/wp-json\/wp\/v2\/comments?post=2344"}],"wp:featuredmedia":[{"embeddable":true,"href":"https:\/\/wagenthaler.com\/shop\/wp-json\/wp\/v2\/media\/2239"}],"wp:attachment":[{"href":"https:\/\/wagenthaler.com\/shop\/wp-json\/wp\/v2\/media?parent=2344"}],"wp:term":[{"taxonomy":"product_brand","embeddable":true,"href":"https:\/\/wagenthaler.com\/shop\/wp-json\/wp\/v2\/product_brand?post=2344"},{"taxonomy":"product_cat","embeddable":true,"href":"https:\/\/wagenthaler.com\/shop\/wp-json\/wp\/v2\/product_cat?post=2344"},{"taxonomy":"product_tag","embeddable":true,"href":"https:\/\/wagenthaler.com\/shop\/wp-json\/wp\/v2\/product_tag?post=2344"}],"curies":[{"name":"wp","href":"https:\/\/api.w.org\/{rel}","templated":true}]}}