{"id":2384,"date":"2026-01-27T03:01:33","date_gmt":"2026-01-27T02:01:33","guid":{"rendered":"https:\/\/shop.wagenthaler.com\/produkt\/import\/"},"modified":"2026-02-05T15:03:12","modified_gmt":"2026-02-05T14:03:12","slug":"akrapovic-slip-on-line-titan-997fl-fuer-porsche-911-gt3-rs-997-fl-4-0","status":"publish","type":"product","link":"https:\/\/wagenthaler.com\/shop\/akrapovic-slip-on-line-titan-997fl-fuer-porsche-911-gt3-rs-997-fl-4-0\/","title":{"rendered":"Akrapovi\u010d Slip-On Line (Titan) 997FL f\u00fcr Porsche 911 GT3\/RS (997 FL) 4.0"},"content":{"rendered":"<p>Das Slip-On-System von Akrapovic basiert auf demselben Layout wie das originale Auspuffsystem des GT3 mit Klappensteuerung. Das Slip-On-System hat einen Titanschalld\u00e4mpfer mit zwei doppelten runden Endrohren. Der Schalld\u00e4mpfer l\u00e4sst sich leicht an das Originalsystem anschlie\u00dfen. Das Akrapovic-Slip-On-System macht den GT3 leistungsst\u00e4rker und leichter, obwohl die Auspuffanlage nicht vollst\u00e4ndig ersetzt wird. Auch der Sound des V6-Motors wird deutlich verbessert. Ein Blick auf die Zahlen zeigt, dass das Slip-On-System eine Gewichtsverringerung im Heck des Porsche und einen Powergewinn bringt. Zwei Endrohre mit 100 mm Durchmesser stellen klar, dass das Akrapovic-Slip-On-System keine gew\u00f6hnliche Auspuffanlage ist. Die einzigartige Optik wird durch die unerl\u00e4ssliche hintere Carbonfaserlippe akzentuiert. <\/p>\n","protected":false},"excerpt":{"rendered":"<p>Das Slip-On-System von Akrapovic basiert auf demselben Layout wie das originale Auspuffsystem des GT3 mit Klappensteuerung. Das Slip-On-System hat einen Titanschalld\u00e4mpfer mit zwei doppelten runden Endrohren. Der Schalld\u00e4mpfer l\u00e4sst sich leicht an das Originalsystem anschlie\u00dfen. Das Akrapovic-Slip-On-System macht den GT3 leistungsst\u00e4rker und leichter, obwohl die Auspuffanlage nicht vollst\u00e4ndig ersetzt wird. Auch der Sound des V6-Motors [&hellip;]<\/p>\n","protected":false},"featured_media":23680,"comment_status":"open","ping_status":"closed","template":"","meta":[],"product_brand":[],"product_cat":[16,20],"product_tag":[],"class_list":{"0":"post-2384","1":"product","2":"type-product","3":"status-publish","4":"has-post-thumbnail","6":"product_cat-akrapovic-auspuffanlagen","7":"product_cat-porsche","9":"first","10":"instock","11":"sale","12":"taxable","13":"shipping-taxable","14":"purchasable","15":"product-type-variable"},"_links":{"self":[{"href":"https:\/\/wagenthaler.com\/shop\/wp-json\/wp\/v2\/product\/2384","targetHints":{"allow":["GET"]}}],"collection":[{"href":"https:\/\/wagenthaler.com\/shop\/wp-json\/wp\/v2\/product"}],"about":[{"href":"https:\/\/wagenthaler.com\/shop\/wp-json\/wp\/v2\/types\/product"}],"replies":[{"embeddable":true,"href":"https:\/\/wagenthaler.com\/shop\/wp-json\/wp\/v2\/comments?post=2384"}],"wp:featuredmedia":[{"embeddable":true,"href":"https:\/\/wagenthaler.com\/shop\/wp-json\/wp\/v2\/media\/23680"}],"wp:attachment":[{"href":"https:\/\/wagenthaler.com\/shop\/wp-json\/wp\/v2\/media?parent=2384"}],"wp:term":[{"taxonomy":"product_brand","embeddable":true,"href":"https:\/\/wagenthaler.com\/shop\/wp-json\/wp\/v2\/product_brand?post=2384"},{"taxonomy":"product_cat","embeddable":true,"href":"https:\/\/wagenthaler.com\/shop\/wp-json\/wp\/v2\/product_cat?post=2384"},{"taxonomy":"product_tag","embeddable":true,"href":"https:\/\/wagenthaler.com\/shop\/wp-json\/wp\/v2\/product_tag?post=2384"}],"curies":[{"name":"wp","href":"https:\/\/api.w.org\/{rel}","templated":true}]}}