{"id":2388,"date":"2026-01-27T03:01:36","date_gmt":"2026-01-27T02:01:36","guid":{"rendered":"https:\/\/shop.wagenthaler.com\/produkt\/import\/"},"modified":"2026-02-05T22:07:17","modified_gmt":"2026-02-05T21:07:17","slug":"akrapovic-rear-carbon-fibre-lip-fuer-porsche-911-gt3-rs-997-fl-4-0","status":"publish","type":"product","link":"https:\/\/wagenthaler.com\/shop\/akrapovic-rear-carbon-fibre-lip-fuer-porsche-911-gt3-rs-997-fl-4-0\/","title":{"rendered":"Akrapovi\u010d Rear Carbon Fibre Lip f\u00fcr Porsche 911 GT3\/RS (997 FL) 4.0"},"content":{"rendered":"<p>Erfordert die Installation der optional erh\u00e4ltlichen Akrapovic <strong>Karbon-Lippe <\/strong>, um Hitzesch\u00e4den an der hinteren Sto\u00dfstange zu vermeiden.<\/p>\n","protected":false},"excerpt":{"rendered":"<p>Erfordert die Installation der optional erh\u00e4ltlichen Akrapovic Karbon-Lippe , um Hitzesch\u00e4den an der hinteren Sto\u00dfstange zu vermeiden.<\/p>\n","protected":false},"featured_media":23677,"comment_status":"open","ping_status":"closed","template":"","meta":[],"product_brand":[],"product_cat":[16,20],"product_tag":[],"class_list":{"0":"post-2388","1":"product","2":"type-product","3":"status-publish","4":"has-post-thumbnail","6":"product_cat-akrapovic-auspuffanlagen","7":"product_cat-porsche","9":"first","10":"outofstock","11":"sale","12":"taxable","13":"shipping-taxable","14":"purchasable","15":"product-type-simple"},"_links":{"self":[{"href":"https:\/\/wagenthaler.com\/shop\/wp-json\/wp\/v2\/product\/2388","targetHints":{"allow":["GET"]}}],"collection":[{"href":"https:\/\/wagenthaler.com\/shop\/wp-json\/wp\/v2\/product"}],"about":[{"href":"https:\/\/wagenthaler.com\/shop\/wp-json\/wp\/v2\/types\/product"}],"replies":[{"embeddable":true,"href":"https:\/\/wagenthaler.com\/shop\/wp-json\/wp\/v2\/comments?post=2388"}],"wp:featuredmedia":[{"embeddable":true,"href":"https:\/\/wagenthaler.com\/shop\/wp-json\/wp\/v2\/media\/23677"}],"wp:attachment":[{"href":"https:\/\/wagenthaler.com\/shop\/wp-json\/wp\/v2\/media?parent=2388"}],"wp:term":[{"taxonomy":"product_brand","embeddable":true,"href":"https:\/\/wagenthaler.com\/shop\/wp-json\/wp\/v2\/product_brand?post=2388"},{"taxonomy":"product_cat","embeddable":true,"href":"https:\/\/wagenthaler.com\/shop\/wp-json\/wp\/v2\/product_cat?post=2388"},{"taxonomy":"product_tag","embeddable":true,"href":"https:\/\/wagenthaler.com\/shop\/wp-json\/wp\/v2\/product_tag?post=2388"}],"curies":[{"name":"wp","href":"https:\/\/api.w.org\/{rel}","templated":true}]}}