{"id":2392,"date":"2026-01-27T03:01:43","date_gmt":"2026-01-27T02:01:43","guid":{"rendered":"https:\/\/shop.wagenthaler.com\/produkt\/import\/"},"modified":"2026-02-05T15:02:40","modified_gmt":"2026-02-05T14:02:40","slug":"akrapovic-slip-on-race-line-titan-fuer-porsche-911-speedster-opf-gpf","status":"publish","type":"product","link":"https:\/\/wagenthaler.com\/shop\/akrapovic-slip-on-race-line-titan-fuer-porsche-911-speedster-opf-gpf\/","title":{"rendered":"Akrapovi\u010d Slip-On Race Line (Titan) f\u00fcr Porsche 911 Speedster &#8211; OPF\/GPF"},"content":{"rendered":"<p><strong>Dieses Slip-On Race-System (S-PO\/TI\/8) muss zu einem vollst\u00e4ndigen Akrapovi\u010d Evolution Race Line Abgassystem aufger\u00fcstet werden, indem es mit dem Evolution Header-Set (E-PO\/T\/6\/1)<\/strong> mit seitlichen Schalld\u00e4mpfern und Klappen kombiniert wird. Es ist ganz darauf ausgelegt, die Leistung des Fahrzeugs bei steigenden Drehzahlen zu verbessern. Mit komplexen Teilen aus der eigenen Titan-Gie\u00dferei von Akrapovi\u010d, dem in dieses System eingeflossenen Fachwissen und der Oberfl\u00e4chenbeschichtung demonstriert das System h\u00f6chste Standards bei Verarbeitung und Technologie. Mit 100-cpsi-Sportkatalysatoren im Abgasanlagekr\u00fcmmer und in den seitlichen Schalld\u00e4mpfern nutzt die Evolution Race Line integrierte Katalysatoren und die Funktionalit\u00e4t der Klappen, um alle Sinne anzusprechen. Das System bietet eine nahezu perfekte Leistungskurve zusammen mit einer ver\u00e4nderten Drehmomentverteilung, die alle darauf ausgelegt sind, bei steigenden Drehzahlen kontinuierlich Leistung zu bringen. Die Verwendung leichtgewichtiger Materialien f\u00fchrt zu gro\u00dfen Gewichtseinsparungen, und mit der Installation der Evolution Race Line wird das Auto wie ein echter Cup-Rennwagen auftreten, mit einem kraftvollen Renn-Sound, der bei jedem Druck auf das Gaspedal mitschwingt und ein tiefes, reines Renn-Knurren erzeugt, das zur Leistung passt.<\/p>\n<p><strong>Das obligatorische Endrohrset TP-T\/S\/19 muss separat bestellt werden. Wenn Sie das Slip-On-System mit dem optionalen Kohlefaser-Diffusor DI-PO\/CA\/7\/G kombinieren, m\u00fcssen Sie das Endrohrset TP-T\/S\/17 verwenden.<\/p>\n<p>F\u00fcr die Montage der Akrapovi\u010d Abgasanlage ist eine zus\u00e4tzliche Porsche-Original-Lagerhalterung (Porsche Art.-Nr. 99111147391) erforderlich. Bitte lesen Sie sich die Anleitung vor der Installation sorgf\u00e4ltig durch.<\/p>\n<p>Bei der Installation optionaler Akrapovic-Nachr\u00fcst-Down Pipes mit oder ohne Sportkatalysator, die nur f\u00fcr die Verwendung auf geschlossenen Strecken bestimmt sind, ist ECU-Remapping vorgeschrieben. Bei Installation einer Akrapovic-Nachr\u00fcst-Aufpuffanlage, die f\u00fcr den Einsatz auf geschlossenen Strecken entwickelt wurde, empfehlen wir ECU-Remapping, um dem etwaigen Anspringen der Motorwarnleuchte vorzubeugen.<br \/>&#65279;<br \/>DIESES PRODUKT ERF\u00dcLLT NICHT DIE EINZUHALTENDEN ABGASNORMEN IM STRASSENGEBRAUCH.<br \/><\/br\/><\/br\/><\/p>\n","protected":false},"excerpt":{"rendered":"<p>Dieses Slip-On Race-System (S-PO\/TI\/8) muss zu einem vollst\u00e4ndigen Akrapovi\u010d Evolution Race Line Abgassystem aufger\u00fcstet werden, indem es mit dem Evolution Header-Set (E-PO\/T\/6\/1) mit seitlichen Schalld\u00e4mpfern und Klappen kombiniert wird. Es ist ganz darauf ausgelegt, die Leistung des Fahrzeugs bei steigenden Drehzahlen zu verbessern. Mit komplexen Teilen aus der eigenen Titan-Gie\u00dferei von Akrapovi\u010d, dem in dieses [&hellip;]<\/p>\n","protected":false},"featured_media":23674,"comment_status":"open","ping_status":"closed","template":"","meta":[],"product_brand":[],"product_cat":[16,20],"product_tag":[],"class_list":{"0":"post-2392","1":"product","2":"type-product","3":"status-publish","4":"has-post-thumbnail","6":"product_cat-akrapovic-auspuffanlagen","7":"product_cat-porsche","9":"first","10":"instock","11":"sale","12":"taxable","13":"shipping-taxable","14":"purchasable","15":"product-type-variable"},"_links":{"self":[{"href":"https:\/\/wagenthaler.com\/shop\/wp-json\/wp\/v2\/product\/2392","targetHints":{"allow":["GET"]}}],"collection":[{"href":"https:\/\/wagenthaler.com\/shop\/wp-json\/wp\/v2\/product"}],"about":[{"href":"https:\/\/wagenthaler.com\/shop\/wp-json\/wp\/v2\/types\/product"}],"replies":[{"embeddable":true,"href":"https:\/\/wagenthaler.com\/shop\/wp-json\/wp\/v2\/comments?post=2392"}],"wp:featuredmedia":[{"embeddable":true,"href":"https:\/\/wagenthaler.com\/shop\/wp-json\/wp\/v2\/media\/23674"}],"wp:attachment":[{"href":"https:\/\/wagenthaler.com\/shop\/wp-json\/wp\/v2\/media?parent=2392"}],"wp:term":[{"taxonomy":"product_brand","embeddable":true,"href":"https:\/\/wagenthaler.com\/shop\/wp-json\/wp\/v2\/product_brand?post=2392"},{"taxonomy":"product_cat","embeddable":true,"href":"https:\/\/wagenthaler.com\/shop\/wp-json\/wp\/v2\/product_cat?post=2392"},{"taxonomy":"product_tag","embeddable":true,"href":"https:\/\/wagenthaler.com\/shop\/wp-json\/wp\/v2\/product_tag?post=2392"}],"curies":[{"name":"wp","href":"https:\/\/api.w.org\/{rel}","templated":true}]}}