{"id":2418,"date":"2026-01-27T03:02:26","date_gmt":"2026-01-27T02:02:26","guid":{"rendered":"https:\/\/shop.wagenthaler.com\/produkt\/import\/"},"modified":"2026-02-05T15:01:00","modified_gmt":"2026-02-05T14:01:00","slug":"akrapovic-slip-on-line-titan-100-cpsi-cats-fuer-porsche-911-turbo-996","status":"publish","type":"product","link":"https:\/\/wagenthaler.com\/shop\/akrapovic-slip-on-line-titan-100-cpsi-cats-fuer-porsche-911-turbo-996\/","title":{"rendered":"Akrapovi\u010d Slip-On Line ((Titan) \/ 100 cpsi cats) f\u00fcr Porsche 911 Turbo (996)"},"content":{"rendered":"<p>Der Porsche 996 Turbo mit seinem 3,6 l Biturbomotor ist der erste wassergek\u00fchlte 911 Turbo von Porsche f\u00fcr die Stra\u00dfe. Mit 420 PS und einem Drehmoment von 580 Nm verf\u00fcgt das Fahrzeug  \u00fcber Fahrleistungen, die damals nur wenige Supersportwagen erreichten. Das von uns entwickelte Titan Aftermarket-Abgassystem mit neuen F\u00e4cherkr\u00fcmmern, 100 cpsi hiflow-Metallkatalysatoren und einem str\u00f6mungsoptimierten Layout des Schalld\u00e4mpfers,  f\u00fchrt nochmals zu einer Erh\u00f6hung der Motorleistung und verbessert das Drehmoment.<br \/>Das hochfeste und ultraleichte Titan, aus dem das Abgassystem hergestellt ist, verringert das Gewicht im Heck, was das Handling, Gewichtsverteilung und Agilit\u00e4t des Fahrzeugs verbessert. Aufgrund des reduzierten Abgasgegendrucks verbessert sich auch das Ansprechverhalten der Turbinen deutlich, der Turbo h\u00e4ngt  besser am Gas und baut den Ladedruck schneller auf. Wichtig war uns auch, das Klangbild zu verbessern. Das Resultat ist ein sonores und f\u00fclligeres Motorenger\u00e4usch welches die sportliche Note des Turbos stark verbessert. <\/p>\n<p>DIESES PRODUKT ERF\u00dcLLT NICHT DIE EINZUHALTENDEN ABGASNORMEN IM STRASSENGEBRAUCH.<\/p>\n","protected":false},"excerpt":{"rendered":"<p>Der Porsche 996 Turbo mit seinem 3,6 l Biturbomotor ist der erste wassergek\u00fchlte 911 Turbo von Porsche f\u00fcr die Stra\u00dfe. Mit 420 PS und einem Drehmoment von 580 Nm verf\u00fcgt das Fahrzeug \u00fcber Fahrleistungen, die damals nur wenige Supersportwagen erreichten. Das von uns entwickelte Titan Aftermarket-Abgassystem mit neuen F\u00e4cherkr\u00fcmmern, 100 cpsi hiflow-Metallkatalysatoren und einem str\u00f6mungsoptimierten [&hellip;]<\/p>\n","protected":false},"featured_media":23651,"comment_status":"open","ping_status":"closed","template":"","meta":[],"product_brand":[],"product_cat":[16,20],"product_tag":[],"class_list":{"0":"post-2418","1":"product","2":"type-product","3":"status-publish","4":"has-post-thumbnail","6":"product_cat-akrapovic-auspuffanlagen","7":"product_cat-porsche","9":"first","10":"instock","11":"taxable","12":"shipping-taxable","13":"purchasable","14":"product-type-simple"},"_links":{"self":[{"href":"https:\/\/wagenthaler.com\/shop\/wp-json\/wp\/v2\/product\/2418","targetHints":{"allow":["GET"]}}],"collection":[{"href":"https:\/\/wagenthaler.com\/shop\/wp-json\/wp\/v2\/product"}],"about":[{"href":"https:\/\/wagenthaler.com\/shop\/wp-json\/wp\/v2\/types\/product"}],"replies":[{"embeddable":true,"href":"https:\/\/wagenthaler.com\/shop\/wp-json\/wp\/v2\/comments?post=2418"}],"wp:featuredmedia":[{"embeddable":true,"href":"https:\/\/wagenthaler.com\/shop\/wp-json\/wp\/v2\/media\/23651"}],"wp:attachment":[{"href":"https:\/\/wagenthaler.com\/shop\/wp-json\/wp\/v2\/media?parent=2418"}],"wp:term":[{"taxonomy":"product_brand","embeddable":true,"href":"https:\/\/wagenthaler.com\/shop\/wp-json\/wp\/v2\/product_brand?post=2418"},{"taxonomy":"product_cat","embeddable":true,"href":"https:\/\/wagenthaler.com\/shop\/wp-json\/wp\/v2\/product_cat?post=2418"},{"taxonomy":"product_tag","embeddable":true,"href":"https:\/\/wagenthaler.com\/shop\/wp-json\/wp\/v2\/product_tag?post=2418"}],"curies":[{"name":"wp","href":"https:\/\/api.w.org\/{rel}","templated":true}]}}