{"id":2448,"date":"2026-01-27T03:03:31","date_gmt":"2026-01-27T02:03:31","guid":{"rendered":"https:\/\/shop.wagenthaler.com\/produkt\/import\/"},"modified":"2026-03-02T03:00:01","modified_gmt":"2026-03-02T02:00:01","slug":"akrapovic-slip-on-line-titan-fuer-porsche-911-turbo-turbo-s-991-2","status":"publish","type":"product","link":"https:\/\/wagenthaler.com\/shop\/akrapovic-slip-on-line-titan-fuer-porsche-911-turbo-turbo-s-991-2\/","title":{"rendered":"Akrapovi\u010d Slip-On Line (Titan) f\u00fcr Porsche 911 Turbo \/ Turbo S (991.2)"},"content":{"rendered":"<p>Die Akrapovi\u010d Slip-On Line f\u00fcr den Porsche 911 Turbo \/ Turbo S (991.2) bildet die erste Stufe im Abgasanlagen-Tuning und hebt das ohnehin schon herausragende Auto auf eine noch h\u00f6here Performance-Stufe. Sie k\u00f6nnen das Slip-On-System durch Titan-Endrohre in Kombination mit einem Kohlefaser-Diffusor in matt oder hochgl\u00e4nzend erg\u00e4nzen.<br \/><\/br\/><\/p>\n","protected":false},"excerpt":{"rendered":"<p>Die Akrapovi\u010d Slip-On Line f\u00fcr den Porsche 911 Turbo \/ Turbo S (991.2) bildet die erste Stufe im Abgasanlagen-Tuning und hebt das ohnehin schon herausragende Auto auf eine noch h\u00f6here Performance-Stufe. Sie k\u00f6nnen das Slip-On-System durch Titan-Endrohre in Kombination mit einem Kohlefaser-Diffusor in matt oder hochgl\u00e4nzend erg\u00e4nzen.<\/p>\n","protected":false},"featured_media":23631,"comment_status":"open","ping_status":"closed","template":"","meta":[],"product_brand":[],"product_cat":[16,20],"product_tag":[],"class_list":{"0":"post-2448","1":"product","2":"type-product","3":"status-publish","4":"has-post-thumbnail","6":"product_cat-akrapovic-auspuffanlagen","7":"product_cat-porsche","9":"first","10":"instock","11":"sale","12":"taxable","13":"shipping-taxable","14":"purchasable","15":"product-type-variable"},"_links":{"self":[{"href":"https:\/\/wagenthaler.com\/shop\/wp-json\/wp\/v2\/product\/2448","targetHints":{"allow":["GET"]}}],"collection":[{"href":"https:\/\/wagenthaler.com\/shop\/wp-json\/wp\/v2\/product"}],"about":[{"href":"https:\/\/wagenthaler.com\/shop\/wp-json\/wp\/v2\/types\/product"}],"replies":[{"embeddable":true,"href":"https:\/\/wagenthaler.com\/shop\/wp-json\/wp\/v2\/comments?post=2448"}],"wp:featuredmedia":[{"embeddable":true,"href":"https:\/\/wagenthaler.com\/shop\/wp-json\/wp\/v2\/media\/23631"}],"wp:attachment":[{"href":"https:\/\/wagenthaler.com\/shop\/wp-json\/wp\/v2\/media?parent=2448"}],"wp:term":[{"taxonomy":"product_brand","embeddable":true,"href":"https:\/\/wagenthaler.com\/shop\/wp-json\/wp\/v2\/product_brand?post=2448"},{"taxonomy":"product_cat","embeddable":true,"href":"https:\/\/wagenthaler.com\/shop\/wp-json\/wp\/v2\/product_cat?post=2448"},{"taxonomy":"product_tag","embeddable":true,"href":"https:\/\/wagenthaler.com\/shop\/wp-json\/wp\/v2\/product_tag?post=2448"}],"curies":[{"name":"wp","href":"https:\/\/api.w.org\/{rel}","templated":true}]}}