{"id":2455,"date":"2026-01-27T03:04:26","date_gmt":"2026-01-27T02:04:26","guid":{"rendered":"https:\/\/shop.wagenthaler.com\/produkt\/akrapovic-l-po-ss-2h-fuer-porsche-911-turbo-turbo-s-991-2\/"},"modified":"2026-01-27T03:04:38","modified_gmt":"2026-01-27T02:04:38","slug":"akrapovic-link-pipe-set-w-cat-edelstahl-fuer-porsche-911-turbo-turbo-s-991-2","status":"publish","type":"product","link":"https:\/\/wagenthaler.com\/shop\/akrapovic-link-pipe-set-w-cat-edelstahl-fuer-porsche-911-turbo-turbo-s-991-2\/","title":{"rendered":"Akrapovi\u010d Link Pipe Set w Cat (Edelstahl) f\u00fcr Porsche 911 Turbo \/ Turbo S (991.2)"},"content":{"rendered":"<p><strong>Die Link pipe set w Cat (SS) wurde zusammen  mit der Slip-On Line (Titan) montiert werden.<br \/><\/br\/><\/strong><\/p>\n<p>Die optionale Erg\u00e4nzung der Slip-On Line besteht aus hochwertigem Edelstahl und verst\u00e4rkt den Sound der Abgasanlage. Die Installation erh\u00f6ht die Leistungsf\u00e4higkeit des Motors und sorgt f\u00fcr eine verbesserte Klangqualit\u00e4t. Die Link Pipes erm\u00f6glichen einen verbesserten Abgasfluss und heben den 911 auf ein noch h\u00f6heres Level.<br \/><\/br\/><\/p>\n<p>Bei der Installation optionaler Akrapovic-Nachr\u00fcst-Down Pipes mit oder ohne Sportkatalysator, die nur f\u00fcr die Verwendung auf geschlossenen Strecken bestimmt sind, ist ECU-Remapping vorgeschrieben. Bei Installation einer Akrapovic-Nachr\u00fcst-Aufpuffanlage, die f\u00fcr den Einsatz auf geschlossenen Strecken entwickelt wurde, empfehlen wir ECU-Remapping, um dem etwaigen Anspringen der Motorwarnleuchte vorzubeugen.<br \/><\/br\/><\/p>\n<p>DIESES PRODUKT ERF\u00dcLLT NICHT DIE EINZUHALTENDEN ABGASNORMEN IM STRASSENGEBRAUCH.<\/p>\n<p><\/br\/><\/p>\n<p><\/br\/><\/p>\n<p><\/br\/><\/p>\n<p><\/br\/><\/p>\n","protected":false},"excerpt":{"rendered":"<p>Die Link pipe set w Cat (SS) wurde zusammen mit der Slip-On Line (Titan) montiert werden. Die optionale Erg\u00e4nzung der Slip-On Line besteht aus hochwertigem Edelstahl und verst\u00e4rkt den Sound der Abgasanlage. Die Installation erh\u00f6ht die Leistungsf\u00e4higkeit des Motors und sorgt f\u00fcr eine verbesserte Klangqualit\u00e4t. Die Link Pipes erm\u00f6glichen einen verbesserten Abgasfluss und heben den [&hellip;]<\/p>\n","protected":false},"featured_media":2456,"comment_status":"open","ping_status":"closed","template":"","meta":[],"product_brand":[],"product_cat":[18,20],"product_tag":[],"class_list":{"0":"post-2455","1":"product","2":"type-product","3":"status-publish","4":"has-post-thumbnail","6":"product_cat-akrapovic-zubehoer","7":"product_cat-porsche","9":"first","10":"outofstock","11":"sale","12":"taxable","13":"shipping-taxable","14":"purchasable","15":"product-type-simple"},"_links":{"self":[{"href":"https:\/\/wagenthaler.com\/shop\/wp-json\/wp\/v2\/product\/2455","targetHints":{"allow":["GET"]}}],"collection":[{"href":"https:\/\/wagenthaler.com\/shop\/wp-json\/wp\/v2\/product"}],"about":[{"href":"https:\/\/wagenthaler.com\/shop\/wp-json\/wp\/v2\/types\/product"}],"replies":[{"embeddable":true,"href":"https:\/\/wagenthaler.com\/shop\/wp-json\/wp\/v2\/comments?post=2455"}],"wp:featuredmedia":[{"embeddable":true,"href":"https:\/\/wagenthaler.com\/shop\/wp-json\/wp\/v2\/media\/2456"}],"wp:attachment":[{"href":"https:\/\/wagenthaler.com\/shop\/wp-json\/wp\/v2\/media?parent=2455"}],"wp:term":[{"taxonomy":"product_brand","embeddable":true,"href":"https:\/\/wagenthaler.com\/shop\/wp-json\/wp\/v2\/product_brand?post=2455"},{"taxonomy":"product_cat","embeddable":true,"href":"https:\/\/wagenthaler.com\/shop\/wp-json\/wp\/v2\/product_cat?post=2455"},{"taxonomy":"product_tag","embeddable":true,"href":"https:\/\/wagenthaler.com\/shop\/wp-json\/wp\/v2\/product_tag?post=2455"}],"curies":[{"name":"wp","href":"https:\/\/api.w.org\/{rel}","templated":true}]}}