{"id":2467,"date":"2026-01-27T03:05:32","date_gmt":"2026-01-27T02:05:32","guid":{"rendered":"https:\/\/shop.wagenthaler.com\/produkt\/import\/"},"modified":"2026-03-01T03:00:02","modified_gmt":"2026-03-01T02:00:02","slug":"akrapovic-slip-on-race-line-titan-fuer-porsche-911-turbo-turbo-s-cabriolet-sport-classic-992","status":"publish","type":"product","link":"https:\/\/wagenthaler.com\/shop\/akrapovic-slip-on-race-line-titan-fuer-porsche-911-turbo-turbo-s-cabriolet-sport-classic-992\/","title":{"rendered":"Akrapovi\u010d Slip-On Race Line (Titan) f\u00fcr Porsche 911 Turbo \/ Turbo S \/ Cabriolet \/ Sport Classic (992)"},"content":{"rendered":"<p>All das Wissen und die Erfahrung, die bei der Arbeit mit verschiedenen Motoren des Stuttgarter Sportwagenherstellers gesammelt wurden, sind in diese herausragende Zubeh\u00f6r-Abgasanlage eingeflossen. Das aus <strong>leichtgewichtigem Titan gefertigte<\/strong> System besteht aus<strong> komplexen Teilen<\/strong>, die mit gro\u00dfer Sorgfalt in der hauseigenen Titangie\u00dferei gefertigt werden, um eine perfekte Akustik zu bieten. Von dem Moment an, in dem der Motor gestartet wird und die Drehzahl steigt, herrscht eine unmittelbare Tiefe und das gilt auch f\u00fcr die Einbeziehung aller Sensoren. Bei niedrigen Drehzahlen erzeugt die Abgasanlage ein tiefes, ikonisches R\u00f6hren des Sechszylinder-Boxers, das sich \u00fcber einen kraftvollen mittleren Drehzahlbereich in eine sensationelle satte, starke und hochfrequente Akustik bei hohen Drehzahlen entwickelt. Es ist perfekt auf das Hochschalten abgestimmt und bietet ein aufregendes Erlebnis beim Einlegen h\u00f6herer G\u00e4nge und ein berauschendes, rennsportinspiriertes Pl\u00e4tschern beim Herunterschalten. Dieser Klang wird durch eine sorgf\u00e4ltig berechnete <strong>H-Verbindung<\/strong> zwischen den Hauptrohren erreicht, die an einer ausgew\u00e4hlten Position pr\u00e4zise verschwei\u00dft ist. Das System wurde f\u00fcr den Einsatz auf Rennstrecken entwickelt, aber es gibt keine Kompromisse beim Komfort, da die Abstimmung des Systems jegliches Dr\u00f6hnen oder unerw\u00fcnschte Str\u00f6mungsger\u00e4usche eliminiert. Die Steigerungen von Leistung und Drehmoment wurden mit 16,6 kW (22,5 PS) und 46,8 Nm bei 3.400 U\/min im Vergleich zu einem Porsche 911 Turbo (992) mit der serienm\u00e4\u00dfigen Porsche-Sportabgasanlage auf dem Akrapovi\u010d Pr\u00fcfstand ermittelt, wobei die Drehmomentkurve bereits ab niedrigen Drehzahlen ein perfektes Ansprechverhalten bietet. Das System hat keine EC\/ECE-Typzulassung.<\/p>\n<p>Tail Pipe Set (Titanium)\u00a0TP-T\/S\/34 or\u00a0TP-T\/S\/33\u00a0&#65279;<\/p>\n<p>muss als verpflichtendes Teil separat bestellt werden.<\/span><\/\/span><\/p>\n<p><strong>Montagehinweis: Das System ist so konzipiert, dass es die Porsche-Sportabgasanlage ersetzt. Wenn Sie die Akrapovi\u010d Abgasanlage an Fahrzeugen ohne Serien-Sportabgasanlage montieren m\u00f6chten, lesen Sie bitte die Montageanleitung oder fordern Sie weitere Informationen bei einem offiziellen Akrapovi\u010d H\u00e4ndler an.<\/strong><\/p>\n<p><strong>System passt auch bei Fahrzeugen mit Ottopartikelfilter (OPF).<\/strong><br \/><\/br\/><\/p>\n<p><strong>DIESES PRODUKT ERF\u00dcLLT NICHT DIE EINZUHALTENDEN ABGASNORMEN IM STRASSENGEBRAUCH<\/p>\n<p><\/br\/><\/br\/><\/p>\n","protected":false},"excerpt":{"rendered":"<p>All das Wissen und die Erfahrung, die bei der Arbeit mit verschiedenen Motoren des Stuttgarter Sportwagenherstellers gesammelt wurden, sind in diese herausragende Zubeh\u00f6r-Abgasanlage eingeflossen. Das aus leichtgewichtigem Titan gefertigte System besteht aus komplexen Teilen, die mit gro\u00dfer Sorgfalt in der hauseigenen Titangie\u00dferei gefertigt werden, um eine perfekte Akustik zu bieten. Von dem Moment an, in [&hellip;]<\/p>\n","protected":false},"featured_media":23626,"comment_status":"open","ping_status":"closed","template":"","meta":[],"product_brand":[],"product_cat":[16,20],"product_tag":[],"class_list":{"0":"post-2467","1":"product","2":"type-product","3":"status-publish","4":"has-post-thumbnail","6":"product_cat-akrapovic-auspuffanlagen","7":"product_cat-porsche","9":"first","10":"onbackorder","11":"sale","12":"taxable","13":"shipping-taxable","14":"purchasable","15":"product-type-variable"},"_links":{"self":[{"href":"https:\/\/wagenthaler.com\/shop\/wp-json\/wp\/v2\/product\/2467","targetHints":{"allow":["GET"]}}],"collection":[{"href":"https:\/\/wagenthaler.com\/shop\/wp-json\/wp\/v2\/product"}],"about":[{"href":"https:\/\/wagenthaler.com\/shop\/wp-json\/wp\/v2\/types\/product"}],"replies":[{"embeddable":true,"href":"https:\/\/wagenthaler.com\/shop\/wp-json\/wp\/v2\/comments?post=2467"}],"wp:featuredmedia":[{"embeddable":true,"href":"https:\/\/wagenthaler.com\/shop\/wp-json\/wp\/v2\/media\/23626"}],"wp:attachment":[{"href":"https:\/\/wagenthaler.com\/shop\/wp-json\/wp\/v2\/media?parent=2467"}],"wp:term":[{"taxonomy":"product_brand","embeddable":true,"href":"https:\/\/wagenthaler.com\/shop\/wp-json\/wp\/v2\/product_brand?post=2467"},{"taxonomy":"product_cat","embeddable":true,"href":"https:\/\/wagenthaler.com\/shop\/wp-json\/wp\/v2\/product_cat?post=2467"},{"taxonomy":"product_tag","embeddable":true,"href":"https:\/\/wagenthaler.com\/shop\/wp-json\/wp\/v2\/product_tag?post=2467"}],"curies":[{"name":"wp","href":"https:\/\/api.w.org\/{rel}","templated":true}]}}