{"id":2471,"date":"2026-01-27T03:05:54","date_gmt":"2026-01-27T02:05:54","guid":{"rendered":"https:\/\/shop.wagenthaler.com\/produkt\/akrapovic-link-pipe-set-w-cat-edelstahl-fuer-porsche-911-turbo-turbo-s-cabriolet-sport-classic-992\/"},"modified":"2026-01-27T03:06:10","modified_gmt":"2026-01-27T02:06:10","slug":"akrapovic-link-pipe-set-w-cat-edelstahl-fuer-porsche-911-turbo-turbo-s-cabriolet-sport-classic-992","status":"publish","type":"product","link":"https:\/\/wagenthaler.com\/shop\/akrapovic-link-pipe-set-w-cat-edelstahl-fuer-porsche-911-turbo-turbo-s-cabriolet-sport-classic-992\/","title":{"rendered":"Akrapovi\u010d Link Pipe Set w Cat (Edelstahl) f\u00fcr Porsche 911 Turbo \/ Turbo S \/ Cabriolet \/ Sport Classic (992)"},"content":{"rendered":"<p>Entwickelt und getestet in Kombination mit der Slip-On Race (Titanium) Abgasanlage, wurde dieses Produkt entworfen, um das Akrapovi\u010d System f\u00fcr weiteres Tuning aufzur\u00fcsten. Das Link Pipe Set liefert vom Moment des Motorstarts an sofort Sch\u00e4rfe und Tiefe. Der <strong>pure Sound<\/strong> wird durch speziell entwickelte Link Pipes mit leistungsstarken 200 CPSI-Katalysatoren erreicht, die die Ottopartikelfilter ersetzen. Beim Fahren bei niedrigen Drehzahlen erf\u00fcllt ein tiefes, raues und ikonisches R\u00f6hren des Sechszylinder-Boxers die Sinne, im kraftvollen Mitteltonbereich entsteht ein sattes, starkes und hochfrequentes akustisches Gef\u00fchl bei hohen Drehzahlen. Es ist ideal geeignet f\u00fcr schnelles Hochschalten, um die aufregende Akustik im n\u00e4chsth\u00f6heren Gang zu erleben, w\u00e4hrend jedes Herunterschalten von scharfem, rennsportinspiriertem Pl\u00e4tschern begleitet wird. Entwickelt f\u00fcr den Einsatz auf Rennstrecken, der Komfort im Cockpit bleibt \u00fcber den gesamten Drehzahlbereich erhalten, ohne Dr\u00f6hnen oder unerw\u00fcnschte Str\u00f6mungsger\u00e4usche.<strong> Leistung und Drehmoment wurden deutlich gesteigert<\/strong>: um 25,2 kW (34,2 PS) und 74,9 Nm bei 3.200 U\/min, gemessen auf dem Akrapovi\u010d Pr\u00fcfstand im Vergleich zu einem Porsche 911 Turbo (992) mit serienm\u00e4\u00dfiger Porsche-Sportabgasanlage. Die erh\u00f6hte Drehmomentkurve bietet ein perfektes Ansprechverhalten schon bei niedrigen Drehzahlen. Diese Abgasanlage ist nicht EC\/ECE-typgepr\u00fcft. Die anpassung der ECU ist erforderlich.<\/p>\n<p><strong>System passt auch bei Fahrzeugen mit Ottopartikelfilter (OPF).<\/strong><\/p>\n<p>DIESES PRODUKT ERF\u00dcLLT NICHT DIE EINZUHALTENDEN ABGASNORMEN IM STRASSENGEBRAUCH<\/p>\n<p><\/br\/><\/p>\n<p><strong>Hinweis zum Einbau:<\/strong><\/p>\n<p>F\u00fcr den Einbau der Akrapovi\u010d Link Pipe Set w Cat (SS) L-PO\/SS\/4 in den Porsche 911 Turbo \/ Turbo S \/ Cabriolet \/ Sport Classic (992) <strong>ohne OPFs\/GPFs<\/strong>, m\u00fcssen das weitere Porsche-Originalteile zugekauft werden:<\/p>\n<p>0PB 145 325 C<br \/>0PB 145 326 C<\/p>\n<p><\/br\/><\/p>\n","protected":false},"excerpt":{"rendered":"<p>Entwickelt und getestet in Kombination mit der Slip-On Race (Titanium) Abgasanlage, wurde dieses Produkt entworfen, um das Akrapovi\u010d System f\u00fcr weiteres Tuning aufzur\u00fcsten. Das Link Pipe Set liefert vom Moment des Motorstarts an sofort Sch\u00e4rfe und Tiefe. Der pure Sound wird durch speziell entwickelte Link Pipes mit leistungsstarken 200 CPSI-Katalysatoren erreicht, die die Ottopartikelfilter ersetzen. [&hellip;]<\/p>\n","protected":false},"featured_media":2472,"comment_status":"open","ping_status":"closed","template":"","meta":[],"product_brand":[],"product_cat":[18,20],"product_tag":[],"class_list":{"0":"post-2471","1":"product","2":"type-product","3":"status-publish","4":"has-post-thumbnail","6":"product_cat-akrapovic-zubehoer","7":"product_cat-porsche","9":"first","10":"instock","11":"sale","12":"taxable","13":"shipping-taxable","14":"purchasable","15":"product-type-simple"},"_links":{"self":[{"href":"https:\/\/wagenthaler.com\/shop\/wp-json\/wp\/v2\/product\/2471","targetHints":{"allow":["GET"]}}],"collection":[{"href":"https:\/\/wagenthaler.com\/shop\/wp-json\/wp\/v2\/product"}],"about":[{"href":"https:\/\/wagenthaler.com\/shop\/wp-json\/wp\/v2\/types\/product"}],"replies":[{"embeddable":true,"href":"https:\/\/wagenthaler.com\/shop\/wp-json\/wp\/v2\/comments?post=2471"}],"wp:featuredmedia":[{"embeddable":true,"href":"https:\/\/wagenthaler.com\/shop\/wp-json\/wp\/v2\/media\/2472"}],"wp:attachment":[{"href":"https:\/\/wagenthaler.com\/shop\/wp-json\/wp\/v2\/media?parent=2471"}],"wp:term":[{"taxonomy":"product_brand","embeddable":true,"href":"https:\/\/wagenthaler.com\/shop\/wp-json\/wp\/v2\/product_brand?post=2471"},{"taxonomy":"product_cat","embeddable":true,"href":"https:\/\/wagenthaler.com\/shop\/wp-json\/wp\/v2\/product_cat?post=2471"},{"taxonomy":"product_tag","embeddable":true,"href":"https:\/\/wagenthaler.com\/shop\/wp-json\/wp\/v2\/product_tag?post=2471"}],"curies":[{"name":"wp","href":"https:\/\/api.w.org\/{rel}","templated":true}]}}