{"id":2477,"date":"2026-01-27T03:06:11","date_gmt":"2026-01-27T02:06:11","guid":{"rendered":"https:\/\/shop.wagenthaler.com\/produkt\/import\/"},"modified":"2026-02-05T14:58:23","modified_gmt":"2026-02-05T13:58:23","slug":"akrapovic-optional-titan-lip-fuer-porsche-911-turbo-turbo-s-cabriolet-sport-classic-992","status":"publish","type":"product","link":"https:\/\/wagenthaler.com\/shop\/akrapovic-optional-titan-lip-fuer-porsche-911-turbo-turbo-s-cabriolet-sport-classic-992\/","title":{"rendered":"Akrapovi\u010d Optional (Titan) Lip f\u00fcr Porsche 911 Turbo \/ Turbo S \/ Cabriolet \/ Sport Classic (992)"},"content":{"rendered":"<p>Dieses optionales Produkt ist aus hochwertigem Titan gefertigt und deckt die serienm\u00e4\u00dfige W\u00e4rmed\u00e4mmung ab, die am Heck des Porsche 911 Turbo (992) sichtbar ist. Die Titan-Lippe folgt den Linien des Fahrzeugs.<br \/><\/br\/><\/p>\n","protected":false},"excerpt":{"rendered":"<p>Dieses optionales Produkt ist aus hochwertigem Titan gefertigt und deckt die serienm\u00e4\u00dfige W\u00e4rmed\u00e4mmung ab, die am Heck des Porsche 911 Turbo (992) sichtbar ist. Die Titan-Lippe folgt den Linien des Fahrzeugs.<\/p>\n","protected":false},"featured_media":23625,"comment_status":"open","ping_status":"closed","template":"","meta":[],"product_brand":[],"product_cat":[16,20],"product_tag":[],"class_list":{"0":"post-2477","1":"product","2":"type-product","3":"status-publish","4":"has-post-thumbnail","6":"product_cat-akrapovic-auspuffanlagen","7":"product_cat-porsche","9":"first","10":"instock","11":"sale","12":"taxable","13":"shipping-taxable","14":"purchasable","15":"product-type-simple"},"_links":{"self":[{"href":"https:\/\/wagenthaler.com\/shop\/wp-json\/wp\/v2\/product\/2477","targetHints":{"allow":["GET"]}}],"collection":[{"href":"https:\/\/wagenthaler.com\/shop\/wp-json\/wp\/v2\/product"}],"about":[{"href":"https:\/\/wagenthaler.com\/shop\/wp-json\/wp\/v2\/types\/product"}],"replies":[{"embeddable":true,"href":"https:\/\/wagenthaler.com\/shop\/wp-json\/wp\/v2\/comments?post=2477"}],"wp:featuredmedia":[{"embeddable":true,"href":"https:\/\/wagenthaler.com\/shop\/wp-json\/wp\/v2\/media\/23625"}],"wp:attachment":[{"href":"https:\/\/wagenthaler.com\/shop\/wp-json\/wp\/v2\/media?parent=2477"}],"wp:term":[{"taxonomy":"product_brand","embeddable":true,"href":"https:\/\/wagenthaler.com\/shop\/wp-json\/wp\/v2\/product_brand?post=2477"},{"taxonomy":"product_cat","embeddable":true,"href":"https:\/\/wagenthaler.com\/shop\/wp-json\/wp\/v2\/product_cat?post=2477"},{"taxonomy":"product_tag","embeddable":true,"href":"https:\/\/wagenthaler.com\/shop\/wp-json\/wp\/v2\/product_tag?post=2477"}],"curies":[{"name":"wp","href":"https:\/\/api.w.org\/{rel}","templated":true}]}}