{"id":2480,"date":"2026-01-27T03:06:17","date_gmt":"2026-01-27T02:06:17","guid":{"rendered":"https:\/\/shop.wagenthaler.com\/produkt\/import\/"},"modified":"2026-01-27T03:06:17","modified_gmt":"2026-01-27T02:06:17","slug":"akrapovic-tail-pipe-set-titan-fuer-porsche-911-turbo-turbo-s-cabriolet-sport-classic-992","status":"publish","type":"product","link":"https:\/\/wagenthaler.com\/shop\/akrapovic-tail-pipe-set-titan-fuer-porsche-911-turbo-turbo-s-cabriolet-sport-classic-992\/","title":{"rendered":"Akrapovi\u010d Tail pipe set (Titan) f\u00fcr Porsche 911 Turbo \/ Turbo S \/ Cabriolet \/ Sport Classic (992)"},"content":{"rendered":"<p>F\u00fcr den sichtbarsten Teil der Abgasanlage stehen zwei verschiedene S\u00e4tze runder <strong>Titan-Endrohre<\/strong> zur Auswahl, die in sandgestrahlter und <strong>beschichteter <\/strong>Ausf\u00fchrung in nat\u00fcrlicher<strong> Titanfarbe oder<\/strong> in Schwarz erh\u00e4ltlich sind. Die Innenseite der Endrohre weist eine dynamische Relieffl\u00e4che auf, die f\u00fcr eine einzigartige optische Wirkung sorgt.<\/p>\n<p><\/br\/><\/p>\n<p><\/br\/><\/p>\n","protected":false},"excerpt":{"rendered":"<p>F\u00fcr den sichtbarsten Teil der Abgasanlage stehen zwei verschiedene S\u00e4tze runder Titan-Endrohre zur Auswahl, die in sandgestrahlter und beschichteter Ausf\u00fchrung in nat\u00fcrlicher Titanfarbe oder in Schwarz erh\u00e4ltlich sind. Die Innenseite der Endrohre weist eine dynamische Relieffl\u00e4che auf, die f\u00fcr eine einzigartige optische Wirkung sorgt.<\/p>\n","protected":false},"featured_media":2473,"comment_status":"open","ping_status":"closed","template":"","meta":[],"product_brand":[],"product_cat":[18,20],"product_tag":[],"class_list":{"0":"post-2480","1":"product","2":"type-product","3":"status-publish","4":"has-post-thumbnail","6":"product_cat-akrapovic-zubehoer","7":"product_cat-porsche","9":"first","10":"outofstock","11":"sale","12":"taxable","13":"shipping-taxable","14":"purchasable","15":"product-type-simple"},"_links":{"self":[{"href":"https:\/\/wagenthaler.com\/shop\/wp-json\/wp\/v2\/product\/2480","targetHints":{"allow":["GET"]}}],"collection":[{"href":"https:\/\/wagenthaler.com\/shop\/wp-json\/wp\/v2\/product"}],"about":[{"href":"https:\/\/wagenthaler.com\/shop\/wp-json\/wp\/v2\/types\/product"}],"replies":[{"embeddable":true,"href":"https:\/\/wagenthaler.com\/shop\/wp-json\/wp\/v2\/comments?post=2480"}],"wp:featuredmedia":[{"embeddable":true,"href":"https:\/\/wagenthaler.com\/shop\/wp-json\/wp\/v2\/media\/2473"}],"wp:attachment":[{"href":"https:\/\/wagenthaler.com\/shop\/wp-json\/wp\/v2\/media?parent=2480"}],"wp:term":[{"taxonomy":"product_brand","embeddable":true,"href":"https:\/\/wagenthaler.com\/shop\/wp-json\/wp\/v2\/product_brand?post=2480"},{"taxonomy":"product_cat","embeddable":true,"href":"https:\/\/wagenthaler.com\/shop\/wp-json\/wp\/v2\/product_cat?post=2480"},{"taxonomy":"product_tag","embeddable":true,"href":"https:\/\/wagenthaler.com\/shop\/wp-json\/wp\/v2\/product_tag?post=2480"}],"curies":[{"name":"wp","href":"https:\/\/api.w.org\/{rel}","templated":true}]}}