{"id":2481,"date":"2026-01-27T03:06:18","date_gmt":"2026-01-27T02:06:18","guid":{"rendered":"https:\/\/shop.wagenthaler.com\/produkt\/import\/"},"modified":"2026-01-27T03:06:27","modified_gmt":"2026-01-27T02:06:27","slug":"akrapovic-tail-pipe-set-titan-black-fuer-porsche-911-turbo-turbo-s-cabriolet-sport-classic-992","status":"publish","type":"product","link":"https:\/\/wagenthaler.com\/shop\/akrapovic-tail-pipe-set-titan-black-fuer-porsche-911-turbo-turbo-s-cabriolet-sport-classic-992\/","title":{"rendered":"Akrapovi\u010d Tail pipe set (Titan) &#8211; Black f\u00fcr Porsche 911 Turbo \/ Turbo S \/ Cabriolet \/ Sport Classic (992)"},"content":{"rendered":"<p>F\u00fcr den sichtbarsten Teil der Abgasanlage stehen zwei verschiedene S\u00e4tze runder <\/p>\n<p><strong>Titan-Endrohre <\/strong><\/p>\n<p>zur Auswahl, die in sandgestrahlter und <\/p>\n<p><strong>beschichteter <\/strong><\/p>\n<p>Ausf\u00fchrung in nat\u00fcrlicher Titanfarbe oder in <\/p>\n<p><strong>Schwarz erh\u00e4ltlich sind<\/strong><\/p>\n<p>. Die Innenseite der Endrohre weist eine dynamische Relieffl\u00e4che auf, die f\u00fcr eine einzigartige optische Wirkung sorgt.<\/p>\n<p><\/br\/><\/p>\n<p><\/br\/><\/p>\n","protected":false},"excerpt":{"rendered":"<p>F\u00fcr den sichtbarsten Teil der Abgasanlage stehen zwei verschiedene S\u00e4tze runder Titan-Endrohre zur Auswahl, die in sandgestrahlter und beschichteter Ausf\u00fchrung in nat\u00fcrlicher Titanfarbe oder in Schwarz erh\u00e4ltlich sind . Die Innenseite der Endrohre weist eine dynamische Relieffl\u00e4che auf, die f\u00fcr eine einzigartige optische Wirkung sorgt.<\/p>\n","protected":false},"featured_media":2475,"comment_status":"open","ping_status":"closed","template":"","meta":[],"product_brand":[],"product_cat":[18,20],"product_tag":[],"class_list":{"0":"post-2481","1":"product","2":"type-product","3":"status-publish","4":"has-post-thumbnail","6":"product_cat-akrapovic-zubehoer","7":"product_cat-porsche","9":"first","10":"outofstock","11":"sale","12":"taxable","13":"shipping-taxable","14":"purchasable","15":"product-type-simple"},"_links":{"self":[{"href":"https:\/\/wagenthaler.com\/shop\/wp-json\/wp\/v2\/product\/2481","targetHints":{"allow":["GET"]}}],"collection":[{"href":"https:\/\/wagenthaler.com\/shop\/wp-json\/wp\/v2\/product"}],"about":[{"href":"https:\/\/wagenthaler.com\/shop\/wp-json\/wp\/v2\/types\/product"}],"replies":[{"embeddable":true,"href":"https:\/\/wagenthaler.com\/shop\/wp-json\/wp\/v2\/comments?post=2481"}],"wp:featuredmedia":[{"embeddable":true,"href":"https:\/\/wagenthaler.com\/shop\/wp-json\/wp\/v2\/media\/2475"}],"wp:attachment":[{"href":"https:\/\/wagenthaler.com\/shop\/wp-json\/wp\/v2\/media?parent=2481"}],"wp:term":[{"taxonomy":"product_brand","embeddable":true,"href":"https:\/\/wagenthaler.com\/shop\/wp-json\/wp\/v2\/product_brand?post=2481"},{"taxonomy":"product_cat","embeddable":true,"href":"https:\/\/wagenthaler.com\/shop\/wp-json\/wp\/v2\/product_cat?post=2481"},{"taxonomy":"product_tag","embeddable":true,"href":"https:\/\/wagenthaler.com\/shop\/wp-json\/wp\/v2\/product_tag?post=2481"}],"curies":[{"name":"wp","href":"https:\/\/api.w.org\/{rel}","templated":true}]}}