{"id":2491,"date":"2026-01-27T03:06:36","date_gmt":"2026-01-27T02:06:36","guid":{"rendered":"https:\/\/shop.wagenthaler.com\/produkt\/akrapovic-l-po991t-2-fuer-porsche-911-turbo-turbo-s-991\/"},"modified":"2026-01-27T03:06:47","modified_gmt":"2026-01-27T02:06:47","slug":"akrapovic-link-pipe-set-w-o-cat-titan-fuer-porsche-911-turbo-turbo-s-991","status":"publish","type":"product","link":"https:\/\/wagenthaler.com\/shop\/akrapovic-link-pipe-set-w-o-cat-titan-fuer-porsche-911-turbo-turbo-s-991\/","title":{"rendered":"Akrapovi\u010d Link-Pipe Set w\/o Cat (Titan) f\u00fcr Porsche 911 Turbo\/Turbo S (991)"},"content":{"rendered":"<p>Die n\u00e4chste Stufe von Akrapovi\u010d f\u00fcr den Porsche 911 Turbo \/ Turbo S ist das optionale Link-Pipe-Set aus Titan ohne Katalysatoren, das mit einer Beschichtung \u00fcberzogen ist, um eine gr\u00f6\u00dfere Haltbarkeit ohne eine \u00c4nderung des Looks zu gew\u00e4hrleisten. Dank ihres Designs gew\u00e4hrleisten sie den bestm\u00f6glichen Abgasfluss, zudem f\u00fchren sie in Kombination mit der Slip-On Line zu einer gro\u00dfen <strong>Gewichtsersparnis<\/strong> gegen\u00fcber der Serienanlage. So wird die Leistung gesteigert und dem Auto ein sportlicher <strong>Racing-Sound<\/strong> verliehen. Die Link Pipes ohne Katalysator sind ein leicht zu installierendes Performance-Upgrade und sorgen f\u00fcr noch mehr Tuning-M\u00f6glichkeiten f\u00fcr dieses fantastische Fahrzeug. Optional ist die Delete-R Einheit erh\u00e4ltlich, die entworfen wurde, um bei der Verwendung mit den Standard-ECU-Einstellungen des Fahrzeuges durch den verbesserten Abgasfluss m\u00f6gliche Fehler-Codes in der Motorkontrolle zu vermeiden.<\/p>\n<p>Bitte beachten Sie: Beim Einbau der nachr\u00fcstbaren Akrapovi\u010d Link-Pipes ohne\u00a0Katalysator, die ausschlie\u00dflich f\u00fcr den Einsatz auf der geschlossenen Rennstrecke entwickelt wurden, ist ein Remapping der ECU unbedingt erforderlich. <\/p>\n<p>\u00a0<\/p>\n<p>DIESES PRODUKT ERF\u00dcLLT NICHT DIE EINZUHALTENDEN ABGASNORMEN IM STRASSENGEBRAUCH.<\/p>\n","protected":false},"excerpt":{"rendered":"<p>Die n\u00e4chste Stufe von Akrapovi\u010d f\u00fcr den Porsche 911 Turbo \/ Turbo S ist das optionale Link-Pipe-Set aus Titan ohne Katalysatoren, das mit einer Beschichtung \u00fcberzogen ist, um eine gr\u00f6\u00dfere Haltbarkeit ohne eine \u00c4nderung des Looks zu gew\u00e4hrleisten. Dank ihres Designs gew\u00e4hrleisten sie den bestm\u00f6glichen Abgasfluss, zudem f\u00fchren sie in Kombination mit der Slip-On Line [&hellip;]<\/p>\n","protected":false},"featured_media":2492,"comment_status":"open","ping_status":"closed","template":"","meta":[],"product_brand":[],"product_cat":[18,20],"product_tag":[],"class_list":{"0":"post-2491","1":"product","2":"type-product","3":"status-publish","4":"has-post-thumbnail","6":"product_cat-akrapovic-zubehoer","7":"product_cat-porsche","9":"first","10":"outofstock","11":"sale","12":"taxable","13":"shipping-taxable","14":"purchasable","15":"product-type-simple"},"_links":{"self":[{"href":"https:\/\/wagenthaler.com\/shop\/wp-json\/wp\/v2\/product\/2491","targetHints":{"allow":["GET"]}}],"collection":[{"href":"https:\/\/wagenthaler.com\/shop\/wp-json\/wp\/v2\/product"}],"about":[{"href":"https:\/\/wagenthaler.com\/shop\/wp-json\/wp\/v2\/types\/product"}],"replies":[{"embeddable":true,"href":"https:\/\/wagenthaler.com\/shop\/wp-json\/wp\/v2\/comments?post=2491"}],"wp:featuredmedia":[{"embeddable":true,"href":"https:\/\/wagenthaler.com\/shop\/wp-json\/wp\/v2\/media\/2492"}],"wp:attachment":[{"href":"https:\/\/wagenthaler.com\/shop\/wp-json\/wp\/v2\/media?parent=2491"}],"wp:term":[{"taxonomy":"product_brand","embeddable":true,"href":"https:\/\/wagenthaler.com\/shop\/wp-json\/wp\/v2\/product_brand?post=2491"},{"taxonomy":"product_cat","embeddable":true,"href":"https:\/\/wagenthaler.com\/shop\/wp-json\/wp\/v2\/product_cat?post=2491"},{"taxonomy":"product_tag","embeddable":true,"href":"https:\/\/wagenthaler.com\/shop\/wp-json\/wp\/v2\/product_tag?post=2491"}],"curies":[{"name":"wp","href":"https:\/\/api.w.org\/{rel}","templated":true}]}}