{"id":2494,"date":"2026-01-27T03:06:38","date_gmt":"2026-01-27T02:06:38","guid":{"rendered":"https:\/\/shop.wagenthaler.com\/produkt\/akrapovic-di-po-ca-2-fuer-porsche-911-turbo-turbo-s-991\/"},"modified":"2026-01-27T03:06:48","modified_gmt":"2026-01-27T02:06:48","slug":"akrapovic-rear-carbon-fibre-diffuser-fuer-porsche-911-turbo-turbo-s-991","status":"publish","type":"product","link":"https:\/\/wagenthaler.com\/shop\/akrapovic-rear-carbon-fibre-diffuser-fuer-porsche-911-turbo-turbo-s-991\/","title":{"rendered":"Akrapovi\u010d Rear Carbon Fibre Diffuser f\u00fcr Porsche 911 Turbo\/Turbo S (991)"},"content":{"rendered":"<p>Ein mit einer Akrapovi\u010d Abgasanlage ausgestatteter Porsche Turbo \/ Turbo S kann au\u00dferdem noch zus\u00e4tzlich mit einem handgefertigten Karbon-Heckdiffusor aufgewertet werden. <strong>Exklusiv<\/strong> f\u00fcr dieses Auto entworfen, verleiht dieser atemberaubende handgefertigte Diffusor der Heckpartie des Fahrzeuges einen noch attraktiveren Look und l\u00e4sst die Endrohre des Akrapovi\u010d Slip-On Line Systems in ihrer vollen Gr\u00f6\u00dfe sichtbar werden.<\/p>\n","protected":false},"excerpt":{"rendered":"<p>Ein mit einer Akrapovi\u010d Abgasanlage ausgestatteter Porsche Turbo \/ Turbo S kann au\u00dferdem noch zus\u00e4tzlich mit einem handgefertigten Karbon-Heckdiffusor aufgewertet werden. Exklusiv f\u00fcr dieses Auto entworfen, verleiht dieser atemberaubende handgefertigte Diffusor der Heckpartie des Fahrzeuges einen noch attraktiveren Look und l\u00e4sst die Endrohre des Akrapovi\u010d Slip-On Line Systems in ihrer vollen Gr\u00f6\u00dfe sichtbar werden.<\/p>\n","protected":false},"featured_media":2495,"comment_status":"open","ping_status":"closed","template":"","meta":[],"product_brand":[],"product_cat":[18,20],"product_tag":[],"class_list":{"0":"post-2494","1":"product","2":"type-product","3":"status-publish","4":"has-post-thumbnail","6":"product_cat-akrapovic-zubehoer","7":"product_cat-porsche","9":"first","10":"outofstock","11":"sale","12":"taxable","13":"shipping-taxable","14":"purchasable","15":"product-type-simple"},"_links":{"self":[{"href":"https:\/\/wagenthaler.com\/shop\/wp-json\/wp\/v2\/product\/2494","targetHints":{"allow":["GET"]}}],"collection":[{"href":"https:\/\/wagenthaler.com\/shop\/wp-json\/wp\/v2\/product"}],"about":[{"href":"https:\/\/wagenthaler.com\/shop\/wp-json\/wp\/v2\/types\/product"}],"replies":[{"embeddable":true,"href":"https:\/\/wagenthaler.com\/shop\/wp-json\/wp\/v2\/comments?post=2494"}],"wp:featuredmedia":[{"embeddable":true,"href":"https:\/\/wagenthaler.com\/shop\/wp-json\/wp\/v2\/media\/2495"}],"wp:attachment":[{"href":"https:\/\/wagenthaler.com\/shop\/wp-json\/wp\/v2\/media?parent=2494"}],"wp:term":[{"taxonomy":"product_brand","embeddable":true,"href":"https:\/\/wagenthaler.com\/shop\/wp-json\/wp\/v2\/product_brand?post=2494"},{"taxonomy":"product_cat","embeddable":true,"href":"https:\/\/wagenthaler.com\/shop\/wp-json\/wp\/v2\/product_cat?post=2494"},{"taxonomy":"product_tag","embeddable":true,"href":"https:\/\/wagenthaler.com\/shop\/wp-json\/wp\/v2\/product_tag?post=2494"}],"curies":[{"name":"wp","href":"https:\/\/api.w.org\/{rel}","templated":true}]}}