{"id":2501,"date":"2026-01-27T03:06:49","date_gmt":"2026-01-27T02:06:49","guid":{"rendered":"https:\/\/shop.wagenthaler.com\/produkt\/import\/"},"modified":"2026-02-05T14:58:05","modified_gmt":"2026-02-05T13:58:05","slug":"akrapovic-slip-on-line-titan-fuer-porsche-911-turbo-turbo-s-997-fl","status":"publish","type":"product","link":"https:\/\/wagenthaler.com\/shop\/akrapovic-slip-on-line-titan-fuer-porsche-911-turbo-turbo-s-997-fl\/","title":{"rendered":"Akrapovi\u010d Slip-On Line (Titan) f\u00fcr Porsche 911 Turbo\/Turbo S (997 FL)"},"content":{"rendered":"<p>Wir beginnen mit unserem sehr leichten Mittelschalld\u00e4mpfer aus unserer eigenen Titanlegierung. Die Ersetzung des serienm\u00e4\u00dfigen Mittelschalld\u00e4mpfers allein verringert das Gewicht im Wagenheck. Zu jedem Mittelschalld\u00e4mpfer-Kit geh\u00f6ren sehr sch\u00f6ne handgefertigte Carbonfaser-Bumper-Inserts in Luftfahrtqualit\u00e4t mit integrierten Titanendrohren.  Durch ein durchdachtes Design ist es uns gelungen, ein System zu produzieren, das einen tiefen und aggressiven Sound hat, ohne bei normaler Fahrt unangenehm oder penetrant zu klingen.  Die n\u00e4chste Option ist die Ersetzung der originalen Link Pipes durch die optional erh\u00e4ltliche Akrapovic-Variante aus Titan mit integrierten High-Flow-Katalysatoren.  Um die Leistung \u00fcber die Grenze von 500 PS hinaus zu steigern, muss die ECU umprogrammiert werden.  Bei Installation optionaler Akrapovic-Nachr\u00fcst-Downpipes mit Sportkatalysator, die nur f\u00fcr die Verwendung auf geschlossenen Strecken bestimmt sind, ist ECU-Remapping vorgeschrieben. Bei Installation einer Akrapovic-Nachr\u00fcst-Aufpuffanlage, die f\u00fcr den Einsatz auf geschlossenen Strecken entwickelt wurde, empfehlen wir ECU.Remapping, um dem etwaigen Anspringen der Motorwarnleuchte vorzubeugen.<\/p>\n","protected":false},"excerpt":{"rendered":"<p>Wir beginnen mit unserem sehr leichten Mittelschalld\u00e4mpfer aus unserer eigenen Titanlegierung. Die Ersetzung des serienm\u00e4\u00dfigen Mittelschalld\u00e4mpfers allein verringert das Gewicht im Wagenheck. Zu jedem Mittelschalld\u00e4mpfer-Kit geh\u00f6ren sehr sch\u00f6ne handgefertigte Carbonfaser-Bumper-Inserts in Luftfahrtqualit\u00e4t mit integrierten Titanendrohren. Durch ein durchdachtes Design ist es uns gelungen, ein System zu produzieren, das einen tiefen und aggressiven Sound hat, ohne [&hellip;]<\/p>\n","protected":false},"featured_media":23614,"comment_status":"open","ping_status":"closed","template":"","meta":[],"product_brand":[],"product_cat":[16,20],"product_tag":[],"class_list":{"0":"post-2501","1":"product","2":"type-product","3":"status-publish","4":"has-post-thumbnail","6":"product_cat-akrapovic-auspuffanlagen","7":"product_cat-porsche","9":"first","10":"instock","11":"taxable","12":"shipping-taxable","13":"purchasable","14":"product-type-simple"},"_links":{"self":[{"href":"https:\/\/wagenthaler.com\/shop\/wp-json\/wp\/v2\/product\/2501","targetHints":{"allow":["GET"]}}],"collection":[{"href":"https:\/\/wagenthaler.com\/shop\/wp-json\/wp\/v2\/product"}],"about":[{"href":"https:\/\/wagenthaler.com\/shop\/wp-json\/wp\/v2\/types\/product"}],"replies":[{"embeddable":true,"href":"https:\/\/wagenthaler.com\/shop\/wp-json\/wp\/v2\/comments?post=2501"}],"wp:featuredmedia":[{"embeddable":true,"href":"https:\/\/wagenthaler.com\/shop\/wp-json\/wp\/v2\/media\/23614"}],"wp:attachment":[{"href":"https:\/\/wagenthaler.com\/shop\/wp-json\/wp\/v2\/media?parent=2501"}],"wp:term":[{"taxonomy":"product_brand","embeddable":true,"href":"https:\/\/wagenthaler.com\/shop\/wp-json\/wp\/v2\/product_brand?post=2501"},{"taxonomy":"product_cat","embeddable":true,"href":"https:\/\/wagenthaler.com\/shop\/wp-json\/wp\/v2\/product_cat?post=2501"},{"taxonomy":"product_tag","embeddable":true,"href":"https:\/\/wagenthaler.com\/shop\/wp-json\/wp\/v2\/product_tag?post=2501"}],"curies":[{"name":"wp","href":"https:\/\/api.w.org\/{rel}","templated":true}]}}