{"id":2505,"date":"2026-01-27T03:06:56","date_gmt":"2026-01-27T02:06:56","guid":{"rendered":"https:\/\/shop.wagenthaler.com\/produkt\/import\/"},"modified":"2026-01-27T03:07:01","modified_gmt":"2026-01-27T02:07:01","slug":"akrapovic-link-pipe-set-200-cpsi-kat-fuer-porsche-911-turbo-turbo-s-997-fl","status":"publish","type":"product","link":"https:\/\/wagenthaler.com\/shop\/akrapovic-link-pipe-set-200-cpsi-kat-fuer-porsche-911-turbo-turbo-s-997-fl\/","title":{"rendered":"Akrapovi\u010d Link pipe set (200 cpsi Kat) f\u00fcr Porsche 911 Turbo\/Turbo S (997 FL)"},"content":{"rendered":"<p>Eine weitere M\u00f6glichkeit ist es, die Serien-Link Pipes durch die\u00a0<strong>Akrapovic\u00a0<\/strong>Variante aus\u00a0<strong>Titan\u00a0<\/strong>zu ersetzen und zudem 200-cpsi-High-Flow-Katalysatoren zu verwenden. Kombiniert mit unserem Titan-Mittelschalld\u00e4mpfer  reduzieren die Link Pipes das Gewicht gegen\u00fcber der Serienausstattung um 8 kg.<\/p>\n<p>Bei der Installation optionaler Akrapovic-Nachr\u00fcst-Down Pipes mit oder ohne Sportkatalysator, die nur f\u00fcr die Verwendung auf geschlossenen Strecken bestimmt sind, ist ECU-Remapping vorgeschrieben. Bei Installation einer Akrapovic-Nachr\u00fcst-Aufpuffanlage, die f\u00fcr den Einsatz auf geschlossenen Strecken entwickelt wurde, empfehlen wir ECU-Remapping, um dem etwaigen Anspringen der Motorwarnleuchte vorzubeugen.<\/p>\n<p>DIESES PRODUKT ERF\u00dcLLT NICHT DIE EINZUHALTENDEN ABGASNORMEN IM STRASSENGEBRAUCH.<\/p>\n","protected":false},"excerpt":{"rendered":"<p>Eine weitere M\u00f6glichkeit ist es, die Serien-Link Pipes durch die\u00a0Akrapovic\u00a0Variante aus\u00a0Titan\u00a0zu ersetzen und zudem 200-cpsi-High-Flow-Katalysatoren zu verwenden. Kombiniert mit unserem Titan-Mittelschalld\u00e4mpfer reduzieren die Link Pipes das Gewicht gegen\u00fcber der Serienausstattung um 8 kg. Bei der Installation optionaler Akrapovic-Nachr\u00fcst-Down Pipes mit oder ohne Sportkatalysator, die nur f\u00fcr die Verwendung auf geschlossenen Strecken bestimmt sind, ist ECU-Remapping [&hellip;]<\/p>\n","protected":false},"featured_media":2506,"comment_status":"open","ping_status":"closed","template":"","meta":[],"product_brand":[],"product_cat":[18,20],"product_tag":[],"class_list":{"0":"post-2505","1":"product","2":"type-product","3":"status-publish","4":"has-post-thumbnail","6":"product_cat-akrapovic-zubehoer","7":"product_cat-porsche","9":"first","10":"instock","11":"taxable","12":"shipping-taxable","13":"purchasable","14":"product-type-simple"},"_links":{"self":[{"href":"https:\/\/wagenthaler.com\/shop\/wp-json\/wp\/v2\/product\/2505","targetHints":{"allow":["GET"]}}],"collection":[{"href":"https:\/\/wagenthaler.com\/shop\/wp-json\/wp\/v2\/product"}],"about":[{"href":"https:\/\/wagenthaler.com\/shop\/wp-json\/wp\/v2\/types\/product"}],"replies":[{"embeddable":true,"href":"https:\/\/wagenthaler.com\/shop\/wp-json\/wp\/v2\/comments?post=2505"}],"wp:featuredmedia":[{"embeddable":true,"href":"https:\/\/wagenthaler.com\/shop\/wp-json\/wp\/v2\/media\/2506"}],"wp:attachment":[{"href":"https:\/\/wagenthaler.com\/shop\/wp-json\/wp\/v2\/media?parent=2505"}],"wp:term":[{"taxonomy":"product_brand","embeddable":true,"href":"https:\/\/wagenthaler.com\/shop\/wp-json\/wp\/v2\/product_brand?post=2505"},{"taxonomy":"product_cat","embeddable":true,"href":"https:\/\/wagenthaler.com\/shop\/wp-json\/wp\/v2\/product_cat?post=2505"},{"taxonomy":"product_tag","embeddable":true,"href":"https:\/\/wagenthaler.com\/shop\/wp-json\/wp\/v2\/product_tag?post=2505"}],"curies":[{"name":"wp","href":"https:\/\/api.w.org\/{rel}","templated":true}]}}